{"id":104,"date":"2017-05-26T16:30:55","date_gmt":"2017-05-26T14:30:55","guid":{"rendered":"http:\/\/vouzan.fr\/?page_id=104"},"modified":"2023-12-08T20:43:41","modified_gmt":"2023-12-08T19:43:41","slug":"lecole","status":"publish","type":"page","link":"https:\/\/vouzan.fr\/index.php\/lecole\/","title":{"rendered":"L&rsquo;\u00e9cole"},"content":{"rendered":"<span itemprop=\"description\"><h4>RPI (<strong>R<\/strong>egroupement <strong>P<\/strong>\u00e9dagogique <strong>I<\/strong>ntercommunal)<\/h4>\n<p>La commune de Vouzan est constitu\u00e9e en RPI avec\u00a0 la commune de Sers<\/p>\n<h4>Classes de cours \u00e9l\u00e9mentaire et cours moyen<\/h4>\n<p>Les classes de CE1, CE2, CM1 et CM2 sont situ\u00e9es \u00e0\u00a0Vouzan.<b><br \/>\n<\/b>Direction : Christelle Durand, classe CE1 et CE2<br \/>\nInstitutrice : Sarah Seguin, classe CE2 et CM1<br \/>\nInstituteur : Fabien Dupret, classe CM1 et CM2<\/p>\n<p>Coordonn\u00e9es : 25 rue de la Mairie &#8211; 16410 VOUZAN &#8211;\u00a0 T\u00e9l : 05 45 24 96 88<\/p>\n<h4>Classes de maternelle et cours pr\u00e9paratoire<\/h4>\n<p>Les sections de Maternelle et le CP sont enseign\u00e9s \u00e0 Sers.<br \/>\nDirection : Emilie Jossand.<\/p>\n<p>Coordonn\u00e9es : Le bourg &#8211; 16410 SERS &#8211; T\u00e9l : 05 45 24 96 07<\/p>\n<h4>Transport<\/h4>\n<p>Les enfants sont achemin\u00e9s d&rsquo;un site \u00e0 l&rsquo;autre par une navette scolaire.<\/p>\n<h4>SIVOS<\/h4>\n<div>Pour am\u00e9liorer le fonctionnement du RPI Sers-Vouzan, il a \u00e9t\u00e9 cr\u00e9e le SIVOS (Syndicat intercommunal \u00e0 vocation scolaire).<\/div>\n<div>Pr\u00e9sidence : M. Lionel Mah\u00e9rault (pr\u00e9sident), Brigitte Brocheton (vice-pr\u00e9sidente).<\/div>\n<div>Coordonn\u00e9es : Mairie de Sers 16410 SERS &#8211; T\u00e8l : 05 45 24 91 10<\/div>\n<span>","protected":false},"excerpt":{"rendered":"<p class=\"excerpt\"><span itemprop=\"description\">RPI (Regroupement P\u00e9dagogique Intercommunal) La commune de Vouzan est constitu\u00e9e en RPI avec\u00a0 la commune de Sers Classes de cours \u00e9l\u00e9mentaire et cours moyen Les classes de CE1, CE2, CM1 et CM2 sont situ\u00e9es \u00e0\u00a0Vouzan. Direction : Christelle Durand, classe CE1 et CE2 Institutrice :&hellip;<\/span><\/p>\n<p class=\"more-link-p btn-align-center\"><a class=\"turq zoom-btn\" href=\"https:\/\/vouzan.fr\/index.php\/lecole\/\">Lire la suite&#8230;<\/a><\/p>\n","protected":false},"author":1,"featured_media":0,"parent":0,"menu_order":0,"comment_status":"closed","ping_status":"closed","template":"","meta":{"_crdt_document":"","footnotes":""},"class_list":["post-104","page","type-page","status-publish","hentry","zoom-theme-has-thumb"],"_links":{"self":[{"href":"https:\/\/vouzan.fr\/index.php\/wp-json\/wp\/v2\/pages\/104","targetHints":{"allow":["GET"]}}],"collection":[{"href":"https:\/\/vouzan.fr\/index.php\/wp-json\/wp\/v2\/pages"}],"about":[{"href":"https:\/\/vouzan.fr\/index.php\/wp-json\/wp\/v2\/types\/page"}],"author":[{"embeddable":true,"href":"https:\/\/vouzan.fr\/index.php\/wp-json\/wp\/v2\/users\/1"}],"replies":[{"embeddable":true,"href":"https:\/\/vouzan.fr\/index.php\/wp-json\/wp\/v2\/comments?post=104"}],"version-history":[{"count":15,"href":"https:\/\/vouzan.fr\/index.php\/wp-json\/wp\/v2\/pages\/104\/revisions"}],"predecessor-version":[{"id":4540,"href":"https:\/\/vouzan.fr\/index.php\/wp-json\/wp\/v2\/pages\/104\/revisions\/4540"}],"wp:attachment":[{"href":"https:\/\/vouzan.fr\/index.php\/wp-json\/wp\/v2\/media?parent=104"}],"curies":[{"name":"wp","href":"https:\/\/api.w.org\/{rel}","templated":true}]}}