{"id":108,"date":"2017-05-26T16:30:56","date_gmt":"2017-05-26T14:30:56","guid":{"rendered":"http:\/\/vouzan.fr\/?page_id=108"},"modified":"2021-02-19T20:51:11","modified_gmt":"2021-02-19T19:51:11","slug":"le-sivos","status":"publish","type":"page","link":"https:\/\/vouzan.fr\/index.php\/le-sivos\/","title":{"rendered":"Le SIVOS"},"content":{"rendered":"<span itemprop=\"description\"><p>Dans le cadre du Regroupement P\u00e9dagogique Intercommunal (RPI) SERS-VOUZAN, le SIVOS, Syndicat Intercommunal \u00e0 Vocation Scolaire des bois de la bergerie SERS-VOUZAN assure le fonctionnement d&rsquo;une unit\u00e9 p\u00e9dagogique \u00e0 classes dispers\u00e9es.<\/p>\n<h3>Composition des membres du SIVOS<\/h3>\n<p>Les conseils municipaux des Communes de SERS &amp; VOUZAN ont d\u00e9sign\u00e9 cinq d\u00e9l\u00e9gu\u00e9(e)s titulaires et un(e) d\u00e9l\u00e9gu\u00e9(e) suppl\u00e9ant(e).<br \/>\nLe bureau est compos\u00e9 de dix membres avec un pr\u00e9sident Monsieur Lionel Mah\u00e9rault et une vice-pr\u00e9sidente Madame Brigitte Brocheton<\/p>\n<h3>Missions<\/h3>\n<ul>\n<li>Assurer le fonctionnement d&rsquo;un service de garderie matin et soir<\/li>\n<li>Assurer le fonctionnement des classes maternelles et primaires<\/li>\n<li>Assurer l&rsquo;accompagnement dans la navette entre les \u00e9coles de SERS et VOUZAN<\/li>\n<li>Assurer l&rsquo;accueil des enfants pour le service minimum d&rsquo;accueil<\/li>\n<\/ul>\n<h3>Garderie<\/h3>\n<p>La garderie intercommunale situ\u00e9e \u00e0 l\u2019\u00e9cole de SERS est ouverte le matin de 7h00 \u00e0 8h45 et le soir de 16h45 \u00e0 18h45.<\/p>\n<p><a href=\"https:\/\/vouzan.fr\/wp-content\/uploads\/2021\/02\/Reglement-garderie-2020-2021.pdf\">T\u00e9l\u00e9charger le r\u00e8glement de la garderie 2020-2021<\/a><\/p>\n<p>Le soir, \u00e0 la fin des heures d\u2019enseignement\u00a0:<\/p>\n<ul>\n<li>La commune de VOUZAN propose un service gratuit de surveillance des enfants de 16h00 \u00e0 16h30<\/li>\n<li>La commune de SERS propose un service gratuit de surveillance des enfants de 16h15 \u00e0 16h45<\/li>\n<\/ul>\n<h3>Navette<\/h3>\n<p>La navette scolaire est gratuite entre les \u00e9coles de SERS et VOUZAN<\/p>\n<p>Le matin :<\/p>\n<ul>\n<li>D\u00e9part de l\u2019\u00e9cole de SERS en direction de l\u2019\u00e9cole de VOUZAN : 8h15<\/li>\n<li>D\u00e9part de l\u2019\u00e9cole de VOUZAN en direction de l\u2019\u00e9cole de SERS : 8h30<\/li>\n<\/ul>\n<p>Le soir :<\/p>\n<ul>\n<li>D\u00e9part de l\u2019\u00e9cole de SERS en direction de l\u2019\u00e9cole de VOUZAN : 16h15<\/li>\n<li>D\u00e9part de l\u2019\u00e9cole de VOUZAN en direction de l\u2019\u00e9cole de SERS : 16h30<\/li>\n<\/ul>\n<h3>Coordonn\u00e9es<\/h3>\n<p>Mairie de Sers 16410 SERS \u2013 T\u00e8l : 05 45 24 91 10<\/p>\n<p>&nbsp;<\/p>\n<span>","protected":false},"excerpt":{"rendered":"<p class=\"excerpt\"><span itemprop=\"description\">Dans le cadre du Regroupement P\u00e9dagogique Intercommunal (RPI) SERS-VOUZAN, le SIVOS, Syndicat Intercommunal \u00e0 Vocation Scolaire des bois de la bergerie SERS-VOUZAN assure le fonctionnement d&rsquo;une unit\u00e9 p\u00e9dagogique \u00e0 classes dispers\u00e9es. Composition des membres du SIVOS Les conseils municipaux des Communes de SERS &amp; VOUZAN&hellip;<\/span><\/p>\n<p class=\"more-link-p btn-align-center\"><a class=\"turq zoom-btn\" href=\"https:\/\/vouzan.fr\/index.php\/le-sivos\/\">Lire la suite&#8230;<\/a><\/p>\n","protected":false},"author":1,"featured_media":0,"parent":0,"menu_order":0,"comment_status":"closed","ping_status":"closed","template":"","meta":{"_crdt_document":"","footnotes":""},"class_list":["post-108","page","type-page","status-publish","hentry","zoom-theme-has-thumb"],"_links":{"self":[{"href":"https:\/\/vouzan.fr\/index.php\/wp-json\/wp\/v2\/pages\/108","targetHints":{"allow":["GET"]}}],"collection":[{"href":"https:\/\/vouzan.fr\/index.php\/wp-json\/wp\/v2\/pages"}],"about":[{"href":"https:\/\/vouzan.fr\/index.php\/wp-json\/wp\/v2\/types\/page"}],"author":[{"embeddable":true,"href":"https:\/\/vouzan.fr\/index.php\/wp-json\/wp\/v2\/users\/1"}],"replies":[{"embeddable":true,"href":"https:\/\/vouzan.fr\/index.php\/wp-json\/wp\/v2\/comments?post=108"}],"version-history":[{"count":9,"href":"https:\/\/vouzan.fr\/index.php\/wp-json\/wp\/v2\/pages\/108\/revisions"}],"predecessor-version":[{"id":3789,"href":"https:\/\/vouzan.fr\/index.php\/wp-json\/wp\/v2\/pages\/108\/revisions\/3789"}],"wp:attachment":[{"href":"https:\/\/vouzan.fr\/index.php\/wp-json\/wp\/v2\/media?parent=108"}],"curies":[{"name":"wp","href":"https:\/\/api.w.org\/{rel}","templated":true}]}}