{"id":124,"date":"2017-05-26T16:40:46","date_gmt":"2017-05-26T14:40:46","guid":{"rendered":"http:\/\/vouzan.fr\/?page_id=124"},"modified":"2022-11-06T12:11:02","modified_gmt":"2022-11-06T11:11:02","slug":"ordures-menageres","status":"publish","type":"page","link":"https:\/\/vouzan.fr\/index.php\/ordures-menageres\/","title":{"rendered":"Gestion des d\u00e9chets"},"content":{"rendered":"<span itemprop=\"description\"><h1>Gestion des d\u00e9chets<\/h1>\n<p>Pour pr\u00e9senter une belle image de la commune et par soucis d&rsquo;hygi\u00e8ne, merci de sortir vos sacs au plus t\u00f4t la veille au soir du jour de ramassage.<\/p>\n<p><span style=\"font-size: medium;\">&#8211;<\/span><span style=\"font-size: medium;\"> Le ramassage des sacs noirs a lieu le MERCREDI <\/span><span style=\"font-size: medium;\"><span style=\"font-size: small;\"><i> (\u00e0 compter de 5 heures)<\/i><\/span><i><\/i><\/span><i><\/i><span style=\"font-size: medium;\"><span style=\"font-size: small;\"><i>.<br \/>\n&#8211; <\/i><\/span><\/span><span style=\"font-size: medium;\">Le ramassage des sacs jaunes a lieu le JEUDI des semaines paires<span style=\"font-size: small;\"><i> (\u00e0 compter de 5 heures)<\/i><\/span><br \/>\n<\/span><i><\/i><\/p>\n<p>Important : Si la semaine comprend un jour f\u00e9ri\u00e9, le ramassage est d\u00e9cal\u00e9 de 24 heures.<\/p>\n<p><span style=\"font-size: medium;\">Pour voir votre planning annuel de ramassage des ordures m\u00e9nag\u00e8res et tri s\u00e9lectif,\u00a0 clique<\/span>z <a href=\"http:\/\/www.pluspropremaville.fr\/recherche\/\" target=\"_blank\" rel=\"noopener noreferrer\">ICI<\/a><\/p>\n<h2>Recyclage du verre<\/h2>\n<p><span style=\"font-size: medium;\">Des conteneurs \u00e0 verre sont disponibles aux endroits suivants :<\/span><\/p>\n<ul>\n<li><span style=\"font-size: medium;\">Parking du p\u00f4le m\u00e9dical pluridisciplinaire\u00a0<\/span><\/li>\n<li><span style=\"font-size: medium;\">Matignon<\/span><\/li>\n<li><span style=\"font-size: medium;\">Mirande<\/span><\/li>\n<li><span style=\"font-size: medium;\">Maine-Gaubrun<\/span><\/li>\n<\/ul>\n<span>","protected":false},"excerpt":{"rendered":"<p class=\"excerpt\"><span itemprop=\"description\">Gestion des d\u00e9chets Pour pr\u00e9senter une belle image de la commune et par soucis d&rsquo;hygi\u00e8ne, merci de sortir vos sacs au plus t\u00f4t la veille au soir du jour de ramassage. &#8211; Le ramassage des sacs noirs a lieu le MERCREDI (\u00e0 compter de 5&hellip;<\/span><\/p>\n<p class=\"more-link-p btn-align-center\"><a class=\"turq zoom-btn\" href=\"https:\/\/vouzan.fr\/index.php\/ordures-menageres\/\">Lire la suite&#8230;<\/a><\/p>\n","protected":false},"author":1,"featured_media":0,"parent":0,"menu_order":0,"comment_status":"closed","ping_status":"closed","template":"","meta":{"_crdt_document":"","footnotes":""},"class_list":["post-124","page","type-page","status-publish","hentry","zoom-theme-has-thumb"],"_links":{"self":[{"href":"https:\/\/vouzan.fr\/index.php\/wp-json\/wp\/v2\/pages\/124","targetHints":{"allow":["GET"]}}],"collection":[{"href":"https:\/\/vouzan.fr\/index.php\/wp-json\/wp\/v2\/pages"}],"about":[{"href":"https:\/\/vouzan.fr\/index.php\/wp-json\/wp\/v2\/types\/page"}],"author":[{"embeddable":true,"href":"https:\/\/vouzan.fr\/index.php\/wp-json\/wp\/v2\/users\/1"}],"replies":[{"embeddable":true,"href":"https:\/\/vouzan.fr\/index.php\/wp-json\/wp\/v2\/comments?post=124"}],"version-history":[{"count":19,"href":"https:\/\/vouzan.fr\/index.php\/wp-json\/wp\/v2\/pages\/124\/revisions"}],"predecessor-version":[{"id":4221,"href":"https:\/\/vouzan.fr\/index.php\/wp-json\/wp\/v2\/pages\/124\/revisions\/4221"}],"wp:attachment":[{"href":"https:\/\/vouzan.fr\/index.php\/wp-json\/wp\/v2\/media?parent=124"}],"curies":[{"name":"wp","href":"https:\/\/api.w.org\/{rel}","templated":true}]}}