{"id":1328,"date":"2017-08-17T15:45:39","date_gmt":"2017-08-17T13:45:39","guid":{"rendered":"http:\/\/vouzan.fr\/?page_id=1328"},"modified":"2022-01-03T13:25:36","modified_gmt":"2022-01-03T12:25:36","slug":"aaaa","status":"publish","type":"page","link":"https:\/\/vouzan.fr\/index.php\/aaaa\/","title":{"rendered":"Location de salle"},"content":{"rendered":"<span itemprop=\"description\"><p>La commune propose deux salles \u00e0 la location : La salle des f\u00eates (Grande salle avec ou sans cuisine) et la salle de r\u00e9union du p\u00f4le technique. Les r\u00e9servations s&rsquo;effectuent via le site internet et ne sont confirm\u00e9es qu&rsquo;une fois la <a href=\"http:\/\/vouzan.fr\/wp-content\/uploads\/2017\/08\/Convention-de-location-des-salles.pdf\">convention de location de salle<\/a> sign\u00e9e et la caution d\u00e9pos\u00e9es en Mairie.<\/p>\n<p>Afin de rendre plus accessible la location des salles au plus grand nombre des Vouzanais, le conseil municipal a vot\u00e9 le 21 novembre 2018 une baisse des tarifs de location. Ces nouveaux tarifs tiennent compte de la saison et prennent en compte le c\u00f4ut du chauffage :<\/p>\n<table width=\"799\" cellspacing=\"0\" cellpadding=\"9\">\n<colgroup>\n<col width=\"246\" \/>\n<col width=\"90\" \/>\n<col width=\"92\" \/>\n<col width=\"90\" \/>\n<col width=\"85\" \/>\n<col width=\"86\" \/> <\/colgroup>\n<tbody>\n<tr>\n<td style=\"background: #adc5e7;\" bgcolor=\"#adc5e7\" width=\"246\" height=\"9\"><\/td>\n<td style=\"background: #adc5e7 none repeat scroll 0% 0%; text-align: center;\" colspan=\"2\" bgcolor=\"#adc5e7\" width=\"200\"><strong><span style=\"color: #000000; font-size: 10pt;\"><span style=\"font-family: Arial, serif;\">Commune<\/span><\/span><\/strong><\/td>\n<td style=\"background: #adc5e7 none repeat scroll 0% 0%; text-align: center;\" colspan=\"2\" bgcolor=\"#adc5e7\" width=\"193\"><strong><span style=\"color: #000000; font-size: 10pt;\"><span style=\"font-family: Arial, serif;\">Hors-commune<\/span><\/span><\/strong><\/td>\n<td style=\"background: #adc5e7 none repeat scroll 0% 0%; text-align: center;\" bgcolor=\"#adc5e7\" width=\"86\"><strong><span style=\"font-size: 10pt;\">Arrhes<\/span><\/strong><\/td>\n<\/tr>\n<tr>\n<td style=\"background: #dddddd;\" bgcolor=\"#dddddd\" width=\"246\" height=\"14\"><\/td>\n<td style=\"background: #ffffff;\" bgcolor=\"#ffffff\" width=\"90\">\n<p class=\"western\" lang=\"zxx\" align=\"center\"><span style=\"color: #000000;\"><span style=\"font-family: Arial, serif;\"><span style=\"font-size: small;\">Journ\u00e9e<\/span><\/span><\/span><\/p>\n<\/td>\n<td style=\"background: #ffffff;\" bgcolor=\"#ffffff\" width=\"92\">\n<p class=\"western\" lang=\"zxx\" align=\"center\"><span style=\"color: #000000;\"><span style=\"font-family: Arial, serif;\"><span style=\"font-size: small;\">Week-End<\/span><\/span><\/span><\/p>\n<\/td>\n<td style=\"background: #ffffff;\" bgcolor=\"#ffffff\" width=\"90\">\n<p class=\"western\" lang=\"zxx\" align=\"center\"><span style=\"color: #000000;\"><span style=\"font-family: Arial, serif;\"><span style=\"font-size: small;\">Journ\u00e9e<\/span><\/span><\/span><\/p>\n<\/td>\n<td style=\"background: #ffffff;\" bgcolor=\"#ffffff\" width=\"85\">\n<p class=\"western\" lang=\"zxx\" align=\"center\"><span style=\"color: #000000;\"><span style=\"font-family: Arial, serif;\"><span style=\"font-size: small;\">Week-End<\/span><\/span><\/span><\/p>\n<\/td>\n<td style=\"background: #ffffff;\" bgcolor=\"#ffffff\" width=\"86\">\n<p class=\"western\" lang=\"zxx\" align=\"center\"><span style=\"color: #000000;\"><span style=\"font-family: Arial, serif;\"><span style=\"font-size: small;\">Arrhes<\/span><\/span><\/span><\/p>\n<\/td>\n<\/tr>\n<tr>\n<td style=\"background: #dddddd;\" bgcolor=\"#dddddd\" width=\"246\">\n<p class=\"western\" lang=\"zxx\" align=\"left\"><span style=\"color: #000000;\"><span style=\"font-family: Arial, serif;\"><span style=\"font-size: small;\">Grande Salle compris Cuisine et Bar \u2013 P\u00e9riode estivale (<\/span><\/span><span style=\"font-family: Arial, serif;\"><span style=\"font-size: small;\">m<\/span><\/span><span style=\"font-family: Arial, serif;\"><span style=\"font-size: small;\">ai \u00e0 <\/span><\/span><span style=\"font-family: Arial, serif;\"><span style=\"font-size: small;\">s<\/span><\/span><span style=\"font-family: Arial, serif;\"><span style=\"font-size: small;\">ept<\/span><\/span><span style=\"font-family: Arial, serif;\"><span style=\"font-size: small;\">embre<\/span><\/span><span style=\"font-family: Arial, serif;\"><span style=\"font-size: small;\">)<\/span><\/span><\/span><\/p>\n<\/td>\n<td style=\"background: #ffffff;\" bgcolor=\"#ffffff\" width=\"90\">\n<p class=\"western\" lang=\"zxx\" align=\"center\"><span style=\"color: #000000;\"><span style=\"font-family: Arial, serif;\"><span style=\"font-size: small;\">120 \u20ac<\/span><\/span><\/span><\/p>\n<\/td>\n<td style=\"background: #ffffff;\" bgcolor=\"#ffffff\" width=\"92\">\n<p class=\"western\" lang=\"zxx\" align=\"center\"><span style=\"color: #000000;\"><span style=\"font-family: Arial, serif;\"><span style=\"font-size: small;\">160 \u20ac<\/span><\/span><\/span><\/p>\n<\/td>\n<td style=\"background: #ffffff;\" bgcolor=\"#ffffff\" width=\"90\">\n<p class=\"western\" lang=\"zxx\" align=\"center\"><span style=\"color: #000000;\"><span style=\"font-family: Arial, serif;\"><span style=\"font-size: small;\">150 \u20ac<\/span><\/span><\/span><\/p>\n<\/td>\n<td style=\"background: #ffffff;\" bgcolor=\"#ffffff\" width=\"85\">\n<p class=\"western\" lang=\"zxx\" align=\"center\"><span style=\"color: #000000;\"><span style=\"font-family: Arial, serif;\"><span style=\"font-size: small;\">200 \u20ac<\/span><\/span><\/span><\/p>\n<\/td>\n<td style=\"background: #ffffff;\" bgcolor=\"#ffffff\" width=\"86\">\n<p class=\"western\" lang=\"zxx\" align=\"center\"><span style=\"color: #000000;\"><span style=\"font-family: Arial, serif;\"><span style=\"font-size: small;\">40 \u20ac<\/span><\/span><\/span><\/p>\n<\/td>\n<\/tr>\n<tr>\n<td style=\"background: #dddddd;\" bgcolor=\"#dddddd\" width=\"246\">\n<p class=\"western\" lang=\"zxx\" align=\"left\"><span style=\"color: #000000;\"><span style=\"font-family: Arial, serif;\"><span style=\"font-size: small;\">Grande Salle <\/span><\/span><span style=\"font-family: Arial, serif;\"><span style=\"font-size: small;\">y <\/span><\/span><span style=\"font-family: Arial, serif;\"><span style=\"font-size: small;\">compris Cuisine et Bar \u2013 P\u00e9riode hivernale (<\/span><\/span><span style=\"font-family: Arial, serif;\"><span style=\"font-size: small;\">c<\/span><\/span><span style=\"font-family: Arial, serif;\"><span style=\"font-size: small;\">ct<\/span><\/span><span style=\"font-family: Arial, serif;\"><span style=\"font-size: small;\">obre<\/span><\/span><span style=\"font-family: Arial, serif;\"><span style=\"font-size: small;\"> \u00e0 <\/span><\/span><span style=\"font-family: Arial, serif;\"><span style=\"font-size: small;\">a<\/span><\/span><span style=\"font-family: Arial, serif;\"><span style=\"font-size: small;\">vril)<\/span><\/span><\/span><\/p>\n<\/td>\n<td style=\"background: #ffffff;\" bgcolor=\"#ffffff\" width=\"90\">\n<p class=\"western\" lang=\"zxx\" align=\"center\"><span style=\"color: #000000;\"><span style=\"font-family: Arial, serif;\"><span style=\"font-size: small;\">150 \u20ac<\/span><\/span><\/span><\/p>\n<\/td>\n<td style=\"background: #ffffff;\" bgcolor=\"#ffffff\" width=\"92\">\n<p class=\"western\" lang=\"zxx\" align=\"center\"><span style=\"color: #000000;\"><span style=\"font-family: Arial, serif;\"><span style=\"font-size: small;\">220 \u20ac<\/span><\/span><\/span><\/p>\n<\/td>\n<td style=\"background: #ffffff;\" bgcolor=\"#ffffff\" width=\"90\">\n<p class=\"western\" lang=\"zxx\" align=\"center\"><span style=\"color: #000000;\"><span style=\"font-family: Arial, serif;\"><span style=\"font-size: small;\">180 \u20ac<\/span><\/span><\/span><\/p>\n<\/td>\n<td style=\"background: #ffffff;\" bgcolor=\"#ffffff\" width=\"85\">\n<p class=\"western\" lang=\"zxx\" align=\"center\"><span style=\"color: #000000;\"><span style=\"font-family: Arial, serif;\"><span style=\"font-size: small;\">260 \u20ac<\/span><\/span><\/span><\/p>\n<\/td>\n<td style=\"background: #ffffff;\" bgcolor=\"#ffffff\" width=\"86\">\n<p class=\"western\" lang=\"zxx\" align=\"center\"><span style=\"color: #000000;\"><span style=\"font-family: Arial, serif;\"><span style=\"font-size: small;\">40 \u20ac<\/span><\/span><\/span><\/p>\n<\/td>\n<\/tr>\n<tr>\n<td style=\"background: #dddddd;\" bgcolor=\"#dddddd\" width=\"246\" height=\"20\">\n<p class=\"western\" lang=\"zxx\" align=\"left\"><span style=\"color: #000000;\"><span style=\"font-family: Arial, serif;\"><span style=\"font-size: small;\">Grande Salle y compris Bar \u2013 P\u00e9riode estivale (<\/span><\/span><span style=\"font-family: Arial, serif;\"><span style=\"font-size: small;\">m<\/span><\/span><span style=\"font-family: Arial, serif;\"><span style=\"font-size: small;\">ai \u00e0 <\/span><\/span><span style=\"font-family: Arial, serif;\"><span style=\"font-size: small;\">s<\/span><\/span><span style=\"font-family: Arial, serif;\"><span style=\"font-size: small;\">ept)<\/span><\/span><\/span><\/p>\n<\/td>\n<td style=\"background: #ffffff;\" bgcolor=\"#ffffff\" width=\"90\">\n<p class=\"western\" lang=\"zxx\" align=\"center\"><span style=\"color: #000000;\"><span style=\"font-family: Arial, serif;\"><span style=\"font-size: small;\">100 \u20ac<\/span><\/span><\/span><\/p>\n<\/td>\n<td style=\"background: #ffffff;\" bgcolor=\"#ffffff\" width=\"92\">\n<p class=\"western\" lang=\"zxx\" align=\"center\"><span style=\"color: #000000;\"><span style=\"font-family: Arial, serif;\"><span style=\"font-size: small;\">140 \u20ac<\/span><\/span><\/span><\/p>\n<\/td>\n<td style=\"background: #ffffff;\" bgcolor=\"#ffffff\" width=\"90\">\n<p class=\"western\" lang=\"zxx\" align=\"center\"><span style=\"color: #000000;\"><span style=\"font-family: Arial, serif;\"><span style=\"font-size: small;\">130 \u20ac<\/span><\/span><\/span><\/p>\n<\/td>\n<td style=\"background: #ffffff;\" bgcolor=\"#ffffff\" width=\"85\">\n<p class=\"western\" lang=\"zxx\" align=\"center\"><span style=\"color: #000000;\"><span style=\"font-family: Arial, serif;\"><span style=\"font-size: small;\">180 \u20ac<\/span><\/span><\/span><\/p>\n<\/td>\n<td style=\"background: #ffffff;\" bgcolor=\"#ffffff\" width=\"86\">\n<p class=\"western\" lang=\"zxx\" align=\"center\"><span style=\"color: #000000;\"><span style=\"font-family: Arial, serif;\"><span style=\"font-size: small;\">40 \u20ac<\/span><\/span><\/span><\/p>\n<\/td>\n<\/tr>\n<tr>\n<td style=\"background: #dddddd;\" bgcolor=\"#dddddd\" width=\"246\" height=\"20\">\n<p class=\"western\" lang=\"zxx\" align=\"left\"><span style=\"color: #000000;\"><span style=\"font-family: Arial, serif;\"><span style=\"font-size: small;\">Grande Salle compris Bar \u2013 P\u00e9riode hivernale (<\/span><\/span><span style=\"font-family: Arial, serif;\"><span style=\"font-size: small;\">o<\/span><\/span><span style=\"font-family: Arial, serif;\"><span style=\"font-size: small;\">ct. \u00e0 <\/span><\/span><span style=\"font-family: Arial, serif;\"><span style=\"font-size: small;\">a<\/span><\/span><span style=\"font-family: Arial, serif;\"><span style=\"font-size: small;\">vril)<\/span><\/span><\/span><\/p>\n<\/td>\n<td style=\"background: #ffffff;\" bgcolor=\"#ffffff\" width=\"90\">\n<p class=\"western\" lang=\"zxx\" align=\"center\"><span style=\"color: #000000;\"><span style=\"font-family: Arial, serif;\"><span style=\"font-size: small;\">130 \u20ac<\/span><\/span><\/span><\/p>\n<\/td>\n<td style=\"background: #ffffff;\" bgcolor=\"#ffffff\" width=\"92\">\n<p class=\"western\" lang=\"zxx\" align=\"center\"><span style=\"color: #000000;\"><span style=\"font-family: Arial, serif;\"><span style=\"font-size: small;\">200 \u20ac<\/span><\/span><\/span><\/p>\n<\/td>\n<td style=\"background: #ffffff;\" bgcolor=\"#ffffff\" width=\"90\">\n<p class=\"western\" lang=\"zxx\" align=\"center\"><span style=\"color: #000000;\"><span style=\"font-family: Arial, serif;\"><span style=\"font-size: small;\">160 \u20ac<\/span><\/span><\/span><\/p>\n<\/td>\n<td style=\"background: #ffffff;\" bgcolor=\"#ffffff\" width=\"85\">\n<p class=\"western\" lang=\"zxx\" align=\"center\"><span style=\"color: #000000;\"><span style=\"font-family: Arial, serif;\"><span style=\"font-size: small;\">240 \u20ac<\/span><\/span><\/span><\/p>\n<\/td>\n<td style=\"background: #ffffff;\" bgcolor=\"#ffffff\" width=\"86\">\n<p class=\"western\" lang=\"zxx\" align=\"center\"><span style=\"color: #000000;\"><span style=\"font-family: Arial, serif;\"><span style=\"font-size: small;\">40 \u20ac<\/span><\/span><\/span><\/p>\n<\/td>\n<\/tr>\n<tr>\n<td style=\"background: #dddddd;\" bgcolor=\"#dddddd\" width=\"246\" height=\"8\">\n<p class=\"western\" lang=\"zxx\" align=\"left\"><span style=\"color: #000000;\"><span style=\"font-family: Arial, serif;\"><span style=\"font-size: small;\">Cuisine seule<\/span><\/span><\/span><\/p>\n<\/td>\n<td style=\"background: #ffffff;\" bgcolor=\"#ffffff\" width=\"90\">\n<p class=\"western\" lang=\"zxx\" align=\"center\"><span style=\"color: #000000;\"><span style=\"font-family: Arial, serif;\"><span style=\"font-size: small;\">50 \u20ac<\/span><\/span><\/span><\/p>\n<\/td>\n<td style=\"background: #ffffff;\" bgcolor=\"#ffffff\" width=\"92\">\n<p class=\"western\" lang=\"zxx\" align=\"center\"><span style=\"color: #000000;\"><span style=\"font-family: Arial, serif;\"><span style=\"font-size: small;\">80 \u20ac<\/span><\/span><\/span><\/p>\n<\/td>\n<td style=\"background: #ffffff;\" bgcolor=\"#ffffff\" width=\"90\">\n<p class=\"western\" lang=\"zxx\" align=\"center\"><span style=\"color: #000000;\"><span style=\"font-family: Arial, serif;\"><span style=\"font-size: small;\">65 <\/span><\/span><span style=\"font-family: Arial, serif;\"><span style=\"font-size: small;\">\u20ac<\/span><\/span><\/span><\/p>\n<\/td>\n<td style=\"background: #ffffff;\" bgcolor=\"#ffffff\" width=\"85\">\n<p class=\"western\" lang=\"zxx\" align=\"center\"><span style=\"color: #000000;\"><span style=\"font-family: Arial, serif;\"><span style=\"font-size: small;\">100 \u20ac<\/span><\/span><\/span><\/p>\n<\/td>\n<td style=\"background: #ffffff;\" bgcolor=\"#ffffff\" width=\"86\">\n<p class=\"western\" lang=\"zxx\" align=\"center\"><span style=\"color: #000000;\"><span style=\"font-family: Arial, serif;\"><span style=\"font-size: small;\">20 \u20ac<\/span><\/span><\/span><\/p>\n<\/td>\n<\/tr>\n<tr>\n<td style=\"background: #dddddd;\" bgcolor=\"#dddddd\" width=\"246\" height=\"29\">\n<p class=\"western\" lang=\"zxx\" align=\"left\"><span style=\"color: #000000;\"><span style=\"font-family: Arial, serif;\"><span style=\"font-size: small;\">Bar seul \u2013 P\u00e9riode estivale (<\/span><\/span><span style=\"font-family: Arial, serif;\"><span style=\"font-size: small;\">m<\/span><\/span><span style=\"font-family: Arial, serif;\"><span style=\"font-size: small;\">ai \u00e0 <\/span><\/span><span style=\"font-family: Arial, serif;\"><span style=\"font-size: small;\">s<\/span><\/span><span style=\"font-family: Arial, serif;\"><span style=\"font-size: small;\">ept<\/span><\/span><span style=\"font-family: Arial, serif;\"><span style=\"font-size: small;\">embre<\/span><\/span><span style=\"font-family: Arial, serif;\"><span style=\"font-size: small;\">)<\/span><\/span><\/span><\/p>\n<\/td>\n<td style=\"background: #ffffff;\" bgcolor=\"#ffffff\" width=\"90\">\n<p class=\"western\" lang=\"zxx\" align=\"center\"><span style=\"color: #000000;\"><span style=\"font-family: Arial, serif;\"><span style=\"font-size: small;\">50 \u20ac<\/span><\/span><\/span><\/p>\n<\/td>\n<td style=\"background: #ffffff;\" bgcolor=\"#ffffff\" width=\"92\">\n<p class=\"western\" lang=\"zxx\" align=\"center\"><span style=\"color: #000000;\"><span style=\"font-family: Arial, serif;\"><span style=\"font-size: small;\">80 \u20ac<\/span><\/span><\/span><\/p>\n<\/td>\n<td style=\"background: #ffffff;\" bgcolor=\"#ffffff\" width=\"90\">\n<p class=\"western\" lang=\"zxx\" align=\"center\"><span style=\"color: #000000;\"><span style=\"font-family: Arial, serif;\"><span style=\"font-size: small;\">65 \u20ac<\/span><\/span><\/span><\/p>\n<\/td>\n<td style=\"background: #ffffff;\" bgcolor=\"#ffffff\" width=\"85\">\n<p class=\"western\" lang=\"zxx\" align=\"center\"><span style=\"color: #000000;\"><span style=\"font-family: Arial, serif;\"><span style=\"font-size: small;\">100 \u20ac<\/span><\/span><\/span><\/p>\n<\/td>\n<td style=\"background: #ffffff;\" bgcolor=\"#ffffff\" width=\"86\">\n<p class=\"western\" lang=\"zxx\" align=\"center\"><span style=\"color: #000000;\"><span style=\"font-family: Arial, serif;\"><span style=\"font-size: small;\">20 \u20ac<\/span><\/span><\/span><\/p>\n<\/td>\n<\/tr>\n<\/tbody>\n<\/table>\n<p style=\"text-align: justify;\" align=\"center\">L&rsquo;entr\u00e9e principale de la salle donne sur un bar \u00e9quip\u00e9 de r\u00e9frig\u00e9rateurs, \u00e9vier et point d&rsquo;eau.<\/p>\n<p style=\"text-align: justify;\" align=\"center\">La salle, spacieuse et chaleureuse, permet d&rsquo;installer 200 convives assis. Elle dispose d&rsquo;une estrade.<\/p>\n<p style=\"text-align: justify;\" align=\"center\">La cuisine, spacieuse dispose d&rsquo;un piano, d&rsquo;un grand four, d&rsquo;un r\u00e9frig\u00e9rateur, d&rsquo;un cong\u00e9lateur et d&rsquo;une chambre froide. Le principe de la marche en avant est respect\u00e9 pour emp\u00eacher le croisement des aliments avec la vaisselle sale. Il n&rsquo;y a pas d&rsquo;ustensiles de cuisine.<\/p>\n<p style=\"text-align: justify;\" align=\"center\">Pour les locations au week-end, la remise des cl\u00e9s s&rsquo;effectue le vendredi \u00e0 18 heures, la reprise le lundi \u00e0 8 heures.<\/p>\n<p style=\"text-align: justify;\" align=\"center\">Pour les locations \u00e0 la journ\u00e9e en semaine, la remise des cl\u00e9s s&rsquo;effectue la veille \u00e0 18 heures, la reprise le lendemain \u00e0 8 heures.<\/p>\n<p style=\"text-align: justify;\" align=\"center\">Le nettoyage et le rangement du mat\u00e9riel\u00a0 (mobilier, vaisselle&#8230;) est \u00e0 la charge du locataire.<\/p>\n<p style=\"text-align: justify;\">Pour r\u00e9server la grande salle et prendre connaissances des conditions g\u00e9n\u00e9rales, rendez-vous \u00e0 la Mairie<\/p>\n<span>","protected":false},"excerpt":{"rendered":"<p class=\"excerpt\"><span itemprop=\"description\">La commune propose deux salles \u00e0 la location : La salle des f\u00eates (Grande salle avec ou sans cuisine) et la salle de r\u00e9union du p\u00f4le technique. Les r\u00e9servations s&rsquo;effectuent via le site internet et ne sont confirm\u00e9es qu&rsquo;une fois la convention de location de&hellip;<\/span><\/p>\n<p class=\"more-link-p btn-align-center\"><a class=\"turq zoom-btn\" href=\"https:\/\/vouzan.fr\/index.php\/aaaa\/\">Lire la suite&#8230;<\/a><\/p>\n","protected":false},"author":1,"featured_media":0,"parent":0,"menu_order":0,"comment_status":"closed","ping_status":"closed","template":"","meta":{"_crdt_document":"","footnotes":""},"class_list":["post-1328","page","type-page","status-publish","hentry","zoom-theme-has-thumb"],"_links":{"self":[{"href":"https:\/\/vouzan.fr\/index.php\/wp-json\/wp\/v2\/pages\/1328","targetHints":{"allow":["GET"]}}],"collection":[{"href":"https:\/\/vouzan.fr\/index.php\/wp-json\/wp\/v2\/pages"}],"about":[{"href":"https:\/\/vouzan.fr\/index.php\/wp-json\/wp\/v2\/types\/page"}],"author":[{"embeddable":true,"href":"https:\/\/vouzan.fr\/index.php\/wp-json\/wp\/v2\/users\/1"}],"replies":[{"embeddable":true,"href":"https:\/\/vouzan.fr\/index.php\/wp-json\/wp\/v2\/comments?post=1328"}],"version-history":[{"count":30,"href":"https:\/\/vouzan.fr\/index.php\/wp-json\/wp\/v2\/pages\/1328\/revisions"}],"predecessor-version":[{"id":3992,"href":"https:\/\/vouzan.fr\/index.php\/wp-json\/wp\/v2\/pages\/1328\/revisions\/3992"}],"wp:attachment":[{"href":"https:\/\/vouzan.fr\/index.php\/wp-json\/wp\/v2\/media?parent=1328"}],"curies":[{"name":"wp","href":"https:\/\/api.w.org\/{rel}","templated":true}]}}