{"id":2225,"date":"2018-03-30T10:58:35","date_gmt":"2018-03-30T08:58:35","guid":{"rendered":"http:\/\/vouzan.fr\/?page_id=2225"},"modified":"2025-10-31T11:06:46","modified_gmt":"2025-10-31T10:06:46","slug":"le-restaurant-scolaire-2","status":"publish","type":"page","link":"https:\/\/vouzan.fr\/index.php\/le-restaurant-scolaire-2\/","title":{"rendered":"Restaurant scolaire"},"content":{"rendered":"<span itemprop=\"description\"><h3>Le restaurant scolaire<\/h3>\n<div>R\u00e9nov\u00e9 et agrandi, le restaurant scolaire accueille les enfants dans des locaux plus vastes, plus lumineux, mieux \u00e9quip\u00e9s.<\/div>\n<div>Les enfants sont accueillis les lundis, mardis, jeudis et vendredis des p\u00e9riodes scolaires.<\/div>\n<div>La participation financi\u00e8re des familles est fix\u00e9e annuellement par d\u00e9lib\u00e9ration du conseil municipal.<\/div>\n<div>\u00a0<\/div>\n<div>La pr\u00e9sence au sein du restaurant scolaire impose \u00e0 chacun des r\u00e8gles de biens\u00e9ance et le respect du r\u00e8glement int\u00e9rieur consultable ci-dessous.<\/div>\n<p>Les repas sont pr\u00e9par\u00e9s par Alain qui assure en m\u00eame temps la gestion totale du service. Les menus \u00e9labor\u00e9s par l&rsquo;\u00e9quipe du restaurant scolaire sont valid\u00e9s par une commission municipale (maire et \u00e9lus) qui tient compte des propositions des enfants.<\/p>\n<p>\u00a0<\/p>\n\n\n<div data-wp-interactive=\"core\/file\" class=\"wp-block-file\"><object data-wp-bind--hidden=\"!state.hasPdfPreview\" hidden class=\"wp-block-file__embed\" data=\"https:\/\/vouzan.fr\/wp-content\/uploads\/2025\/10\/Reglement-interieur-du-RS.pdf\" type=\"application\/pdf\" style=\"width:100%;height:600px\" aria-label=\"Contenu embarqu\u00e9 Reglement int\u00e9rieur du RS.\"><\/object><a id=\"wp-block-file--media-d956120b-ee44-4302-b70d-e27059639904\" href=\"https:\/\/vouzan.fr\/wp-content\/uploads\/2025\/10\/Reglement-interieur-du-RS.pdf\">Reglement int\u00e9rieur du RS<\/a><a href=\"https:\/\/vouzan.fr\/wp-content\/uploads\/2025\/10\/Reglement-interieur-du-RS.pdf\" class=\"wp-block-file__button wp-element-button\" download aria-describedby=\"wp-block-file--media-d956120b-ee44-4302-b70d-e27059639904\">T\u00e9l\u00e9charger<\/a><\/div>\n\n\n\n<p class=\"wp-block-paragraph\"><\/p>\n<span>","protected":false},"excerpt":{"rendered":"<p class=\"excerpt\"><span itemprop=\"description\">Le restaurant scolaire R\u00e9nov\u00e9 et agrandi, le restaurant scolaire accueille les enfants dans des locaux plus vastes, plus lumineux, mieux \u00e9quip\u00e9s. Les enfants sont accueillis les lundis, mardis, jeudis et vendredis des p\u00e9riodes scolaires. La participation financi\u00e8re des familles est fix\u00e9e annuellement par d\u00e9lib\u00e9ration du&hellip;<\/span><\/p>\n<p class=\"more-link-p btn-align-center\"><a class=\"turq zoom-btn\" href=\"https:\/\/vouzan.fr\/index.php\/le-restaurant-scolaire-2\/\">Lire la suite&#8230;<\/a><\/p>\n","protected":false},"author":1,"featured_media":0,"parent":0,"menu_order":0,"comment_status":"closed","ping_status":"closed","template":"","meta":{"_crdt_document":"","footnotes":""},"class_list":["post-2225","page","type-page","status-publish","hentry","zoom-theme-has-thumb"],"_links":{"self":[{"href":"https:\/\/vouzan.fr\/index.php\/wp-json\/wp\/v2\/pages\/2225","targetHints":{"allow":["GET"]}}],"collection":[{"href":"https:\/\/vouzan.fr\/index.php\/wp-json\/wp\/v2\/pages"}],"about":[{"href":"https:\/\/vouzan.fr\/index.php\/wp-json\/wp\/v2\/types\/page"}],"author":[{"embeddable":true,"href":"https:\/\/vouzan.fr\/index.php\/wp-json\/wp\/v2\/users\/1"}],"replies":[{"embeddable":true,"href":"https:\/\/vouzan.fr\/index.php\/wp-json\/wp\/v2\/comments?post=2225"}],"version-history":[{"count":81,"href":"https:\/\/vouzan.fr\/index.php\/wp-json\/wp\/v2\/pages\/2225\/revisions"}],"predecessor-version":[{"id":5005,"href":"https:\/\/vouzan.fr\/index.php\/wp-json\/wp\/v2\/pages\/2225\/revisions\/5005"}],"wp:attachment":[{"href":"https:\/\/vouzan.fr\/index.php\/wp-json\/wp\/v2\/media?parent=2225"}],"curies":[{"name":"wp","href":"https:\/\/api.w.org\/{rel}","templated":true}]}}