{"id":244,"date":"2017-06-01T12:36:03","date_gmt":"2017-06-01T10:36:03","guid":{"rendered":"http:\/\/vouzan.fr\/?page_id=244"},"modified":"2018-11-20T16:56:37","modified_gmt":"2018-11-20T15:56:37","slug":"histoire","status":"publish","type":"page","link":"https:\/\/vouzan.fr\/index.php\/histoire\/","title":{"rendered":"Histoire"},"content":{"rendered":"<span itemprop=\"description\"><p>L&rsquo;origine du nom de Vouzan est obscure.<!--more--><\/p>\n<p>Elle semble cependant \u00eatre gauloise et para\u00eet repr\u00e9senter <i>Vosinnum<\/i>, variante du gaulois <i>Vosonnum<\/i>. La forme <i>Vosinum<\/i> existait \u00e0 l&rsquo;\u00e9poque carolingienne. On trouve d&rsquo;autres formes anciennes dont <i>in vicaria Vosinensi<\/i> en 906, <i>in vicaria Vosninse<\/i> en 923, <i>Vozen<\/i> en 1060-1075, <i>Vosinno<\/i> en 1110, <i>Vosino<\/i>, <i>Vosen<\/i>, <i>Vousonio<\/i>, <i>Vosenio<\/i> en 1376, <i>Vossen<\/i> en 1405.<\/p>\n<h3><a name=\"TOC-Antiquit-\"><\/a>Antiquit\u00e9<\/h3>\n<p>Des vestiges pr\u00e9historiques et antiques attestent l&rsquo;anciennet\u00e9 de l&rsquo;occupation.<\/p>\n<p>Au sud-ouest de la commune, des vestiges de la <a title=\"Voie romaine\" href=\"https:\/\/fr.wikipedia.org\/wiki\/Voie_romaine\" target=\"_blank\" rel=\"nofollow noopener noreferrer\">voie romaine<\/a> de Poitiers \u00e0 P\u00e9rigueux par Rom et Montignac ont \u00e9t\u00e9 observ\u00e9s. Elle est appel\u00e9e <i>la Chauss\u00e9e<\/i>.<\/p>\n<p>Non loin du ruisseau pr\u00e8s du cimeti\u00e8re, des vestiges de constructions antiques et de <a title=\"Tegula\" href=\"https:\/\/fr.wikipedia.org\/wiki\/Tegula\" target=\"_blank\" rel=\"nofollow noopener noreferrer\">tegulae<\/a> ont \u00e9t\u00e9 localis\u00e9s.<\/p>\n<p>Le lieu-dit <i>Mirande<\/i> serait la <i>villa Marendacus<\/i> du cartulaire de l&rsquo;abbaye de Saint-Cybard.<\/p>\n<h3><a name=\"TOC-Moyen-ge\"><\/a>Moyen \u00c2ge<\/h3>\n<p>Vouzan a \u00e9t\u00e9 le si\u00e8ge d&rsquo;un archipr\u00eatr\u00e9 jusqu&rsquo;au XIII\u1d49 si\u00e8cle, avant que ce dernier soit transf\u00e9r\u00e9 \u00e0 Grassac.<\/p>\n<p>Entre le X\u1d49 et le XVIII\u1d49\u00a0si\u00e8cle, Vouzan \u00e9tait aussi le si\u00e8ge d&rsquo;une <a title=\"Viguerie\" href=\"https:\/\/fr.wikipedia.org\/wiki\/Viguerie\" target=\"_blank\" rel=\"nofollow noopener noreferrer\">viguerie<\/a>, qui rendait la justice localement. Au nombre de six sous les Carolingiens, le comt\u00e9 d&rsquo;Angoul\u00eame comptera une vingtaine de vigueries apr\u00e8s son extension au <abbr title=\"11\u1d49 si\u00e8cle\">XI<sup>e<\/sup><\/abbr>\u00a0si\u00e8cle.<\/p>\n<p>La paroisse est rest\u00e9e unie au chapitre de la cath\u00e9drale d&rsquo;Angoul\u00eame.<\/p>\n<p>D\u00e8s le XIV\u1d49\u00a0si\u00e8cle la terre de Vouzan appartenait \u00e0 la famille de Livenne. Pierre de Livenne, \u00e9cuyer, est convoqu\u00e9 avec le ban des hommes d&rsquo;armes de Saintonge en 1469. Son fils Jean de Livenne rend hommage pour ses terres le 22 mars 1509 \u00e0 l&rsquo;\u00e9v\u00eaque d&rsquo;Angoul\u00eame.<\/p>\n<p>Le ch\u00e2teau de Vouzan \u00e9tait le si\u00e8ge d&rsquo;un fief, dont les seigneurs avaient le droit de haute, moyenne et basse justice. Pierre de Livenne en \u00e9tait possesseur en 1408. Il se disait le continuateur de Guillaume Brun, qui \u00e9tait seigneur de Vouzan au tout d\u00e9but du XIV\u00b0 si\u00e8cle.<\/p>\n<h3><a name=\"TOC-Ancien-R-gime\"><\/a>Ancien R\u00e9gime<\/h3>\n<p>Par un acte du 17 septembre 1557, Seguin de Livenne partagea ses domaines entre ses deux fils\u00a0: \u00c9tienne conserva Vouzan et Pierre eut la Bergerie.<\/p>\n<p>Au XVII\u1d49\u00a0si\u00e8cle, Vouzan et la Bergerie furent de nouveau r\u00e9unis entre les mains de la famille Raoul. Le 9 novembre 1609, Charles Raoul, \u00e9cuyer, seigneur de la Fontaine, acquit Vouzan pour la somme de 12\u00a0227 livres, d&rsquo;Hubert Cumont, \u00e9cuyer, seigneur de Chantemerli\u00e8re, et d&rsquo;Anne de Livenne, sa femme. En 1640, son fils, Samuel Raoul, se rendit acqu\u00e9reur de la Bergerie.<\/p>\n<p>Le 3 juillet 1651, Marie Raoul, fille de Samuel, \u00e9pousa Jacques d&rsquo;Abzac, chevalier, marquis de Pressac, et lui porta en dot les terres de Vouzan et de la Bergerie. La famille d&rsquo;Abzac conserva ces domaines jusqu&rsquo;en 1720, date de leur vente \u00e0 No\u00ebl Arnaud, \u00e9cuyer, seigneur de Bou\u00ebx, pour 140\u00a0000 livres.<\/p>\n<p>Lors des guerres de religion, l&rsquo;\u00e9glise de Vouzan fut presque enti\u00e8rement d\u00e9truite.<\/p>\n<p>Pour les g\u00e9n\u00e9alogistes, les registres paroissiaux remontent \u00e0 1616.<\/p>\n<h3><a name=\"TOC-poque-moderne\"><\/a>\u00c9poque moderne<\/h3>\n<p>En 1902, le ch\u00e2teau fut acquis par le comte de Thienne.<\/p>\n<p>Ins\u00e9rer un paragraphe sur le transfert de la mairie, l&rsquo;\u00e9cole et l&rsquo;\u00e9glise de l&rsquo;ancien bourg vers le nouveau&#8230;.<\/p>\n<p>Au XIX\u1d49\u00a0si\u00e8cle et d\u00e9but du XX\u1d49\u00a0si\u00e8cle, la principale industrie \u00e9tait la production de charbon de bois, dont la majeure partie se vendait sur la place d&rsquo;Angoul\u00eame.<\/p>\n<h3>Guerre 39-45<\/h3>\n<p>La ligne de d\u00e9marcation traversait le d\u00e9partement dans une direction presque nord-sud, sur 85 km, traversant 20 communes et laissant un petit tiers Est de la Charente en zone libre.<\/p>\n<p><a href=\"http:\/\/vouzan.fr\/wp-content\/uploads\/2017\/06\/Ligne-de-d\u00e9marcation-1.png\" target=\"_blank\" rel=\"noopener\"><img loading=\"lazy\" decoding=\"async\" class=\"wp-image-1385 alignleft\" src=\"http:\/\/vouzan.fr\/wp-content\/uploads\/2017\/06\/Ligne-de-d\u00e9marcation-1-576x1024.png\" alt=\"\" width=\"300\" height=\"533\" srcset=\"https:\/\/vouzan.fr\/wp-content\/uploads\/2017\/06\/Ligne-de-d\u00e9marcation-1-576x1024.png 576w, https:\/\/vouzan.fr\/wp-content\/uploads\/2017\/06\/Ligne-de-d\u00e9marcation-1-169x300.png 169w, https:\/\/vouzan.fr\/wp-content\/uploads\/2017\/06\/Ligne-de-d\u00e9marcation-1-768x1365.png 768w, https:\/\/vouzan.fr\/wp-content\/uploads\/2017\/06\/Ligne-de-d\u00e9marcation-1-600x1067.png 600w, https:\/\/vouzan.fr\/wp-content\/uploads\/2017\/06\/Ligne-de-d\u00e9marcation-1.png 1836w\" sizes=\"auto, (max-width: 300px) 100vw, 300px\" \/><\/a>Elle d\u00e9butait sur la commune de Pleuville, passait \u00e0 l&rsquo;est de Champagne-Mouton (village en zone occup\u00e9e), puis une vingtaine de kilom\u00e8tres \u00e0 l&rsquo;ouest de Confolens, plus importante commune du d\u00e9partement en zone libre. Elle continuait \u00e0 l&rsquo;ouest de Saint-Claud et Chasseneuil (villages en zone libre), \u00e0 l&rsquo;est de La Rochefoucauld (en zone occup\u00e9e), marquait ensuite une l\u00e9g\u00e8re inflexion vers l&rsquo;ouest, passant alors \u00e0 Vouzan, puis se redirigeait vers une direction sud-sud-est, quittant le d\u00e9partement \u00e0 Combiers.<\/p>\n<p>La r\u00e9sistance \u00e9tait particuli\u00e8rement active. Beaucoup de personnes cherchant \u00e0 fuir la France occup\u00e9e ont franchi la ligne de d\u00e9marcation passant sur la commune de Vouzan. Bien souvent elles se rassemblaient \u00e0 la ferme de XXX au lieu dit les for\u00eats sur la commune de Bouex et se retrouvaient au Chatelard apr\u00e8s avoir franchi la ligne de d\u00e9marcation.<\/p>\n<p><a href=\"http:\/\/vouzan.fr\/wp-content\/uploads\/2017\/06\/Ligne-de-d\u00e9marcation-2.png\" target=\"_blank\" rel=\"noopener\"><img loading=\"lazy\" decoding=\"async\" class=\"alignnone wp-image-1384\" src=\"http:\/\/vouzan.fr\/wp-content\/uploads\/2017\/06\/Ligne-de-d\u00e9marcation-2-169x300.png\" alt=\"\" width=\"300\" height=\"533\" srcset=\"https:\/\/vouzan.fr\/wp-content\/uploads\/2017\/06\/Ligne-de-d\u00e9marcation-2-169x300.png 169w, https:\/\/vouzan.fr\/wp-content\/uploads\/2017\/06\/Ligne-de-d\u00e9marcation-2-768x1365.png 768w, https:\/\/vouzan.fr\/wp-content\/uploads\/2017\/06\/Ligne-de-d\u00e9marcation-2-576x1024.png 576w, https:\/\/vouzan.fr\/wp-content\/uploads\/2017\/06\/Ligne-de-d\u00e9marcation-2-600x1067.png 600w, https:\/\/vouzan.fr\/wp-content\/uploads\/2017\/06\/Ligne-de-d\u00e9marcation-2.png 1836w\" sizes=\"auto, (max-width: 300px) 100vw, 300px\" \/><\/a><\/p>\n<p>Ainsi, contribuant au passage d&rsquo;hommes, de femmes et d&rsquo;enfants, une famille vouzanaise a \u00e9t\u00e9 inscrite \u00e0 la liste des Justes parmi les Nations.<\/p>\n<p><img loading=\"lazy\" decoding=\"async\" class=\"size-medium wp-image-1396 alignleft\" src=\"http:\/\/vouzan.fr\/wp-content\/uploads\/2017\/06\/Famille-DELABY-300x208.jpg\" alt=\"\" width=\"300\" height=\"208\" \/>Georges et Madeleine Delaby vivaient \u00e0 Chatelard-de-Vouzan (Charente), avec leurs trois filles et leur fils. La ligne de d\u00e9marcation coupait en deux les terres du village, la ferme des Delaby se trouvant dans la zone contr\u00f4l\u00e9e par Vichy. Profitant de cette situation, le fermier dont les chemins et sentiers des alentours n&rsquo;avaient pas de secret, escortait, moyennant finance, les personnes qui voulaient passer du nord occup\u00e9 au sud libre. En automne 1942, Lucie Landr\u00e9, enseignante \u00e0 Angoul\u00eame, lui demanda d&rsquo;accompagner deux jeunes juives \u00e0 P\u00e9rigueux, dans le d\u00e9partement voisin de Dordogne. Ren\u00e9e Wegner, quatorze ans, et sa soeur Charlotte, dix ans, s&rsquo;\u00e9taient retrouv\u00e9es seules au monde \u00e0 la fin du mois d&rsquo;octobre de la m\u00eame ann\u00e9e. Leurs parents, Tova et Isaac Wegner, des Juifs polonais, avaient \u00e9t\u00e9 arr\u00eat\u00e9s \u00e0 Angoul\u00eame lors de la grande rafle de Juifs \u00e9trangers, puis d\u00e9port\u00e9s. Les fillettes expliqu\u00e8rent \u00e0 Georges Delaby que leurs parents avaient tout juste laiss\u00e9 assez d&rsquo;argent pour payer le passage d&rsquo;une seule d&rsquo;entre elles. \u00c9mu, le fermier d\u00e9cida de les faire passer toutes les deux sans aucune r\u00e9mun\u00e9ration. Suivant ses instructions, Ren\u00e9e et Charlotte prirent un train en partance pour le sud, sans bagages et sans dire au revoir \u00e0 quiconque. Georges Delaby se trouvait d\u00e9j\u00e0 dans ce m\u00eame train, \u00e0 quelques compartiments du leur. Lorsqu&rsquo;il descendit, elles le suivirent de loin. Il s&rsquo;arr\u00eata dans une for\u00eat et les attendit pour leur expliquer ce qu&rsquo;elles devraient faire : continuer \u00e0 le suivre rapidement et sans faire de bruit jusqu&rsquo;\u00e0 ce qu&rsquo;il leur dise de s&rsquo;arr\u00eater. A l&rsquo;aube, apr\u00e8s des heures de marche, ils atteignirent la ferme. Madeleine et son fils Gaston les accueillirent chaleureusement et s&rsquo;occup\u00e8rent d\u2019elles avec d\u00e9vouement. Les fillettes pass\u00e8rent une dizaine de jours chez les Delaby, en attendant que les conditions soient propices pour les conduire dans la famille Cordelier qui les attendaient \u00e0 P\u00e9rigueux. De ce bref s\u00e9jour devait na\u00eetre une amiti\u00e9 qui perdura apr\u00e8s la Lib\u00e9ration. Jusqu&rsquo;\u00e0 leur d\u00e9part pour Isra\u00ebl les deux fillettes vinrent r\u00e9guli\u00e8rement revoir la famille Delaby, et passer chez eux leurs vacances.<\/p>\n<p><a href=\"http:\/\/vouzan.fr\/wp-content\/uploads\/2017\/06\/Diplome-Justes.jpg\" target=\"_blank\" rel=\"noopener\"><img loading=\"lazy\" decoding=\"async\" class=\"alignright wp-image-1395\" src=\"http:\/\/vouzan.fr\/wp-content\/uploads\/2017\/06\/Diplome-Justes.jpg\" alt=\"\" width=\"300\" height=\"450\" \/><\/a>Le 1er ao\u00fbt 1993, l&rsquo;institut Yad Vashem de J\u00e9rusalem a d\u00e9cern\u00e9 \u00e0 Georges et Madeleine Delaby ainsi qu&rsquo;\u00e0 leur fils Gaston le titre de Juste parmi les Nations.<\/p>\n<p>Les personnes reconnues \u00ab Justes parmi les Nations \u00bb re\u00e7oivent de Yad Vashem un dipl\u00f4me d&rsquo;honneur ainsi qu&rsquo;une m\u00e9daille sur laquelle est grav\u00e9e cette phrase du Talmud : \u00ab Quiconque sauve une vie sauve l&rsquo;univers tout entier \u00bb. Il s\u2019agit de la plus haute distinction civile de l\u2019\u00e9tat d\u2019Isra\u00ebl.<\/p>\n<p><img loading=\"lazy\" decoding=\"async\" class=\"alignnone size-medium wp-image-1410\" src=\"http:\/\/vouzan.fr\/wp-content\/uploads\/2017\/06\/M\u00e9daille-des-justes-300x151.jpg\" alt=\"\" width=\"300\" height=\"151\" srcset=\"https:\/\/vouzan.fr\/wp-content\/uploads\/2017\/06\/M\u00e9daille-des-justes-300x151.jpg 300w, https:\/\/vouzan.fr\/wp-content\/uploads\/2017\/06\/M\u00e9daille-des-justes.jpg 316w\" sizes=\"auto, (max-width: 300px) 100vw, 300px\" \/>\u00a0\u00a0\u00a0\u00a0 Au 1er janvier 2017, le titre avait \u00e9t\u00e9 d\u00e9cern\u00e9 \u00e0 <strong>26 513\u00a0<\/strong> personnes \u00e0 travers le monde, dont <strong>3 995\u00a0<\/strong> en France dont <strong>26 <\/strong>en Charente. Cependant le livre des Justes ne sera jamais ferm\u00e9 car nombreux sont ceux qui resteront anonymes faute de t\u00e9moignages.<\/p>\n<h3><a name=\"TOC-Population\"><\/a>Population<\/h3>\n<p>En 1793, Vouzan compte 762 habitants. Ce chiffre fluctue au fil du temps avec un pic \u00e0 905 habitants en 1851 pour ensuite d\u00e9cliner jusqu&rsquo;\u00e0 347 en 1975. Depuis cette date le nombre d&rsquo;habitant est reparti \u00e0 la hausse pour atteindre 801 d\u00e9but 2017.<\/p>\n<span>","protected":false},"excerpt":{"rendered":"<p class=\"excerpt\"><span itemprop=\"description\">L&rsquo;origine du nom de Vouzan est obscure.<\/span><\/p>\n<p class=\"more-link-p btn-align-center\"><a class=\"turq zoom-btn\" href=\"https:\/\/vouzan.fr\/index.php\/histoire\/\">Lire la suite&#8230;<\/a><\/p>\n","protected":false},"author":1,"featured_media":0,"parent":0,"menu_order":0,"comment_status":"closed","ping_status":"closed","template":"","meta":{"_crdt_document":"","footnotes":""},"class_list":["post-244","page","type-page","status-publish","hentry","zoom-theme-has-thumb"],"_links":{"self":[{"href":"https:\/\/vouzan.fr\/index.php\/wp-json\/wp\/v2\/pages\/244","targetHints":{"allow":["GET"]}}],"collection":[{"href":"https:\/\/vouzan.fr\/index.php\/wp-json\/wp\/v2\/pages"}],"about":[{"href":"https:\/\/vouzan.fr\/index.php\/wp-json\/wp\/v2\/types\/page"}],"author":[{"embeddable":true,"href":"https:\/\/vouzan.fr\/index.php\/wp-json\/wp\/v2\/users\/1"}],"replies":[{"embeddable":true,"href":"https:\/\/vouzan.fr\/index.php\/wp-json\/wp\/v2\/comments?post=244"}],"version-history":[{"count":31,"href":"https:\/\/vouzan.fr\/index.php\/wp-json\/wp\/v2\/pages\/244\/revisions"}],"predecessor-version":[{"id":2876,"href":"https:\/\/vouzan.fr\/index.php\/wp-json\/wp\/v2\/pages\/244\/revisions\/2876"}],"wp:attachment":[{"href":"https:\/\/vouzan.fr\/index.php\/wp-json\/wp\/v2\/media?parent=244"}],"curies":[{"name":"wp","href":"https:\/\/api.w.org\/{rel}","templated":true}]}}