{"id":246,"date":"2017-06-01T12:38:53","date_gmt":"2017-06-01T10:38:53","guid":{"rendered":"http:\/\/vouzan.fr\/?page_id=246"},"modified":"2023-06-20T14:42:39","modified_gmt":"2023-06-20T12:42:39","slug":"geographie","status":"publish","type":"page","link":"https:\/\/vouzan.fr\/index.php\/geographie\/","title":{"rendered":"G\u00e9ographie"},"content":{"rendered":"<span itemprop=\"description\"><div>\n<h2>Situation.<\/h2>\n<p>Situ\u00e9 \u00e0 16 km \u00e0 l&rsquo;est d&rsquo;Angoul\u00eame, le bourg de Vouzan est aussi \u00e0 5 km au sud de Chazelles et \u00e0 13 km \u00e0 l&rsquo;est de Soyaux, chef-lieu de son canton.<\/p>\n<p>\u00c0 l&rsquo;\u00e9cart des grandes voies de circulation, la commune de Vouzan se trouve au sud de la D 4, route d&rsquo;Angoul\u00eame \u00e0 Nontron. L&rsquo;ancien et le nouveau bourg sont desservis par la D 108, route de Sers \u00e0 Saint-Germain-de-Montbron. La D 412, autre petite route transversale, irrigue aussi la commune et dessert les nombreux hameaux.<br \/>\n<small><a href=\"https:\/\/www.openstreetmap.org\/#map=14\/45.5967\/0.3543\" target=\"_blank\" rel=\"noopener\">Afficher une carte <\/a>Open Street Maps ou continuer sur <a href=\"https:\/\/www.qwant.com\/maps\/place\/admin:osm:relation:397163@Vouzan_16410#map=13.02\/45.5966980\/0.3650145\" target=\"_blank\" rel=\"noopener\">Qwant Maps<\/a><\/small><\/p>\n<\/div>\n<h2 style=\"text-align: left;\" align=\"center\">Hameaux et lieux-dits<\/h2>\n<div style=\"text-align: left;\" align=\"center\">Vouzan n&rsquo;a pas de v\u00e9ritable centre bourg. Le <i>Vieux Vouzan<\/i> comprend le ch\u00e2teau et sa chapelle castrale, et le <i>Nouveau Bourg<\/i> la mairie, l&rsquo;\u00e9cole et une \u00e9glise plus r\u00e9cente. D&rsquo;autres nombreux hameaux et fermes composent la commune et s&rsquo;\u00e9chelonnent le long des routes\u00a0: <i>l&rsquo;Agneau<\/i>, <i>le Maine Gaubrun<\/i>, <i>la Paillerie<\/i>, <i>le Marais<\/i>, <i>la Coquille<\/i>, <i>le Mas<\/i>, <i>Jard<\/i>, <i>le Chatelard<\/i>, <i>Mirande<\/i>, <i>la Rochette<\/i>, <i>Coudour<\/i>, <i>chez Matignon<\/i>, etc. Les hameaux de <i>Maison Neuve<\/i> et <i>l&rsquo;\u00c9paud<\/i> se trouvent sur la D25 en sorite du village de Sers.<\/div>\n<div style=\"text-align: left;\" align=\"center\"><\/div>\n<h2 style=\"text-align: left;\" align=\"center\">G\u00e9ologie<\/h2>\n<div>\n<p>La commune est situ\u00e9e dans le calcaire du Bassin aquitain, \u00e0 la limite du Jurassique au nord et du Cr\u00e9tac\u00e9 au sud. Le calcaire cr\u00e9tac\u00e9 (C\u00e9nomanien et Angoumien) occupe une grande moiti\u00e9 sud de la commune, et forme une ligne de relief asym\u00e9trique (cuesta) regardant vers le nord-est, escarpement qu&rsquo;on retrouve entre Grassac et le plateau d&rsquo;Angoul\u00eame, limitant ainsi la zone cr\u00e9tac\u00e9e de la moiti\u00e9 sud de la Charente.<\/p>\n<p>Cependant ce plateau est recouvert de d\u00e9p\u00f4ts datant du Tertiaire et du Quaternaire, sous forme de sable argileux, galets quartzeux ou silex. Ces zones pauvres, situ\u00e9es en hauteur et souvent bois\u00e9es (pin maritime et ch\u00e2taignier), sont appel\u00e9es localement <i>landes<\/i> ou <i>brandes<\/i>. La roche calcaire cr\u00e9tac\u00e9e n&rsquo;est donc visible qu&rsquo;au centre de la commune, dans la cuvette o\u00f9 se situent les diff\u00e9rents hameaux de Vouzan.<\/p>\n<p>La commune offre un relief assez contrast\u00e9. Les bourgs et hameaux se regroupent dans une vall\u00e9e centrale orient\u00e9e vers la vall\u00e9e du Bandiat qui passe au nord. Des collines relativement hautes et bois\u00e9es bordent le territoire communal, principalement au sud. Le point culminant de la commune est \u00e0 une altitude de 204 m et le point le plus bas est \u00e0 107 m.<\/p>\n<h2>Hydrographie<\/h2>\n<p>Le ruisseau alimentant la commune de Vouzan prend sa source au sud de la commune, et coule de fa\u00e7on permanente vers le nord \u00e0 partir du Moulin et de la mairie de Vouzan. Il passe aussi au pied du Jard et du Chatelard avant de sortir de la commune pour se diriger vers le Bandiat sans jamais l&rsquo;atteindre car il s&rsquo;enfonce sous terre au niveau du Grand Maine\u00a0 (commune de Chazelles).<\/p>\n<\/div>\n<span>","protected":false},"excerpt":{"rendered":"<p class=\"excerpt\"><span itemprop=\"description\">Situation. Situ\u00e9 \u00e0 16 km \u00e0 l&rsquo;est d&rsquo;Angoul\u00eame, le bourg de Vouzan est aussi \u00e0 5 km au sud de Chazelles et \u00e0 13 km \u00e0 l&rsquo;est de Soyaux, chef-lieu de son canton. \u00c0 l&rsquo;\u00e9cart des grandes voies de circulation, la commune de Vouzan se&hellip;<\/span><\/p>\n<p class=\"more-link-p btn-align-center\"><a class=\"turq zoom-btn\" href=\"https:\/\/vouzan.fr\/index.php\/geographie\/\">Lire la suite&#8230;<\/a><\/p>\n","protected":false},"author":1,"featured_media":0,"parent":0,"menu_order":0,"comment_status":"closed","ping_status":"closed","template":"","meta":{"_crdt_document":"","footnotes":""},"class_list":["post-246","page","type-page","status-publish","hentry","zoom-theme-has-thumb"],"_links":{"self":[{"href":"https:\/\/vouzan.fr\/index.php\/wp-json\/wp\/v2\/pages\/246","targetHints":{"allow":["GET"]}}],"collection":[{"href":"https:\/\/vouzan.fr\/index.php\/wp-json\/wp\/v2\/pages"}],"about":[{"href":"https:\/\/vouzan.fr\/index.php\/wp-json\/wp\/v2\/types\/page"}],"author":[{"embeddable":true,"href":"https:\/\/vouzan.fr\/index.php\/wp-json\/wp\/v2\/users\/1"}],"replies":[{"embeddable":true,"href":"https:\/\/vouzan.fr\/index.php\/wp-json\/wp\/v2\/comments?post=246"}],"version-history":[{"count":63,"href":"https:\/\/vouzan.fr\/index.php\/wp-json\/wp\/v2\/pages\/246\/revisions"}],"predecessor-version":[{"id":4486,"href":"https:\/\/vouzan.fr\/index.php\/wp-json\/wp\/v2\/pages\/246\/revisions\/4486"}],"wp:attachment":[{"href":"https:\/\/vouzan.fr\/index.php\/wp-json\/wp\/v2\/media?parent=246"}],"curies":[{"name":"wp","href":"https:\/\/api.w.org\/{rel}","templated":true}]}}