{"id":3023,"date":"2019-04-17T11:23:08","date_gmt":"2019-04-17T09:23:08","guid":{"rendered":"http:\/\/vouzan.fr\/?page_id=3023"},"modified":"2023-06-20T11:15:06","modified_gmt":"2023-06-20T09:15:06","slug":"urbanisme","status":"publish","type":"page","link":"https:\/\/vouzan.fr\/index.php\/urbanisme\/","title":{"rendered":"Urbanisme"},"content":{"rendered":"<span itemprop=\"description\"><p class=\"western\"><span style=\"font-family: Arial, sans-serif;\">Tous travaux n\u00e9cessitent un d\u00e9p\u00f4t de dossier en Mairie.<\/span><\/p>\n<p class=\"western\"><span style=\"font-family: Arial, sans-serif;\">Lors du d\u00e9p\u00f4t des dossiers d\u2019urbanisme\u00a0: Certificat Urbanisme (CU), D\u00e9claration Pr\u00e9alable de\u00a0Travaux (DP), Permis de Construire (PC),&#8230; <\/span><span style=\"font-family: Arial, sans-serif;\">l<\/span><span style=\"font-family: Arial, sans-serif;\">es dossiers doivent \u00eatre complet<\/span><span style=\"font-family: Arial, sans-serif;\">s<\/span><span style=\"font-family: Arial, sans-serif;\"> et en exemplaires suffisants\u00a0: <\/span><\/p>\n<ul>\n<li>\n<p class=\"western\"><span style=\"font-family: Arial, sans-serif;\">CU informatif\u00a0: 2 exemplaires<\/span><\/p>\n<\/li>\n<li>\n<p class=\"western\"><span style=\"font-family: Arial, sans-serif;\">CU op\u00e9rationnel\u00a0: 6 exemplaires<\/span><\/p>\n<\/li>\n<li>\n<p class=\"western\"><span style=\"font-family: Arial, sans-serif;\">DP : 2 exemplaires<br \/>\n<\/span><\/p>\n<\/li>\n<li>\n<p class=\"western\"><span style=\"font-family: Arial, sans-serif;\">PC\u00a0: 5 exemplaires + 1 exemplaire dans le p\u00e9rim\u00e8tre de l\u2019ABF.<\/span><\/p>\n<\/li>\n<\/ul>\n<p class=\"western\"><span style=\"font-family: Arial, sans-serif;\">Tous les exemplaires doivent \u00eatre des originaux, sans oublier de fournir toutes les pi\u00e8ces du dossier. Les dossiers doivent \u00eatre sign\u00e9s du jour o\u00f9 ils sont d\u00e9pos\u00e9s en Mairie, aux heures d\u2019ouverture du Secr\u00e9tariat.<\/span><\/p>\n<p class=\"western\"><span style=\"font-family: Arial, sans-serif;\">Concernant les DP et les PC, il faut remplir obligatoirement la fiche \u00ab\u00a0D\u00e9claration des \u00e9l\u00e9ments n\u00e9cessaires au calcul des impositions\u00a0\u00bb m\u00eame si vous pensez ne pas \u00eatre concern\u00e9.<\/span><\/p>\n<p class=\"western\"><span style=\"font-family: Arial, sans-serif;\">Tout dossier incomplet ne sera pas instruit.<\/span><\/p>\n<p class=\"western\"><span style=\"font-family: Arial, sans-serif;\">Pour tout renseignement sur les dossiers d\u2019urbanisme, vous pouvez t\u00e9l\u00e9phoner au Secr\u00e9tariat de Mairie au 05.45.24.90.78 ou envoyer un mail \u00e0 <a href=\"mailto:mairie@vouzan.fr\">mairie@vouzan.fr<\/a>.<\/span><\/p>\n<p>Plus d&rsquo;information sur le site <a href=\"http:\/\/www.cohesion-territoires.gouv.fr\">du minist\u00e8re de la Cohesion des Territoires et des relations avec les collectivit\u00e9s territoriales<\/a><\/p>\n<div id=\"slogan\" class=\"span9\">\n<h1><\/h1>\n<\/div>\n<span>","protected":false},"excerpt":{"rendered":"<p class=\"excerpt\"><span itemprop=\"description\">Tous travaux n\u00e9cessitent un d\u00e9p\u00f4t de dossier en Mairie. Lors du d\u00e9p\u00f4t des dossiers d\u2019urbanisme\u00a0: Certificat Urbanisme (CU), D\u00e9claration Pr\u00e9alable de\u00a0Travaux (DP), Permis de Construire (PC),&#8230; les dossiers doivent \u00eatre complets et en exemplaires suffisants\u00a0: CU informatif\u00a0: 2 exemplaires CU op\u00e9rationnel\u00a0: 6 exemplaires DP :&hellip;<\/span><\/p>\n<p class=\"more-link-p btn-align-center\"><a class=\"turq zoom-btn\" href=\"https:\/\/vouzan.fr\/index.php\/urbanisme\/\">Lire la suite&#8230;<\/a><\/p>\n","protected":false},"author":3,"featured_media":0,"parent":0,"menu_order":0,"comment_status":"closed","ping_status":"closed","template":"","meta":{"_crdt_document":"","footnotes":""},"class_list":["post-3023","page","type-page","status-publish","hentry","zoom-theme-has-thumb"],"_links":{"self":[{"href":"https:\/\/vouzan.fr\/index.php\/wp-json\/wp\/v2\/pages\/3023","targetHints":{"allow":["GET"]}}],"collection":[{"href":"https:\/\/vouzan.fr\/index.php\/wp-json\/wp\/v2\/pages"}],"about":[{"href":"https:\/\/vouzan.fr\/index.php\/wp-json\/wp\/v2\/types\/page"}],"author":[{"embeddable":true,"href":"https:\/\/vouzan.fr\/index.php\/wp-json\/wp\/v2\/users\/3"}],"replies":[{"embeddable":true,"href":"https:\/\/vouzan.fr\/index.php\/wp-json\/wp\/v2\/comments?post=3023"}],"version-history":[{"count":3,"href":"https:\/\/vouzan.fr\/index.php\/wp-json\/wp\/v2\/pages\/3023\/revisions"}],"predecessor-version":[{"id":4467,"href":"https:\/\/vouzan.fr\/index.php\/wp-json\/wp\/v2\/pages\/3023\/revisions\/4467"}],"wp:attachment":[{"href":"https:\/\/vouzan.fr\/index.php\/wp-json\/wp\/v2\/media?parent=3023"}],"curies":[{"name":"wp","href":"https:\/\/api.w.org\/{rel}","templated":true}]}}