{"id":3738,"date":"2021-02-16T16:19:44","date_gmt":"2021-02-16T15:19:44","guid":{"rendered":"https:\/\/vouzan.fr\/?page_id=3738"},"modified":"2023-06-20T11:17:15","modified_gmt":"2023-06-20T09:17:15","slug":"transport-scolaire","status":"publish","type":"page","link":"https:\/\/vouzan.fr\/index.php\/transport-scolaire\/","title":{"rendered":"Transport Scolaire"},"content":{"rendered":"<span itemprop=\"description\"><p>Les coll\u00e9giens sont scolaris\u00e9s \u00e0 Villebois-Lavalette. Un service de transport scolaire est op\u00e9r\u00e9 par la r\u00e9gion Nouvelle Aquitaine.<\/p>\n<p>Les circuits et horaires sont consultables sur le site de la <a href=\"https:\/\/transports.nouvelle-aquitaine.fr\/transports-scolaires\" target=\"_blank\" rel=\"noopener\">r\u00e9gion<\/a>.<\/p>\n<span>","protected":false},"excerpt":{"rendered":"<p class=\"excerpt\"><span itemprop=\"description\">Les coll\u00e9giens sont scolaris\u00e9s \u00e0 Villebois-Lavalette. Un service de transport scolaire est op\u00e9r\u00e9 par la r\u00e9gion Nouvelle Aquitaine. Les circuits et horaires sont consultables sur le site de la r\u00e9gion.<\/span><\/p>\n<p class=\"more-link-p btn-align-center\"><a class=\"turq zoom-btn\" href=\"https:\/\/vouzan.fr\/index.php\/transport-scolaire\/\">Lire la suite&#8230;<\/a><\/p>\n","protected":false},"author":3,"featured_media":0,"parent":0,"menu_order":0,"comment_status":"closed","ping_status":"closed","template":"","meta":{"_crdt_document":"","footnotes":""},"class_list":["post-3738","page","type-page","status-publish","hentry","zoom-theme-has-thumb"],"_links":{"self":[{"href":"https:\/\/vouzan.fr\/index.php\/wp-json\/wp\/v2\/pages\/3738","targetHints":{"allow":["GET"]}}],"collection":[{"href":"https:\/\/vouzan.fr\/index.php\/wp-json\/wp\/v2\/pages"}],"about":[{"href":"https:\/\/vouzan.fr\/index.php\/wp-json\/wp\/v2\/types\/page"}],"author":[{"embeddable":true,"href":"https:\/\/vouzan.fr\/index.php\/wp-json\/wp\/v2\/users\/3"}],"replies":[{"embeddable":true,"href":"https:\/\/vouzan.fr\/index.php\/wp-json\/wp\/v2\/comments?post=3738"}],"version-history":[{"count":2,"href":"https:\/\/vouzan.fr\/index.php\/wp-json\/wp\/v2\/pages\/3738\/revisions"}],"predecessor-version":[{"id":4468,"href":"https:\/\/vouzan.fr\/index.php\/wp-json\/wp\/v2\/pages\/3738\/revisions\/4468"}],"wp:attachment":[{"href":"https:\/\/vouzan.fr\/index.php\/wp-json\/wp\/v2\/media?parent=3738"}],"curies":[{"name":"wp","href":"https:\/\/api.w.org\/{rel}","templated":true}]}}