{"id":3754,"date":"2021-02-16T17:01:25","date_gmt":"2021-02-16T16:01:25","guid":{"rendered":"https:\/\/vouzan.fr\/?page_id=3754"},"modified":"2021-02-16T17:01:25","modified_gmt":"2021-02-16T16:01:25","slug":"marche-de-producteurs","status":"publish","type":"page","link":"https:\/\/vouzan.fr\/index.php\/marche-de-producteurs\/","title":{"rendered":"March\u00e9 de producteurs"},"content":{"rendered":"<span itemprop=\"description\"><p><img loading=\"lazy\" decoding=\"async\" class=\"alignnone wp-image-3424 size-large\" src=\"https:\/\/vouzan.fr\/wp-content\/uploads\/2020\/05\/001-1024x341.png\" alt=\"\" width=\"1024\" height=\"341\" \/>Un march\u00e9 de producteurs et d&rsquo;artisans locaux se tient chaque deuxi\u00e8me vendredi du mois, de mars \u00e0 d\u00e9cembre, de 16H \u00e0 19h, sur le parking bas de la salle des f\u00eates.<\/p>\n<p>&nbsp;<\/p>\n<span>","protected":false},"excerpt":{"rendered":"<p class=\"excerpt\"><span itemprop=\"description\">Un march\u00e9 de producteurs et d&rsquo;artisans locaux se tient chaque deuxi\u00e8me vendredi du mois, de mars \u00e0 d\u00e9cembre, de 16H \u00e0 19h, sur le parking bas de la salle des f\u00eates. &nbsp;<\/span><\/p>\n<p class=\"more-link-p btn-align-center\"><a class=\"turq zoom-btn\" href=\"https:\/\/vouzan.fr\/index.php\/marche-de-producteurs\/\">Lire la suite&#8230;<\/a><\/p>\n","protected":false},"author":3,"featured_media":0,"parent":0,"menu_order":0,"comment_status":"closed","ping_status":"closed","template":"","meta":{"_crdt_document":"","footnotes":""},"class_list":["post-3754","page","type-page","status-publish","hentry","zoom-theme-has-thumb"],"_links":{"self":[{"href":"https:\/\/vouzan.fr\/index.php\/wp-json\/wp\/v2\/pages\/3754","targetHints":{"allow":["GET"]}}],"collection":[{"href":"https:\/\/vouzan.fr\/index.php\/wp-json\/wp\/v2\/pages"}],"about":[{"href":"https:\/\/vouzan.fr\/index.php\/wp-json\/wp\/v2\/types\/page"}],"author":[{"embeddable":true,"href":"https:\/\/vouzan.fr\/index.php\/wp-json\/wp\/v2\/users\/3"}],"replies":[{"embeddable":true,"href":"https:\/\/vouzan.fr\/index.php\/wp-json\/wp\/v2\/comments?post=3754"}],"version-history":[{"count":1,"href":"https:\/\/vouzan.fr\/index.php\/wp-json\/wp\/v2\/pages\/3754\/revisions"}],"predecessor-version":[{"id":3755,"href":"https:\/\/vouzan.fr\/index.php\/wp-json\/wp\/v2\/pages\/3754\/revisions\/3755"}],"wp:attachment":[{"href":"https:\/\/vouzan.fr\/index.php\/wp-json\/wp\/v2\/media?parent=3754"}],"curies":[{"name":"wp","href":"https:\/\/api.w.org\/{rel}","templated":true}]}}