{"id":4223,"date":"2022-11-08T18:00:54","date_gmt":"2022-11-08T17:00:54","guid":{"rendered":"https:\/\/vouzan.fr\/?page_id=4223"},"modified":"2023-01-31T17:06:49","modified_gmt":"2023-01-31T16:06:49","slug":"0-test-reservation","status":"publish","type":"page","link":"https:\/\/vouzan.fr\/index.php\/0-test-reservation\/","title":{"rendered":"R\u00e9servation de la salle des f\u00eates"},"content":{"rendered":"<span itemprop=\"description\">\n<p class=\"wp-block-paragraph\">Le calendrier ci-dessous vous permet de conna\u00eetre les dates d&rsquo;occupation de la salle des f\u00eates et d&rsquo;effectuer vos r\u00e9servations.<\/p>\n\n\n\n<p class=\"wp-block-paragraph\">Cliquez sur la date souhait\u00e9e et compl\u00e9tez le formulaire. Une fois votre dossier complet valid\u00e9 en Mairie, votre r\u00e9servation sera confirm\u00e9e. Si le dossier complet n&rsquo;est pas d\u00e9pos\u00e9 dans les quinze jours suivant la demande, la date redevient disponible.<\/p>\n\n\n\n<p class=\"wp-block-paragraph\">Liste des \u00e9l\u00e9ments \u00e0 fournir :<\/p>\n\n\n\n<ul class=\"wp-block-list\">\n<li><a href=\"https:\/\/vouzan.fr\/wp-content\/uploads\/2022\/11\/Fiche-de-reservation.pdf\" data-type=\"attachment\" data-id=\"4328\" target=\"_blank\" rel=\"noreferrer noopener\">Fiche de r\u00e9servation<\/a> compl\u00e9t\u00e9e et sign\u00e9e<\/li>\n\n\n\n<li><a rel=\"noreferrer noopener\" href=\"https:\/\/vouzan.fr\/index.php\/reglement-interieur-de-la-salle-des-fetes\/\" data-type=\"page\" data-id=\"4309\" target=\"_blank\">R\u00e8glement<\/a> paraph\u00e9 et sign\u00e9<\/li>\n\n\n\n<li>Attestation d&rsquo;assurance<\/li>\n\n\n\n<li>Ch\u00e8que du montant des arrhes (50 \u20ac) \u00e0 l&rsquo;ordre du tr\u00e9sor public<\/li>\n\n\n\n<li>Ch\u00e8que du montant de la caution (500 \u20ac) \u00e0 l&rsquo;ordre du tr\u00e9sor public<\/li>\n\n\n\n<li>Ch\u00e8que du solde de la location (total de la location moins les arrhes) \u00e0 l&rsquo;ordre du tr\u00e9sor public<\/li>\n<\/ul>\n\n\n\n<p class=\"wp-block-paragraph\"><\/p>\n\n\n\n<p class=\"wp-block-paragraph\">Les tarifs de location sont : <\/p>\n\n\n\n<figure class=\"wp-block-table\"><table class=\"has-background\" style=\"background:linear-gradient(135deg,rgb(168,247,129) 0%,rgb(236,247,233) 100%)\"><tbody><tr><td><strong>Particuliers et Associations de la Commune<\/strong><\/td><td class=\"has-text-align-right\" data-align=\"right\">1 journ\u00e9e<\/td><td class=\"has-text-align-right\" data-align=\"right\">Week-end<\/td><td class=\"has-text-align-right\" data-align=\"right\">Arrhes<\/td><\/tr><tr><td>Grande Salle y compris Bar et Cuisine<\/td><td class=\"has-text-align-right\" data-align=\"right\">125 \u20ac<\/td><td class=\"has-text-align-right\" data-align=\"right\">160 \u20ac<\/td><td class=\"has-text-align-right\" data-align=\"right\">50 \u20ac<\/td><\/tr><tr><td>Cuisine seule<\/td><td class=\"has-text-align-right\" data-align=\"right\">60 \u20ac<\/td><td class=\"has-text-align-right\" data-align=\"right\">80 \u20ac<\/td><td class=\"has-text-align-right\" data-align=\"right\">30 \u20ac<\/td><\/tr><tr><td>Bar seul<\/td><td class=\"has-text-align-right\" data-align=\"right\">70 \u20ac<\/td><td class=\"has-text-align-right\" data-align=\"right\">100 \u20ac<\/td><td class=\"has-text-align-right\" data-align=\"right\">40 \u20ac<\/td><\/tr><\/tbody><\/table><\/figure>\n\n\n\n<figure class=\"wp-block-table\"><table class=\"has-background\" style=\"background:linear-gradient(135deg,rgb(254,193,150) 0%,rgb(254,254,254) 100%)\"><tbody><tr><td><strong>Particuliers et Associations Hors Commune<\/strong><\/td><td class=\"has-text-align-right\" data-align=\"right\">1 journ\u00e9e<\/td><td class=\"has-text-align-right\" data-align=\"right\">Week-end<\/td><td class=\"has-text-align-right\" data-align=\"right\">Arrhes<\/td><\/tr><tr><td>Grande Salle y compris Bar et Cuisine<\/td><td class=\"has-text-align-right\" data-align=\"right\">225 \u20ac<\/td><td class=\"has-text-align-right\" data-align=\"right\">330 \u20ac<\/td><td class=\"has-text-align-right\" data-align=\"right\">50 \u20ac<\/td><\/tr><tr><td>Cuisine seule<\/td><td class=\"has-text-align-right\" data-align=\"right\">80 \u20ac<\/td><td class=\"has-text-align-right\" data-align=\"right\">100 \u20ac<\/td><td class=\"has-text-align-right\" data-align=\"right\">30 \u20ac<\/td><\/tr><tr><td>Bar seul<\/td><td class=\"has-text-align-right\" data-align=\"right\">100 \u20ac<\/td><td class=\"has-text-align-right\" data-align=\"right\">130 \u20ac<\/td><td class=\"has-text-align-right\" data-align=\"right\">40 \u20ac<\/td><\/tr><\/tbody><\/table><\/figure>\n\n\n\n<p class=\"wp-block-paragraph\"> <div id=\"form_id644620064913\" class=\"wpbc_container wpbc_form wpbc_container_booking_form \" ><form id=\"booking_form1\" class=\"booking_form vertical\" method=\"post\" action=\"\"><div id=\"ajax_respond_insert1\" class=\"ajax_respond_insert\" style=\"display:none;\"><\/div><a name=\"bklnk1\" id=\"bklnk1\"><\/a><div id=\"booking_form_div1\" class=\"booking_form_div\"><style type=\"text\/css\">.wpbc_container_booking_form .block_hints, .wpbc_booking_form_simple.wpbc_form_center .wpbc__form__div .wpbc__row.wpbc_r_calendar, .wpbc_booking_form_simple .wpbc__form__div .wpbc__row:not(.wpbc_r_calendar){max-width:440px;} <\/style>\n<div class=\"wpbc_booking_form_simple wpbc_booking_form_structure wpbc_form_center\">\n<div class=\"wpbc__form__div\">\n\t\t\t<div class=\"wpbc_r_calendar wpbc__row\">\n\t\t\t\t<div class=\"wpbc_r_calendar wpbc__field\"> <label><\/label><br><div class=\"wpbc_calendar_wraper wpbc_change_over_triangle wpbc_calendar_skin_legacy\"><div class=\"wpbc_cal_container bk_calendar_frame wpbc_no_custom_width  months_num_in_row_ cal_month_num_2\" style=\"\"><div id=\"calendar_booking1\"  class=\"wpbc_calendar_id_1\" >\t<div class=\"calendar_loader_frame calendar_loader_frame1\"\r\n\t\tdata-wpbc-rid=\"1\"\r\n\t\tdata-wpbc-grace=\"8000\"\r\n\t\tstyle=\"--wpbc-loader-cols: 2;\"\r\n\t>\r\n\t\t<div class=\"calendar_loader_text\">Loading...<\/div>\r\n\t\t<div class=\"calendar_loader_frame__progress_line_container\">\r\n\t\t\t<div class=\"calendar_loader_frame__progress_line\"><\/div>\r\n\t\t<\/div>\r\n\t<\/div>\r\n\t<\/div><\/div><textarea id=\"date_booking1\" name=\"date_booking1\" autocomplete=\"off\" style=\"display:none;\"><\/textarea><div class=\"block_hints datepick \"><div class=\"wpdev_hint_with_text\"><div class=\"\"><div class=\"datepick-inline wpbc_calendar_legend_table_width_height\"><table class=\"datepick wpbc_calendar\" style=\"\"><tbody><tr><td class=\"datepick-days-cell date_available wpbc_calendar_legend_day_cell_height\"><div class=\"wpbc-cell-box\">\t<div class=\"date-cell-content\">\t\t<div class=\"date-content-top\"><\/div>\t\t<a>10<\/a>\t\t<div class=\"date-content-bottom\"><\/div>\t<\/div><\/div><\/td><\/tr><\/tbody><\/table><\/div><\/div><div class=\"block_text\">- <\/div><div class=\"block_text\">Disponible<\/div><\/div><div class=\"wpdev_hint_with_text\"><div class=\"\"><div class=\"datepick-inline wpbc_calendar_legend_table_width_height\"><table class=\"datepick wpbc_calendar\" style=\"\"><tbody><tr><td class=\"datepick-days-cell datepick-unselectable date_user_unavailable full_day_booking date_approved wpbc_calendar_legend_day_cell_height\"><div class=\"wpbc-cell-box\">\t<div class=\"date-cell-content\">\t\t<div class=\"date-content-top\"><\/div>\t\t<span>10<\/span>\t\t<div class=\"date-content-bottom\"><\/div>\t<\/div><\/div><\/td><\/tr><\/tbody><\/table><\/div><\/div><div class=\"block_text\">- <\/div><div class=\"block_text\">Non disponible<\/div><\/div><div class=\"wpdev_hint_with_text\"><div class=\"\"><div class=\"datepick-inline wpbc_calendar_legend_table_width_height\"><table class=\"datepick wpbc_calendar\" style=\"\"><tbody><tr><td class=\"datepick-days-cell datepick-unselectable date_user_unavailable full_day_booking date2approve wpbc_calendar_legend_day_cell_height\"><div class=\"wpbc-cell-box\">\t<div class=\"date-cell-content\">\t\t<div class=\"date-content-top\"><\/div>\t\t<span>10<\/span>\t\t<div class=\"date-content-bottom\"><\/div>\t<\/div><\/div><\/td><\/tr><\/tbody><\/table><\/div><\/div><div class=\"block_text\">- <\/div><div class=\"block_text\">En attente de validation<\/div><\/div><div class=\"wpdev_hint_with_text\"><div class=\"\"><span class=\" wpbc_change_over_triangle\"><div class=\"datepick-inline wpbc_calendar_legend_table_width_height\"><table class=\"datepick wpbc_calendar\" style=\"\"><tbody><tr><td class=\"datepick-days-cell date_available date2approve timespartly times_clock wpbc_calendar_legend_day_cell_height\"><div class=\"wpbc-cell-box\">\t<div class=\"wpbc-diagonal-el\">\t\t<div class=\"wpbc-co-out\"><svg height=\"100%\" width=\"100%\" viewBox=\"0 0 100 100\" preserveAspectRatio=\"none\"><polygon points=\"0,0 0,99 99,0\"><\/polygon><polygon points=\"0,0 0,100 49,100 49,0\"><\/polygon><\/svg><\/div>\t\t<div class=\"wpbc-co-in\"><svg height=\"100%\" width=\"100%\" viewBox=\"0 0 98 98\" preserveAspectRatio=\"none\"><polygon points=\"0,99 99,99 99,0\"><\/polygon><polygon points=\"50,98 98,98 98,0 50,0\"><\/polygon><\/svg><\/div>\t<\/div>\t<div class=\"date-cell-content\">\t\t<div class=\"date-content-top\"><div class=\"wpbc_time_dots\">\u00b7<\/div><\/div>\t\t<a>10<\/a>\t\t<div class=\"date-content-bottom\"><\/div>\t<\/div><\/div><\/td><\/tr><\/tbody><\/table><\/div><\/span><\/div><div class=\"block_text\">- <\/div><div class=\"block_text\">Partiellement r\u00e9serv\u00e9<\/div><\/div><\/div><\/div> <\/div>\n\t\t\t<\/div>\n\t\t\t<div class=\"wpbc__row\">\n\t\t\t\t<div class=\"wpbc_r_name wpbc__field\"> <label>Nom*<\/label><br><span class=\"wpbc_wrap_text wpdev-form-control-wrap name1\"><input type=\"text\" name=\"name1\" value=\"\" autocomplete=\"name\" class=\"wpdev-validates-as-required\" size=\"40\" \/><\/span> <\/div>\n\t\t\t<\/div>\n\t\t\t<div class=\"wpbc__row\">\n\t\t\t\t<div class=\"wpbc_r_secondname wpbc__field\"> <label>Pr\u00e9nom<\/label><br><span class=\"wpbc_wrap_text wpdev-form-control-wrap secondname1\"><input type=\"text\" name=\"secondname1\" value=\"\" autocomplete=\"secondname\" size=\"40\" \/><\/span> <\/div>\n\t\t\t<\/div>\n\t\t\t<div class=\"wpbc__row\">\n\t\t\t\t<div class=\"wpbc_r_email wpbc__field\"> <label>Email*<\/label><br><span class=\"wpbc_wrap_text wpdev-form-control-wrap email1\"><input type=\"email\" name=\"email1\" value=\"\" autocomplete=\"email\" class=\"wpdev-validates-as-email wpdev-validates-as-required\" size=\"40\" \/><\/span> <\/div>\n\t\t\t<\/div>\n\t\t\t<div class=\"wpbc__row\">\n\t\t\t\t<div class=\"wpbc_r_phone wpbc__field\"> <label>T\u00e9l\u00e9phone*<\/label><br><span class=\"wpbc_wrap_text wpdev-form-control-wrap phone1\"><input type=\"text\" name=\"phone1\" value=\"\" autocomplete=\"phone\" class=\"wpdev-validates-as-required\" size=\"40\" \/><\/span> <\/div>\n\t\t\t<\/div>\n\t\t\t<div class=\"wpbc__row\">\n\t\t\t\t<div class=\"wpbc_r_details wpbc__field\"> <label>Objet de la r\u00e9servation*<\/label><br><span class=\"wpbc_wrap_textarea wpdev-form-control-wrap details1\"><textarea name=\"details1\" autocomplete=\"details\" class=\"wpdev-validates-as-required\"><\/textarea><\/span> <\/div>\n\t\t\t<\/div>\n\t\t\t<div class=\"wpbc__row\">\n\t\t\t\t<div class=\"wpbc_r_commentaires wpbc__field\"> <label>Commentaires<\/label><br><span class=\"wpbc_wrap_textarea wpdev-form-control-wrap commentaires1\"><textarea name=\"commentaires1\" autocomplete=\"commentaires\"><\/textarea><\/span> <\/div>\n\t\t\t<\/div>\n\t\t\t<div class=\"wpbc__row\">\n\t\t\t\t<div class=\"wpbc_r_captcha wpbc__field\"> <label><\/label><br><span class=\"wpbc_text_captcha_container wpdev-form-control-wrap \"><input  autocomplete=\"off\" type=\"hidden\" name=\"wpdev_captcha_challenge_1\"  id=\"wpdev_captcha_challenge_1\" value=\"3287907956\" \/><input  autocomplete=\"off\" type=\"text\" class=\"captachinput\" value=\"\" name=\"captcha_input1\" id=\"captcha_input1\" \/><img decoding=\"async\" class=\"captcha_img\"  id=\"captcha_img1\" alt=\"To show CAPTCHA, please deactivate cache plugin or exclude this page from caching or disable CAPTCHA at WP Booking Calendar - Settings General page in Form Options section.\" src=\"https:\/\/vouzan.fr\/wp-content\/plugins\/booking\/js\/captcha\/tmp\/3287907956.png\" \/><\/span> <\/div>\n\t\t\t<\/div>\n\t\t\t<div class=\"wpbc__row\">\n\t\t\t\t<div class=\"wpbc_r_submit wpbc__field\"><input type=\"button\" value=\"Envoyer\" class=\"wpbc_button_light  btn btn\" onclick=\"wpbc_booking_form_submit(this.form,1, 'fr_FR');\" \/> <\/div>\n\t\t\t<\/div>\n<\/div>\n<\/div><input id=\"bk_type1\" name=\"bk_type1\" class=\"\" type=\"hidden\" value=\"1\" \/><\/div><div id=\"submiting1\"><\/div><div class=\"form_bk_messages\" id=\"form_bk_messages1\" ><\/div><input type=\"hidden\" id=\"wpbc_nonceCALCULATE_THE_COST1\" name=\"wpbc_nonceCALCULATE_THE_COST1\" value=\"6ff5060399\" \/><input type=\"hidden\" name=\"_wp_http_referer\" value=\"\/index.php\/wp-json\/wp\/v2\/pages\/4223\" \/><\/form><\/div><div id=\"booking_form_garbage1\" class=\"booking_form_garbage\"><\/div>  <\/p>\n<span>","protected":false},"excerpt":{"rendered":"<p class=\"excerpt\"><span itemprop=\"description\">Le calendrier ci-dessous vous permet de conna\u00eetre les dates d&rsquo;occupation de la salle des f\u00eates et d&rsquo;effectuer vos r\u00e9servations. Cliquez sur la date souhait\u00e9e et compl\u00e9tez le formulaire. Une fois votre dossier complet valid\u00e9 en Mairie, votre r\u00e9servation sera confirm\u00e9e. Si le dossier complet n&rsquo;est&hellip;<\/span><\/p>\n<p class=\"more-link-p btn-align-center\"><a class=\"turq zoom-btn\" href=\"https:\/\/vouzan.fr\/index.php\/0-test-reservation\/\">Lire la suite&#8230;<\/a><\/p>\n","protected":false},"author":3,"featured_media":0,"parent":0,"menu_order":0,"comment_status":"closed","ping_status":"closed","template":"","meta":{"_crdt_document":"","footnotes":""},"class_list":["post-4223","page","type-page","status-publish","hentry","zoom-theme-has-thumb"],"_links":{"self":[{"href":"https:\/\/vouzan.fr\/index.php\/wp-json\/wp\/v2\/pages\/4223","targetHints":{"allow":["GET"]}}],"collection":[{"href":"https:\/\/vouzan.fr\/index.php\/wp-json\/wp\/v2\/pages"}],"about":[{"href":"https:\/\/vouzan.fr\/index.php\/wp-json\/wp\/v2\/types\/page"}],"author":[{"embeddable":true,"href":"https:\/\/vouzan.fr\/index.php\/wp-json\/wp\/v2\/users\/3"}],"replies":[{"embeddable":true,"href":"https:\/\/vouzan.fr\/index.php\/wp-json\/wp\/v2\/comments?post=4223"}],"version-history":[{"count":27,"href":"https:\/\/vouzan.fr\/index.php\/wp-json\/wp\/v2\/pages\/4223\/revisions"}],"predecessor-version":[{"id":4331,"href":"https:\/\/vouzan.fr\/index.php\/wp-json\/wp\/v2\/pages\/4223\/revisions\/4331"}],"wp:attachment":[{"href":"https:\/\/vouzan.fr\/index.php\/wp-json\/wp\/v2\/media?parent=4223"}],"curies":[{"name":"wp","href":"https:\/\/api.w.org\/{rel}","templated":true}]}}