{"id":4309,"date":"2022-11-22T10:22:14","date_gmt":"2022-11-22T09:22:14","guid":{"rendered":"https:\/\/vouzan.fr\/?page_id=4309"},"modified":"2022-11-22T10:22:16","modified_gmt":"2022-11-22T09:22:16","slug":"reglement-interieur-de-la-salle-des-fetes","status":"publish","type":"page","link":"https:\/\/vouzan.fr\/index.php\/reglement-interieur-de-la-salle-des-fetes\/","title":{"rendered":"R\u00e8glement int\u00e9rieur de la salle des f\u00eates"},"content":{"rendered":"<span itemprop=\"description\">\n<div class=\"wp-block-buttons is-layout-flex wp-block-buttons-is-layout-flex\">\n<div class=\"wp-block-button has-custom-font-size has-small-font-size\"><a class=\"wp-block-button__link has-white-color has-vivid-cyan-blue-background-color has-text-color has-background wp-element-button\" href=\"https:\/\/vouzan.fr\/wp-content\/uploads\/2022\/11\/REGLEMENT-INTERIEUR-SALLE-DES-FETES-26.10.2022.pdf\">T\u00e9l\u00e9charger le r\u00e8glement<\/a><\/div>\n<\/div>\n\n\n\n<p class=\"wp-block-paragraph\"><\/p>\n\n\n\n<p class=\"wp-block-paragraph\"><strong>Article 1er : CONDITIONS G\u00c9N\u00c9RALES<\/strong><\/p>\n\n\n\n<p class=\"wp-block-paragraph\">La salle des f\u00eates de Vouzan d\u2019une capacit\u00e9 de 280 personnes, est class\u00e9e \u00c9tablissement Recevant du Public (ERP). Des manifestations \u00e0 caract\u00e8re familial ou associatif peuvent y \u00eatre organis\u00e9es par les Vouzanais ou les personnes domicili\u00e9es hors commune. La gestion de la salle des f\u00eates de Vouzan est assur\u00e9e par la Mairie, sous la responsabilit\u00e9 du Maire. Les conditions financi\u00e8res sont d\u00e9termin\u00e9es par d\u00e9lib\u00e9ration du Conseil Municipal.<\/p>\n\n\n\n<p class=\"wp-block-paragraph\"><strong>Article 2 : R\u00c9SERVATION<\/strong><\/p>\n\n\n\n<p class=\"wp-block-paragraph\">L\u2019organisateur effectue sa pr\u00e9-r\u00e9servation sur le site internet de la commune (vouzan.fr). La personne signataire de la convention est responsable de la location. Elle doit \u00eatre pr\u00e9sente pendant toute la dur\u00e9e d\u2019occupation du local. La manifestation doit correspondre au motif cit\u00e9 dans la convention. En cas de difficult\u00e9s ou d\u2019accidents pendant la dur\u00e9e de l\u2019occupation de la salle, la responsabilit\u00e9 de la commune de Vouzan n\u2019est pas engag\u00e9e. L\u2019organisateur justifie de son identit\u00e9 et de son domicile. La salle des f\u00eates n\u2019est pas lou\u00e9e aux mineurs.<\/p>\n\n\n\n<p class=\"wp-block-paragraph\"><strong>Article 3 : CONFIRMATION DE LOCATION<\/strong><\/p>\n\n\n\n<p class=\"wp-block-paragraph\">La confirmation de la r\u00e9servation se fait aupr\u00e8s du secr\u00e9tariat de la mairie. Toute demande de location n\u2019est valid\u00e9e qu\u2019apr\u00e8s la signature de la convention d\u2019utilisation et les versements correspondant aux conditions financi\u00e8res particuli\u00e8res.<\/p>\n\n\n\n<p class=\"wp-block-paragraph\"><strong>Article 4 : SOUS LOCATION, LOCATION ABUSIVE ET D\u00c9SISTEMENT<\/strong><\/p>\n\n\n\n<p class=\"wp-block-paragraph\">Il est formellement interdit au b\u00e9n\u00e9ficiaire et signataire du contrat de location :<\/p>\n\n\n\n<ul class=\"wp-block-list\">\n<li>de c\u00e9der la salle des f\u00eates \u00e0 une autre personne ou association,<\/li>\n\n\n\n<li>d\u2019organiser une manifestation diff\u00e9rente de celle qui est pr\u00e9vue au contrat.<\/li>\n<\/ul>\n\n\n\n<p class=\"wp-block-paragraph\">Si l\u2019organisateur, signataire du contrat, est amen\u00e9 \u00e0 annuler la manifestation, il doit pr\u00e9venir la mairie d\u00e8s que possible. En cas de d\u00e9sistement dans les quinze jours avant la date pr\u00e9vue de location, les arrhes vers\u00e9es sont acquises \u00e0 la commune.<\/p>\n\n\n\n<p class=\"wp-block-paragraph\"><strong>Article 5 : CAUTION<\/strong><\/p>\n\n\n\n<p class=\"wp-block-paragraph\">Que la salle soit mise \u00e0 disposition \u00e0 titre gratuit ou payant, une caution correspondant au montant de la location est demand\u00e9e. La caution est restitu\u00e9e apr\u00e8s l\u2019\u00e9tat des lieux contradictoire. Dans l\u2019\u00e9ventualit\u00e9 de d\u00e9gradations tr\u00e8s importantes, d\u00e9passant le montant de la caution, un devis est \u00e9tabli par la mairie et son montant est r\u00e9clam\u00e9 \u00e0 la personne signataire de la convention.<\/p>\n\n\n\n<p class=\"wp-block-paragraph\"><strong>Article 6 : REMISE DES CL\u00c9S ET MISE \u00c0 DISPOSITION<\/strong><\/p>\n\n\n\n<p class=\"wp-block-paragraph\">Par le biais de la mairie, l\u2019organisateur prend rendez-vous aupr\u00e8s de la personne en charge de la salle des f\u00eates afin de proc\u00e9der \u00e0 la remise des cl\u00e9s et recevoir toutes les recommandations utiles. Un \u00e9tat des lieux contradictoire d\u2019entr\u00e9e et de sortie est r\u00e9alis\u00e9.<\/p>\n\n\n\n<p class=\"wp-block-paragraph\"><strong>Article 7 : RESPONSABILIT\u00c9 &amp; S\u00c9CURIT\u00c9<\/strong><\/p>\n\n\n\n<p class=\"wp-block-paragraph\">Avant la prise de possession des locaux, l\u2019organisateur effectue une visite pour prendre connaissance des consignes g\u00e9n\u00e9rales de s\u00e9curit\u00e9 et constater l\u2019emplacement des dispositifs d\u2019alarme. Tout utilisateur doit fournir \u00e0 la signature du contrat de location une attestation d\u2019assurance responsabilit\u00e9 civile couvrant tous les risques susceptibles de survenir pendant la dur\u00e9e de la manifestation. Il se doit de respecter les consignes de s\u00e9curit\u00e9, le nombre de personnes admises dans l\u2019espace tel qu\u2019il est indiqu\u00e9 dans le pr\u00e9sent r\u00e8glement. En cas de manquement, la responsabilit\u00e9 du b\u00e9n\u00e9ficiaire est engag\u00e9e.<\/p>\n\n\n\n<p class=\"wp-block-paragraph\">La commune de Vouzan ne peut \u00eatre tenue pour responsable des vols, pertes d\u2019objets et d\u00e9g\u00e2ts qui pourraient \u00eatre caus\u00e9s aux v\u00e9hicules \u00e0 l\u2019ext\u00e9rieur du b\u00e2timent.<\/p>\n\n\n\n<p class=\"wp-block-paragraph\"><strong>Il est rappel\u00e9 qu\u2019il est rigoureusement interdit :<\/strong><\/p>\n\n\n\n<ul class=\"wp-block-list\">\n<li>de fumer \u00e0 l\u2019int\u00e9rieur des locaux,<\/li>\n\n\n\n<li>de scotcher, punaiser ou agrafer. Tout adh\u00e9sif est prohib\u00e9,<\/li>\n\n\n\n<li>de bloquer ou de stationner devant les issues de secours,<\/li>\n\n\n\n<li>d\u2019introduire dans l\u2019enceinte des p\u00e9tards ou des fumig\u00e8nes,<\/li>\n\n\n\n<li>de d\u00e9poser des cycles et cyclomoteurs \u00e0 l\u2019int\u00e9rieur des locaux,<\/li>\n\n\n\n<li>d\u2019utiliser le mobilier \u00e0 l\u2019ext\u00e9rieur de la salle,<\/li>\n\n\n\n<li><strong>de dormir dans les locaux communaux lou\u00e9s<\/strong>,<\/li>\n<\/ul>\n\n\n\n<p class=\"wp-block-paragraph\">Les installations \u00e9lectriques ne seront en aucun cas modifi\u00e9es ou surcharg\u00e9es.<\/p>\n\n\n\n<p class=\"wp-block-paragraph\">L\u2019organisateur veille \u00e0 ce que le niveau sonore ne g\u00eane pas les riverains, limite l\u2019ouverture des portes et fen\u00eatres (Arr\u00eat\u00e9 pr\u00e9fectoral du 20 avril 1999).<\/p>\n\n\n\n<p class=\"wp-block-paragraph\">En cas de sinistre, le b\u00e9n\u00e9ficiaire doit&nbsp;:<\/p>\n\n\n\n<ul class=\"wp-block-list\">\n<li>alerter les pompiers 112,<\/li>\n\n\n\n<li>prendre toutes les mesures n\u00e9cessaires afin d\u2019assurer la s\u00e9curit\u00e9 des personnes et \u00e9viter la panique,<\/li>\n<\/ul>\n\n\n\n<p class=\"wp-block-paragraph\">&#8211; pr\u00e9venir l\u2019\u00e9lu en charge des salles communales,<\/p>\n\n\n\n<p class=\"wp-block-paragraph\"><strong>Article 8 : D\u00c9BIT DE BOISSONS TEMPORAIRE<\/strong><\/p>\n\n\n\n<p class=\"wp-block-paragraph\">Une demande d\u2019autorisation d\u2019ouvrir un d\u00e9bit temporaire de boissons est obligatoire pour les associations ainsi que les entreprises organisant une manifestation ouverte au public. Les particuliers organisant une soir\u00e9e priv\u00e9e ne sont pas concern\u00e9s.<\/p>\n\n\n\n<p class=\"wp-block-paragraph\">Le Conseil Municipal se r\u00e9serve le droit de modifier, sans pr\u00e9avis, le pr\u00e9sent r\u00e8glement qui est affich\u00e9 dans les salles de la commune de Vouzan et remis aux b\u00e9n\u00e9ficiaires qui attestent en avoir pris connaissance.<\/p>\n\n\n\n<p class=\"wp-block-paragraph\">L\u2019organisateur s\u2019engage \u00e0 veiller au bon d\u00e9roulement de la manifestation, \u00e0 respecter la salle, ses \u00e9quipements et les alentours. Ils invitent leurs h\u00f4tes \u00e0 adopter un comportement digne et respectueux.<\/p>\n\n\n\n<p class=\"wp-block-paragraph\">Le respect du r\u00e8glement int\u00e9rieur est l\u2019affaire de tous.<\/p>\n\n\n\n<p class=\"wp-block-paragraph\">Approuv\u00e9 par d\u00e9lib\u00e9ration du Conseil Municipal en date du 5 Juin 2018.<\/p>\n\n\n\n<p class=\"wp-block-paragraph\">Mairie de Vouzan \u2013 Le Bourg \u2013 16410 Vouzan T\u00e9l&nbsp;: 05 45 24 90 78<\/p>\n\n\n\n<p class=\"wp-block-paragraph\">A Vouzan, le 26 Septembre 2022<\/p>\n\n\n\n<p class=\"wp-block-paragraph\">Le Maire<\/p>\n\n\n\n<p class=\"wp-block-paragraph\">Thierry HUREAU<\/p>\n<span>","protected":false},"excerpt":{"rendered":"<p class=\"excerpt\"><span itemprop=\"description\">Article 1er : CONDITIONS G\u00c9N\u00c9RALES La salle des f\u00eates de Vouzan d\u2019une capacit\u00e9 de 280 personnes, est class\u00e9e \u00c9tablissement Recevant du Public (ERP). Des manifestations \u00e0 caract\u00e8re familial ou associatif peuvent y \u00eatre organis\u00e9es par les Vouzanais ou les personnes domicili\u00e9es hors commune. La gestion&hellip;<\/span><\/p>\n<p class=\"more-link-p btn-align-center\"><a class=\"turq zoom-btn\" href=\"https:\/\/vouzan.fr\/index.php\/reglement-interieur-de-la-salle-des-fetes\/\">Lire la suite&#8230;<\/a><\/p>\n","protected":false},"author":3,"featured_media":0,"parent":0,"menu_order":0,"comment_status":"closed","ping_status":"closed","template":"","meta":{"_crdt_document":"","footnotes":""},"class_list":["post-4309","page","type-page","status-publish","hentry","zoom-theme-has-thumb"],"_links":{"self":[{"href":"https:\/\/vouzan.fr\/index.php\/wp-json\/wp\/v2\/pages\/4309","targetHints":{"allow":["GET"]}}],"collection":[{"href":"https:\/\/vouzan.fr\/index.php\/wp-json\/wp\/v2\/pages"}],"about":[{"href":"https:\/\/vouzan.fr\/index.php\/wp-json\/wp\/v2\/types\/page"}],"author":[{"embeddable":true,"href":"https:\/\/vouzan.fr\/index.php\/wp-json\/wp\/v2\/users\/3"}],"replies":[{"embeddable":true,"href":"https:\/\/vouzan.fr\/index.php\/wp-json\/wp\/v2\/comments?post=4309"}],"version-history":[{"count":4,"href":"https:\/\/vouzan.fr\/index.php\/wp-json\/wp\/v2\/pages\/4309\/revisions"}],"predecessor-version":[{"id":4314,"href":"https:\/\/vouzan.fr\/index.php\/wp-json\/wp\/v2\/pages\/4309\/revisions\/4314"}],"wp:attachment":[{"href":"https:\/\/vouzan.fr\/index.php\/wp-json\/wp\/v2\/media?parent=4309"}],"curies":[{"name":"wp","href":"https:\/\/api.w.org\/{rel}","templated":true}]}}