{"id":4404,"date":"2023-03-16T22:01:26","date_gmt":"2023-03-16T21:01:26","guid":{"rendered":"https:\/\/vouzan.fr\/?page_id=4404"},"modified":"2023-03-16T22:01:28","modified_gmt":"2023-03-16T21:01:28","slug":"association-les-potages","status":"publish","type":"page","link":"https:\/\/vouzan.fr\/index.php\/association-les-potages\/","title":{"rendered":"Association \u00ab\u00a0Les Pot&rsquo;\u00e2g\u00e9s\u00a0\u00bb"},"content":{"rendered":"<span itemprop=\"description\">\n<figure class=\"wp-block-image size-large\"><img loading=\"lazy\" decoding=\"async\" width=\"1024\" height=\"612\" src=\"https:\/\/vouzan.fr\/wp-content\/uploads\/2019\/03\/Pot1-1024x612.png\" alt=\"\" class=\"wp-image-2985\" srcset=\"https:\/\/vouzan.fr\/wp-content\/uploads\/2019\/03\/Pot1-1024x612.png 1024w, https:\/\/vouzan.fr\/wp-content\/uploads\/2019\/03\/Pot1-300x179.png 300w, https:\/\/vouzan.fr\/wp-content\/uploads\/2019\/03\/Pot1-768x459.png 768w, https:\/\/vouzan.fr\/wp-content\/uploads\/2019\/03\/Pot1-1200x717.png 1200w, https:\/\/vouzan.fr\/wp-content\/uploads\/2019\/03\/Pot1-1320x789.png 1320w\" sizes=\"auto, (max-width: 1024px) 100vw, 1024px\" \/><\/figure>\n\n\n\n<p class=\"wp-block-paragraph\">L&rsquo;association de s\u00e9niors LE CLUB DES POT&rsquo;AGES\u00a0vous propose des apr\u00e8s-midi jeux de soci\u00e9t\u00e9, de la gym douce pour le bien vieillir, un atelier loisirs cr\u00e9atifs pour se divertir\u00a0et passer un bon moment. Elle peut \u00e9galement vous proposer des ateliers d&rsquo;initiation \u00e0 l&rsquo;informatique, ateliers sommeil, ateliers s\u00e9curit\u00e9 routi\u00e8re&#8230;<\/p>\n\n\n\n<p class=\"wp-block-paragraph\">Vous trouverez le programme des manifestations sur l&rsquo;agenda du site et l&rsquo;application IntraMuros<\/p>\n\n\n\n<p class=\"wp-block-paragraph\">Venez nous rejoindre. Renseignements au 06 75 51 59 82<\/p>\n<span>","protected":false},"excerpt":{"rendered":"<p class=\"excerpt\"><span itemprop=\"description\">L&rsquo;association de s\u00e9niors LE CLUB DES POT&rsquo;AGES\u00a0vous propose des apr\u00e8s-midi jeux de soci\u00e9t\u00e9, de la gym douce pour le bien vieillir, un atelier loisirs cr\u00e9atifs pour se divertir\u00a0et passer un bon moment. Elle peut \u00e9galement vous proposer des ateliers d&rsquo;initiation \u00e0 l&rsquo;informatique, ateliers sommeil, ateliers&hellip;<\/span><\/p>\n<p class=\"more-link-p btn-align-center\"><a class=\"turq zoom-btn\" href=\"https:\/\/vouzan.fr\/index.php\/association-les-potages\/\">Lire la suite&#8230;<\/a><\/p>\n","protected":false},"author":3,"featured_media":0,"parent":0,"menu_order":0,"comment_status":"closed","ping_status":"closed","template":"","meta":{"_crdt_document":"","footnotes":""},"class_list":["post-4404","page","type-page","status-publish","hentry","zoom-theme-has-thumb"],"_links":{"self":[{"href":"https:\/\/vouzan.fr\/index.php\/wp-json\/wp\/v2\/pages\/4404","targetHints":{"allow":["GET"]}}],"collection":[{"href":"https:\/\/vouzan.fr\/index.php\/wp-json\/wp\/v2\/pages"}],"about":[{"href":"https:\/\/vouzan.fr\/index.php\/wp-json\/wp\/v2\/types\/page"}],"author":[{"embeddable":true,"href":"https:\/\/vouzan.fr\/index.php\/wp-json\/wp\/v2\/users\/3"}],"replies":[{"embeddable":true,"href":"https:\/\/vouzan.fr\/index.php\/wp-json\/wp\/v2\/comments?post=4404"}],"version-history":[{"count":1,"href":"https:\/\/vouzan.fr\/index.php\/wp-json\/wp\/v2\/pages\/4404\/revisions"}],"predecessor-version":[{"id":4405,"href":"https:\/\/vouzan.fr\/index.php\/wp-json\/wp\/v2\/pages\/4404\/revisions\/4405"}],"wp:attachment":[{"href":"https:\/\/vouzan.fr\/index.php\/wp-json\/wp\/v2\/media?parent=4404"}],"curies":[{"name":"wp","href":"https:\/\/api.w.org\/{rel}","templated":true}]}}