{"id":452,"date":"2017-07-21T13:30:10","date_gmt":"2017-07-21T11:30:10","guid":{"rendered":"http:\/\/vouzan.fr\/?page_id=452"},"modified":"2023-03-19T18:04:59","modified_gmt":"2023-03-19T17:04:59","slug":"la-vie-associative","status":"publish","type":"page","link":"https:\/\/vouzan.fr\/index.php\/la-vie-associative\/","title":{"rendered":"Vie associative"},"content":{"rendered":"<span itemprop=\"description\"><p>Vous retrouverez ici les informations communiqu\u00e9es par les associations \u0153uvrant sur la commune.<\/p>\n<p>Si vous faites partie ou g\u00e9rez une association, prenez contact avec la <a href=\"http:\/\/vouzan.fr\/index.php\/la-mairie\/\">Mairie<\/a> pour pr\u00e9senter ici vos activit\u00e9s.<\/p>\n<h2>AVHEC &#8211; EAU VIVE<\/h2>\n<p><img loading=\"lazy\" decoding=\"async\" class=\"alignleft wp-image-2447 size-thumbnail\" src=\"http:\/\/vouzan.fr\/wp-content\/uploads\/2018\/04\/Logo-eau-vive-tr-150x150.png\" alt=\"\" width=\"150\" height=\"150\" srcset=\"https:\/\/vouzan.fr\/wp-content\/uploads\/2018\/04\/Logo-eau-vive-tr-150x150.png 150w, https:\/\/vouzan.fr\/wp-content\/uploads\/2018\/04\/Logo-eau-vive-tr-200x200.png 200w, https:\/\/vouzan.fr\/wp-content\/uploads\/2018\/04\/Logo-eau-vive-tr-320x320.png 320w\" sizes=\"auto, (max-width: 150px) 100vw, 150px\" \/><\/p>\n<h2><\/h2>\n<h2>Pr\u00e9sence Verte Charente<\/h2>\n<div><span id=\"m_-3906557154297786074p124\"><img loading=\"lazy\" decoding=\"async\" class=\"alignleft wp-image-3177 size-medium\" src=\"https:\/\/vouzan.fr\/wp-content\/uploads\/2019\/10\/logo-2017-300x99.png\" alt=\"\" width=\"300\" height=\"99\" srcset=\"https:\/\/vouzan.fr\/wp-content\/uploads\/2019\/10\/logo-2017-300x99.png 300w, https:\/\/vouzan.fr\/wp-content\/uploads\/2019\/10\/logo-2017.png 348w\" sizes=\"auto, (max-width: 300px) 100vw, 300px\" \/>Situ\u00e9e<\/span><span id=\"m_-3906557154297786074p135\"> 14 impasse Bl\u00e9riot \u00e0 L&rsquo;<span id=\"m_-3906557154297786074161\">Isle<\/span> d&rsquo;<span id=\"m_-3906557154297786074162\">Espagnac, <\/span><\/span><span id=\"m_-3906557154297786074p138\">Pr\u00e9sence Verte Charente vous propose pour le service de livraison de repas, une cuisine \u00e9quilibr\u00e9e et savoureuse, avec des menus \u00e9labor\u00e9s par une di\u00e9t\u00e9ticienne. Les livraisons se font <\/span><span id=\"m_-3906557154297786074p139\">sur tout le territoire de la Charente, les repas sont pr\u00eats \u00e0 \u00eatre r\u00e9chauff\u00e9s, pour une consommation 7 jours sur 7.<\/span><br \/>\n<span id=\"m_-3906557154297786074p140\">Plusieurs formules sont propos\u00e9es dont certaines donnent le choix entre deux menus ainsi que des formules adapt\u00e9es :<\/span><span id=\"m_-3906557154297786074p141\"> pauvre en sel, pauvre en sucre, pauvre en sucre sel graisse, <span id=\"m_-3906557154297786074163\">mix\u00e9<\/span>,&#8230; <\/span><span id=\"m_-3906557154297786074p143\">Ce sera toujours <span id=\"m_-3906557154297786074164\">le\/la<\/span> m\u00eame livreur<span id=\"m_-3906557154297786074p142\">(se)<\/span> qui viendra \u00e0 domicile ce qui favorise ainsi une relation de confiance, ce sont des acteurs essentiels au maintien social.<\/span><span id=\"m_-3906557154297786074p144\"> Ils apportent attention, bienveillance et \u00e9coute.<\/span><br \/>\n<span id=\"m_-3906557154297786074p145\">Pr\u00e9sence Verte Charente vous propose pour le service de <span id=\"m_-3906557154297786074165\">bricolage \/ jardinage<\/span> des interventions sur tout le d\u00e9partement avec le mat\u00e9riel propre \u00e0 la structure.<\/span><br \/>\n<span id=\"m_-3906557154297786074p146\">Les salari\u00e9s sont en CDI sur cette activit\u00e9, ils sont exp\u00e9riment\u00e9s et dipl\u00f4m\u00e9s. Les<\/span><span id=\"m_-3906557154297786074p147\"> interventions se font pour un minimum de deux heures.<\/span><span id=\"m_-3906557154297786074p148\"> Le devis est gratuit.<\/span><br \/>\n<span id=\"m_-3906557154297786074p149\"><\/span>Le<span id=\"m_-3906557154297786074p150\">s services sont accessibles \u00e0 tous, sans distinction d&rsquo;\u00e2ge, que les besoins soient temporaires ou r\u00e9guliers.<\/span><\/div>\n<div>Plus d&rsquo;informations sur le site internet <span id=\"m_-3906557154297786074p126\"><\/span><span id=\"m_-3906557154297786074p127\"> :<\/span><a title=\"Site internet PVC\" href=\"http:\/\/presence-verte-charente.fr\/\" target=\"_blank\" rel=\"noopener noreferrer\" data-saferedirecturl=\"https:\/\/www.google.com\/url?q=http:\/\/presence-verte-charente.fr\/&amp;source=gmail&amp;ust=1571648202242000&amp;usg=AFQjCNEb9l4HOjN9V1J0Pbfi4SA9MMCo6A\"><span id=\"m_-3906557154297786074p128\"> www.presence-verte-charente.fr<\/span><\/a><\/div>\n<div><img loading=\"lazy\" decoding=\"async\" class=\"alignnone wp-image-3178 size-large\" src=\"http:\/\/vouzan.fr\/wp-content\/uploads\/2019\/10\/plaquette-PVC-1-1024x726.jpg\" alt=\"\" width=\"1024\" height=\"726\" srcset=\"https:\/\/vouzan.fr\/wp-content\/uploads\/2019\/10\/plaquette-PVC-1-1024x726.jpg 1024w, https:\/\/vouzan.fr\/wp-content\/uploads\/2019\/10\/plaquette-PVC-1-300x213.jpg 300w, https:\/\/vouzan.fr\/wp-content\/uploads\/2019\/10\/plaquette-PVC-1-768x545.jpg 768w, https:\/\/vouzan.fr\/wp-content\/uploads\/2019\/10\/plaquette-PVC-1-1200x851.jpg 1200w, https:\/\/vouzan.fr\/wp-content\/uploads\/2019\/10\/plaquette-PVC-1.jpg 1286w\" sizes=\"auto, (max-width: 1024px) 100vw, 1024px\" \/><\/div>\n<div><\/div>\n<span>","protected":false},"excerpt":{"rendered":"<p class=\"excerpt\"><span itemprop=\"description\">Vous retrouverez ici les informations communiqu\u00e9es par les associations \u0153uvrant sur la commune. Si vous faites partie ou g\u00e9rez une association, prenez contact avec la Mairie pour pr\u00e9senter ici vos activit\u00e9s. AVHEC &#8211; EAU VIVE Pr\u00e9sence Verte Charente Situ\u00e9e 14 impasse Bl\u00e9riot \u00e0 L&rsquo;Isle d&rsquo;Espagnac,&hellip;<\/span><\/p>\n<p class=\"more-link-p btn-align-center\"><a class=\"turq zoom-btn\" href=\"https:\/\/vouzan.fr\/index.php\/la-vie-associative\/\">Lire la suite&#8230;<\/a><\/p>\n","protected":false},"author":1,"featured_media":0,"parent":0,"menu_order":0,"comment_status":"closed","ping_status":"closed","template":"","meta":{"_crdt_document":"","footnotes":""},"class_list":["post-452","page","type-page","status-publish","hentry","zoom-theme-has-thumb"],"_links":{"self":[{"href":"https:\/\/vouzan.fr\/index.php\/wp-json\/wp\/v2\/pages\/452","targetHints":{"allow":["GET"]}}],"collection":[{"href":"https:\/\/vouzan.fr\/index.php\/wp-json\/wp\/v2\/pages"}],"about":[{"href":"https:\/\/vouzan.fr\/index.php\/wp-json\/wp\/v2\/types\/page"}],"author":[{"embeddable":true,"href":"https:\/\/vouzan.fr\/index.php\/wp-json\/wp\/v2\/users\/1"}],"replies":[{"embeddable":true,"href":"https:\/\/vouzan.fr\/index.php\/wp-json\/wp\/v2\/comments?post=452"}],"version-history":[{"count":14,"href":"https:\/\/vouzan.fr\/index.php\/wp-json\/wp\/v2\/pages\/452\/revisions"}],"predecessor-version":[{"id":4408,"href":"https:\/\/vouzan.fr\/index.php\/wp-json\/wp\/v2\/pages\/452\/revisions\/4408"}],"wp:attachment":[{"href":"https:\/\/vouzan.fr\/index.php\/wp-json\/wp\/v2\/media?parent=452"}],"curies":[{"name":"wp","href":"https:\/\/api.w.org\/{rel}","templated":true}]}}