{"id":4622,"date":"2024-04-30T09:52:34","date_gmt":"2024-04-30T07:52:34","guid":{"rendered":"https:\/\/vouzan.fr\/?page_id=4622"},"modified":"2024-04-30T09:52:37","modified_gmt":"2024-04-30T07:52:37","slug":"vie-locale-2","status":"publish","type":"page","link":"https:\/\/vouzan.fr\/index.php\/vie-locale-2\/","title":{"rendered":"Vie locale"},"content":{"rendered":"<span itemprop=\"description\">\n<p class=\"wp-block-paragraph\">Retrouvez ici les acteurs de la vie locale de Vouzan<\/p>\n\n\n\n<p class=\"wp-block-paragraph\">Au Jard&rsquo;in des ch\u00e8vres : \u00c9levage de ch\u00e8vres, Fromagerie, Vente \u00e0 la ferme<\/p>\n\n\n\n<p class=\"wp-block-paragraph\"><a href=\"https:\/\/vouzan.fr\/index.php\/ctoutvert-insolites\/\" data-type=\"page\" data-id=\"4619\">Ctoutvert Insolites<\/a> : H\u00e9bergements insolites<\/p>\n\n\n\n<p class=\"wp-block-paragraph\">Didier Salvan : Scuplteur, Ateliers sculpture<\/p>\n\n\n\n<p class=\"wp-block-paragraph\">Domaine de l&rsquo;agneau<\/p>\n\n\n\n<p class=\"wp-block-paragraph\">Inspiral (Bill\u00e8res Lo\u00efc et Fl\u00e9chard Fabienne) : Artisan, Arts de la table, Bijoux, D\u00e9coration<\/p>\n\n\n\n<p class=\"wp-block-paragraph\">Les jardins de Laussagne : Jardin remarquable<\/p>\n\n\n\n<p class=\"wp-block-paragraph\">SCEA Franquette : Nuciculteur, Vente \u00e0 la ferme<\/p>\n\n\n\n<p class=\"wp-block-paragraph\">Taxi Hit : Taxi<\/p>\n\n\n\n<p class=\"wp-block-paragraph\">Vouz&rsquo;M\u00e9tal<\/p>\n\n\n\n<p class=\"wp-block-paragraph\"><\/p>\n<span>","protected":false},"excerpt":{"rendered":"<p class=\"excerpt\"><span itemprop=\"description\">Retrouvez ici les acteurs de la vie locale de Vouzan Au Jard&rsquo;in des ch\u00e8vres : \u00c9levage de ch\u00e8vres, Fromagerie, Vente \u00e0 la ferme Ctoutvert Insolites : H\u00e9bergements insolites Didier Salvan : Scuplteur, Ateliers sculpture Domaine de l&rsquo;agneau Inspiral (Bill\u00e8res Lo\u00efc et Fl\u00e9chard Fabienne) : Artisan,&hellip;<\/span><\/p>\n<p class=\"more-link-p btn-align-center\"><a class=\"turq zoom-btn\" href=\"https:\/\/vouzan.fr\/index.php\/vie-locale-2\/\">Lire la suite&#8230;<\/a><\/p>\n","protected":false},"author":3,"featured_media":0,"parent":0,"menu_order":0,"comment_status":"closed","ping_status":"closed","template":"","meta":{"_crdt_document":"","footnotes":""},"class_list":["post-4622","page","type-page","status-publish","hentry","zoom-theme-has-thumb"],"_links":{"self":[{"href":"https:\/\/vouzan.fr\/index.php\/wp-json\/wp\/v2\/pages\/4622","targetHints":{"allow":["GET"]}}],"collection":[{"href":"https:\/\/vouzan.fr\/index.php\/wp-json\/wp\/v2\/pages"}],"about":[{"href":"https:\/\/vouzan.fr\/index.php\/wp-json\/wp\/v2\/types\/page"}],"author":[{"embeddable":true,"href":"https:\/\/vouzan.fr\/index.php\/wp-json\/wp\/v2\/users\/3"}],"replies":[{"embeddable":true,"href":"https:\/\/vouzan.fr\/index.php\/wp-json\/wp\/v2\/comments?post=4622"}],"version-history":[{"count":1,"href":"https:\/\/vouzan.fr\/index.php\/wp-json\/wp\/v2\/pages\/4622\/revisions"}],"predecessor-version":[{"id":4623,"href":"https:\/\/vouzan.fr\/index.php\/wp-json\/wp\/v2\/pages\/4622\/revisions\/4623"}],"wp:attachment":[{"href":"https:\/\/vouzan.fr\/index.php\/wp-json\/wp\/v2\/media?parent=4622"}],"curies":[{"name":"wp","href":"https:\/\/api.w.org\/{rel}","templated":true}]}}