{"id":4707,"date":"2024-04-30T15:17:16","date_gmt":"2024-04-30T13:17:16","guid":{"rendered":"https:\/\/vouzan.fr\/?page_id=4707"},"modified":"2025-05-06T10:21:12","modified_gmt":"2025-05-06T08:21:12","slug":"acteurs-economiques","status":"publish","type":"page","link":"https:\/\/vouzan.fr\/index.php\/acteurs-economiques\/","title":{"rendered":"Acteurs \u00e9conomiques"},"content":{"rendered":"<span itemprop=\"description\">\n<p class=\"wp-block-paragraph\">Sur cette page vous trouverez les acteurs \u00e9conomiques de la communes. Qu&rsquo;ils soient commer\u00e7ants, artisans, \u00e9leveurs, producteurs, ils participent \u00e0 la renomm\u00e9e de Vouzan.<\/p>\n\n\n\n<h2 class=\"wp-block-heading\">Artisanat<\/h2>\n\n\n\n<figure class=\"wp-block-gallery has-nested-images columns-2 is-cropped wp-block-gallery-1 is-layout-flex wp-block-gallery-is-layout-flex\">\n<figure class=\"wp-block-image size-large is-style-rounded\"><a href=\"https:\/\/vouzan.fr\/index.php\/2020\/04\/30\/sabtys-latelier-de-sabine\/\"><img loading=\"lazy\" decoding=\"async\" width=\"814\" height=\"814\" data-id=\"4752\" src=\"https:\/\/vouzan.fr\/wp-content\/uploads\/2024\/04\/Screenshot_20230803_121814-edited.jpg\" alt=\"\" class=\"wp-image-4752\" srcset=\"https:\/\/vouzan.fr\/wp-content\/uploads\/2024\/04\/Screenshot_20230803_121814-edited.jpg 814w, https:\/\/vouzan.fr\/wp-content\/uploads\/2024\/04\/Screenshot_20230803_121814-edited-300x300.jpg 300w, https:\/\/vouzan.fr\/wp-content\/uploads\/2024\/04\/Screenshot_20230803_121814-edited-150x150.jpg 150w, https:\/\/vouzan.fr\/wp-content\/uploads\/2024\/04\/Screenshot_20230803_121814-edited-768x768.jpg 768w, https:\/\/vouzan.fr\/wp-content\/uploads\/2024\/04\/Screenshot_20230803_121814-edited-200x200.jpg 200w, https:\/\/vouzan.fr\/wp-content\/uploads\/2024\/04\/Screenshot_20230803_121814-edited-320x320.jpg 320w\" sizes=\"auto, (max-width: 814px) 100vw, 814px\" \/><\/a><figcaption class=\"wp-element-caption\"><a href=\"https:\/\/vouzan.fr\/index.php\/2020\/04\/30\/sabtys-latelier-de-sabine\/\" data-type=\"post\" data-id=\"4682\">SABTYS L&rsquo;atelier de Sabine<\/a><\/figcaption><\/figure>\n\n\n\n<figure class=\"wp-block-image size-large is-style-rounded\"><a href=\"https:\/\/vouzan.fr\/index.php\/2022\/06\/18\/julien-chastagnol\/\"><img loading=\"lazy\" decoding=\"async\" width=\"474\" height=\"316\" data-id=\"4841\" src=\"https:\/\/vouzan.fr\/wp-content\/uploads\/2024\/06\/Plombier-2.webp\" alt=\"\" class=\"wp-image-4841\" srcset=\"https:\/\/vouzan.fr\/wp-content\/uploads\/2024\/06\/Plombier-2.webp 474w, https:\/\/vouzan.fr\/wp-content\/uploads\/2024\/06\/Plombier-2-300x200.webp 300w\" sizes=\"auto, (max-width: 474px) 100vw, 474px\" \/><\/a><figcaption class=\"wp-element-caption\"><a href=\"https:\/\/vouzan.fr\/index.php\/2022\/06\/18\/julien-chastagnol\/\" data-type=\"post\" data-id=\"4840\">Julien Chastagnol<\/a><\/figcaption><\/figure>\n\n\n\n<figure class=\"wp-block-image size-large is-style-rounded\"><img loading=\"lazy\" decoding=\"async\" width=\"408\" height=\"408\" data-id=\"4708\" src=\"https:\/\/vouzan.fr\/wp-content\/uploads\/2024\/04\/Vouzmetal-2-edited.jpg\" alt=\"\" class=\"wp-image-4708\" srcset=\"https:\/\/vouzan.fr\/wp-content\/uploads\/2024\/04\/Vouzmetal-2-edited.jpg 408w, https:\/\/vouzan.fr\/wp-content\/uploads\/2024\/04\/Vouzmetal-2-edited-300x300.jpg 300w, https:\/\/vouzan.fr\/wp-content\/uploads\/2024\/04\/Vouzmetal-2-edited-150x150.jpg 150w, https:\/\/vouzan.fr\/wp-content\/uploads\/2024\/04\/Vouzmetal-2-edited-200x200.jpg 200w, https:\/\/vouzan.fr\/wp-content\/uploads\/2024\/04\/Vouzmetal-2-edited-320x320.jpg 320w\" sizes=\"auto, (max-width: 408px) 100vw, 408px\" \/><figcaption class=\"wp-element-caption\">VOUZ&rsquo;M\u00e9tal<\/figcaption><\/figure>\n\n\n\n<figure class=\"wp-block-image size-large is-style-rounded\"><a href=\"https:\/\/vouzan.fr\/index.php\/2020\/04\/30\/didier-salvan\/\"><img loading=\"lazy\" decoding=\"async\" width=\"637\" height=\"637\" data-id=\"4805\" src=\"https:\/\/vouzan.fr\/wp-content\/uploads\/2024\/05\/60-edited.jpg\" alt=\"\" class=\"wp-image-4805\" srcset=\"https:\/\/vouzan.fr\/wp-content\/uploads\/2024\/05\/60-edited.jpg 637w, https:\/\/vouzan.fr\/wp-content\/uploads\/2024\/05\/60-edited-300x300.jpg 300w, https:\/\/vouzan.fr\/wp-content\/uploads\/2024\/05\/60-edited-150x150.jpg 150w, https:\/\/vouzan.fr\/wp-content\/uploads\/2024\/05\/60-edited-200x200.jpg 200w, https:\/\/vouzan.fr\/wp-content\/uploads\/2024\/05\/60-edited-320x320.jpg 320w\" sizes=\"auto, (max-width: 637px) 100vw, 637px\" \/><\/a><figcaption class=\"wp-element-caption\"><a href=\"https:\/\/vouzan.fr\/index.php\/2020\/04\/30\/didier-salvan\/\" data-type=\"post\" data-id=\"4781\">Didier Salvan<\/a><\/figcaption><\/figure>\n\n\n\n<figure class=\"wp-block-image size-large is-style-rounded\"><a href=\"https:\/\/vouzan.fr\/index.php\/2020\/04\/30\/les-jardins-de-laussagne\/\"><img loading=\"lazy\" decoding=\"async\" width=\"1024\" height=\"1024\" data-id=\"4730\" src=\"https:\/\/vouzan.fr\/wp-content\/uploads\/2024\/04\/received_1633430163472693-edited-1024x1024.jpeg\" alt=\"\" class=\"wp-image-4730\" srcset=\"https:\/\/vouzan.fr\/wp-content\/uploads\/2024\/04\/received_1633430163472693-edited-1024x1024.jpeg 1024w, https:\/\/vouzan.fr\/wp-content\/uploads\/2024\/04\/received_1633430163472693-edited-300x300.jpeg 300w, https:\/\/vouzan.fr\/wp-content\/uploads\/2024\/04\/received_1633430163472693-edited-150x150.jpeg 150w, https:\/\/vouzan.fr\/wp-content\/uploads\/2024\/04\/received_1633430163472693-edited-768x768.jpeg 768w, https:\/\/vouzan.fr\/wp-content\/uploads\/2024\/04\/received_1633430163472693-edited-1536x1536.jpeg 1536w, https:\/\/vouzan.fr\/wp-content\/uploads\/2024\/04\/received_1633430163472693-edited-200x200.jpeg 200w, https:\/\/vouzan.fr\/wp-content\/uploads\/2024\/04\/received_1633430163472693-edited-320x320.jpeg 320w, https:\/\/vouzan.fr\/wp-content\/uploads\/2024\/04\/received_1633430163472693-edited-1200x1199.jpeg 1200w, https:\/\/vouzan.fr\/wp-content\/uploads\/2024\/04\/received_1633430163472693-edited-1320x1319.jpeg 1320w, https:\/\/vouzan.fr\/wp-content\/uploads\/2024\/04\/received_1633430163472693-edited.jpeg 1961w\" sizes=\"auto, (max-width: 1024px) 100vw, 1024px\" \/><\/a><figcaption class=\"wp-element-caption\"><a href=\"https:\/\/vouzan.fr\/index.php\/2020\/04\/30\/les-jardins-de-laussagne\/\" data-type=\"post\" data-id=\"4720\">Les Jardins de Laussagne<\/a><\/figcaption><\/figure>\n\n\n\n<figure class=\"wp-block-image size-large is-style-rounded\"><a href=\"https:\/\/vouzan.fr\/index.php\/2020\/05\/06\/r-elec-automatismes\/\"><img loading=\"lazy\" decoding=\"async\" width=\"850\" height=\"850\" data-id=\"4972\" src=\"https:\/\/vouzan.fr\/wp-content\/uploads\/2025\/05\/logojpg.jpg\" alt=\"\" class=\"wp-image-4972\" srcset=\"https:\/\/vouzan.fr\/wp-content\/uploads\/2025\/05\/logojpg.jpg 850w, https:\/\/vouzan.fr\/wp-content\/uploads\/2025\/05\/logojpg-300x300.jpg 300w, https:\/\/vouzan.fr\/wp-content\/uploads\/2025\/05\/logojpg-150x150.jpg 150w, https:\/\/vouzan.fr\/wp-content\/uploads\/2025\/05\/logojpg-768x768.jpg 768w, https:\/\/vouzan.fr\/wp-content\/uploads\/2025\/05\/logojpg-200x200.jpg 200w, https:\/\/vouzan.fr\/wp-content\/uploads\/2025\/05\/logojpg-320x320.jpg 320w\" sizes=\"auto, (max-width: 850px) 100vw, 850px\" \/><\/a><figcaption class=\"wp-element-caption\"><a href=\"https:\/\/vouzan.fr\/index.php\/2020\/05\/06\/r-elec-automatismes\/\" data-type=\"post\" data-id=\"4971\">R ELEC &amp; AUTOMATISMES<\/a><\/figcaption><\/figure>\n\n\n\n<figure class=\"wp-block-image size-large is-style-rounded\"><a href=\"https:\/\/vouzan.fr\/index.php\/2020\/04\/30\/inspiral\/\"><img loading=\"lazy\" decoding=\"async\" width=\"960\" height=\"960\" data-id=\"4751\" src=\"https:\/\/vouzan.fr\/wp-content\/uploads\/2024\/04\/Inspiral-3-edited-1.jpg\" alt=\"\" class=\"wp-image-4751\" srcset=\"https:\/\/vouzan.fr\/wp-content\/uploads\/2024\/04\/Inspiral-3-edited-1.jpg 960w, https:\/\/vouzan.fr\/wp-content\/uploads\/2024\/04\/Inspiral-3-edited-1-300x300.jpg 300w, https:\/\/vouzan.fr\/wp-content\/uploads\/2024\/04\/Inspiral-3-edited-1-150x150.jpg 150w, https:\/\/vouzan.fr\/wp-content\/uploads\/2024\/04\/Inspiral-3-edited-1-768x768.jpg 768w, https:\/\/vouzan.fr\/wp-content\/uploads\/2024\/04\/Inspiral-3-edited-1-200x200.jpg 200w, https:\/\/vouzan.fr\/wp-content\/uploads\/2024\/04\/Inspiral-3-edited-1-320x320.jpg 320w\" sizes=\"auto, (max-width: 960px) 100vw, 960px\" \/><\/a><figcaption class=\"wp-element-caption\"><a href=\"https:\/\/vouzan.fr\/index.php\/2020\/04\/30\/inspiral\/\" data-type=\"post\" data-id=\"4648\">Inspiral<\/a><\/figcaption><\/figure>\n<\/figure>\n\n\n\n<p class=\"wp-block-paragraph\"><\/p>\n\n\n\n<h2 class=\"wp-block-heading\">G\u00eetes et chambres d&rsquo;h\u00f4tes<\/h2>\n\n\n\n<figure class=\"wp-block-gallery has-nested-images columns-default is-cropped wp-block-gallery-2 is-layout-flex wp-block-gallery-is-layout-flex\">\n<figure class=\"wp-block-image size-large is-style-rounded\"><a href=\"https:\/\/vouzan.fr\/index.php\/2020\/04\/30\/ctoutvert-insolites\/\"><img loading=\"lazy\" decoding=\"async\" width=\"1024\" height=\"1024\" data-id=\"4734\" src=\"https:\/\/vouzan.fr\/wp-content\/uploads\/2024\/04\/Ctouvert-0-edited-1024x1024.jpg\" alt=\"\" class=\"wp-image-4734\" srcset=\"https:\/\/vouzan.fr\/wp-content\/uploads\/2024\/04\/Ctouvert-0-edited-1024x1024.jpg 1024w, https:\/\/vouzan.fr\/wp-content\/uploads\/2024\/04\/Ctouvert-0-edited-300x300.jpg 300w, https:\/\/vouzan.fr\/wp-content\/uploads\/2024\/04\/Ctouvert-0-edited-150x150.jpg 150w, https:\/\/vouzan.fr\/wp-content\/uploads\/2024\/04\/Ctouvert-0-edited-768x768.jpg 768w, https:\/\/vouzan.fr\/wp-content\/uploads\/2024\/04\/Ctouvert-0-edited-1536x1536.jpg 1536w, https:\/\/vouzan.fr\/wp-content\/uploads\/2024\/04\/Ctouvert-0-edited-200x200.jpg 200w, https:\/\/vouzan.fr\/wp-content\/uploads\/2024\/04\/Ctouvert-0-edited-320x320.jpg 320w, https:\/\/vouzan.fr\/wp-content\/uploads\/2024\/04\/Ctouvert-0-edited-1200x1200.jpg 1200w, https:\/\/vouzan.fr\/wp-content\/uploads\/2024\/04\/Ctouvert-0-edited-1320x1320.jpg 1320w, https:\/\/vouzan.fr\/wp-content\/uploads\/2024\/04\/Ctouvert-0-edited.jpg 1936w\" sizes=\"auto, (max-width: 1024px) 100vw, 1024px\" \/><\/a><figcaption class=\"wp-element-caption\"><a href=\"https:\/\/vouzan.fr\/index.php\/2020\/04\/30\/ctoutvert-insolites\/\" data-type=\"post\" data-id=\"4626\">Ctoutvert Insolites<\/a><\/figcaption><\/figure>\n\n\n\n<figure class=\"wp-block-image size-large is-style-rounded\"><a href=\"https:\/\/vouzan.fr\/index.php\/2020\/04\/30\/le-domaine-de-lagneau\/\"><img loading=\"lazy\" decoding=\"async\" width=\"1024\" height=\"1024\" data-id=\"4732\" src=\"https:\/\/vouzan.fr\/wp-content\/uploads\/2024\/04\/Domaine-de-lAgneau-7_1-edited-1024x1024.jpg\" alt=\"\" class=\"wp-image-4732\" srcset=\"https:\/\/vouzan.fr\/wp-content\/uploads\/2024\/04\/Domaine-de-lAgneau-7_1-edited-1024x1024.jpg 1024w, https:\/\/vouzan.fr\/wp-content\/uploads\/2024\/04\/Domaine-de-lAgneau-7_1-edited-300x300.jpg 300w, https:\/\/vouzan.fr\/wp-content\/uploads\/2024\/04\/Domaine-de-lAgneau-7_1-edited-150x150.jpg 150w, https:\/\/vouzan.fr\/wp-content\/uploads\/2024\/04\/Domaine-de-lAgneau-7_1-edited-768x768.jpg 768w, https:\/\/vouzan.fr\/wp-content\/uploads\/2024\/04\/Domaine-de-lAgneau-7_1-edited-200x200.jpg 200w, https:\/\/vouzan.fr\/wp-content\/uploads\/2024\/04\/Domaine-de-lAgneau-7_1-edited-320x320.jpg 320w, https:\/\/vouzan.fr\/wp-content\/uploads\/2024\/04\/Domaine-de-lAgneau-7_1-edited.jpg 1200w\" sizes=\"auto, (max-width: 1024px) 100vw, 1024px\" \/><\/a><figcaption class=\"wp-element-caption\"><a href=\"https:\/\/vouzan.fr\/index.php\/2020\/04\/30\/le-domaine-de-lagneau\/\" data-type=\"post\" data-id=\"4668\">Le Domaine de l&rsquo;Agneau<\/a><\/figcaption><\/figure>\n<\/figure>\n\n\n\n<h2 class=\"wp-block-heading\">Producteurs<\/h2>\n\n\n\n<figure class=\"wp-block-gallery has-nested-images columns-2 is-cropped wp-block-gallery-3 is-layout-flex wp-block-gallery-is-layout-flex\">\n<figure class=\"wp-block-image size-large is-style-rounded\"><a href=\"https:\/\/vouzan.fr\/index.php\/2020\/04\/30\/earl-franquette\/\"><img loading=\"lazy\" decoding=\"async\" width=\"254\" height=\"253\" data-id=\"4787\" src=\"https:\/\/vouzan.fr\/wp-content\/uploads\/2024\/04\/da313892dcb8c1bd64f8a8de119fcbb2_earl-franq-edited.jpg\" alt=\"\" class=\"wp-image-4787\" srcset=\"https:\/\/vouzan.fr\/wp-content\/uploads\/2024\/04\/da313892dcb8c1bd64f8a8de119fcbb2_earl-franq-edited.jpg 254w, https:\/\/vouzan.fr\/wp-content\/uploads\/2024\/04\/da313892dcb8c1bd64f8a8de119fcbb2_earl-franq-edited-150x150.jpg 150w, https:\/\/vouzan.fr\/wp-content\/uploads\/2024\/04\/da313892dcb8c1bd64f8a8de119fcbb2_earl-franq-edited-200x200.jpg 200w\" sizes=\"auto, (max-width: 254px) 100vw, 254px\" \/><\/a><figcaption class=\"wp-element-caption\"><a href=\"https:\/\/vouzan.fr\/index.php\/2020\/04\/30\/earl-franquette\/\" data-type=\"post\" data-id=\"4774\">EARL Franquette<\/a><\/figcaption><\/figure>\n\n\n\n<figure class=\"wp-block-image size-medium is-style-rounded\"><a href=\"https:\/\/vouzan.fr\/index.php\/2020\/04\/30\/au-jardin-des-chevres\/\"><img loading=\"lazy\" decoding=\"async\" width=\"300\" height=\"300\" data-id=\"4789\" src=\"https:\/\/vouzan.fr\/wp-content\/uploads\/2024\/04\/6250b9369145f776fa1cba841a6b0ed2_au-jardin-edited-300x300.jpg\" alt=\"\" class=\"wp-image-4789\" srcset=\"https:\/\/vouzan.fr\/wp-content\/uploads\/2024\/04\/6250b9369145f776fa1cba841a6b0ed2_au-jardin-edited-300x300.jpg 300w, https:\/\/vouzan.fr\/wp-content\/uploads\/2024\/04\/6250b9369145f776fa1cba841a6b0ed2_au-jardin-edited-150x150.jpg 150w, https:\/\/vouzan.fr\/wp-content\/uploads\/2024\/04\/6250b9369145f776fa1cba841a6b0ed2_au-jardin-edited-200x200.jpg 200w, https:\/\/vouzan.fr\/wp-content\/uploads\/2024\/04\/6250b9369145f776fa1cba841a6b0ed2_au-jardin-edited-320x320.jpg 320w, https:\/\/vouzan.fr\/wp-content\/uploads\/2024\/04\/6250b9369145f776fa1cba841a6b0ed2_au-jardin-edited.jpg 350w\" sizes=\"auto, (max-width: 300px) 100vw, 300px\" \/><\/a><figcaption class=\"wp-element-caption\"><a href=\"https:\/\/vouzan.fr\/index.php\/2020\/04\/30\/au-jardin-des-chevres\/\" data-type=\"post\" data-id=\"4761\">Au Jard&rsquo;in des Ch\u00e8vres<\/a><\/figcaption><\/figure>\n\n\n\n<figure class=\"wp-block-image size-medium is-style-rounded\"><a href=\"https:\/\/vouzan.fr\/index.php\/2020\/04\/30\/volailles-cadier\/\"><img loading=\"lazy\" decoding=\"async\" width=\"300\" height=\"300\" data-id=\"4788\" src=\"https:\/\/vouzan.fr\/wp-content\/uploads\/2024\/04\/Cadier-4-edited-300x300.jpg\" alt=\"\" class=\"wp-image-4788\" srcset=\"https:\/\/vouzan.fr\/wp-content\/uploads\/2024\/04\/Cadier-4-edited-300x300.jpg 300w, https:\/\/vouzan.fr\/wp-content\/uploads\/2024\/04\/Cadier-4-edited-150x150.jpg 150w, https:\/\/vouzan.fr\/wp-content\/uploads\/2024\/04\/Cadier-4-edited-200x200.jpg 200w, https:\/\/vouzan.fr\/wp-content\/uploads\/2024\/04\/Cadier-4-edited-320x320.jpg 320w, https:\/\/vouzan.fr\/wp-content\/uploads\/2024\/04\/Cadier-4-edited.jpg 508w\" sizes=\"auto, (max-width: 300px) 100vw, 300px\" \/><\/a><figcaption class=\"wp-element-caption\"><a href=\"https:\/\/vouzan.fr\/index.php\/2020\/04\/30\/volailles-cadier\/\" data-type=\"post\" data-id=\"4768\">Volailles Cadier<\/a><\/figcaption><\/figure>\n\n\n\n<figure class=\"wp-block-image size-medium is-style-rounded\"><a href=\"https:\/\/vouzan.fr\/index.php\/2020\/04\/30\/metal-snail\/\"><img loading=\"lazy\" decoding=\"async\" width=\"300\" height=\"300\" data-id=\"4657\" src=\"https:\/\/vouzan.fr\/wp-content\/uploads\/2024\/04\/Metal-Snail-5-300x300.jpg\" alt=\"\" class=\"wp-image-4657\" srcset=\"https:\/\/vouzan.fr\/wp-content\/uploads\/2024\/04\/Metal-Snail-5-300x300.jpg 300w, https:\/\/vouzan.fr\/wp-content\/uploads\/2024\/04\/Metal-Snail-5-150x150.jpg 150w, https:\/\/vouzan.fr\/wp-content\/uploads\/2024\/04\/Metal-Snail-5-200x200.jpg 200w, https:\/\/vouzan.fr\/wp-content\/uploads\/2024\/04\/Metal-Snail-5-320x320.jpg 320w, https:\/\/vouzan.fr\/wp-content\/uploads\/2024\/04\/Metal-Snail-5.jpg 480w\" sizes=\"auto, (max-width: 300px) 100vw, 300px\" \/><\/a><figcaption class=\"wp-element-caption\"><a href=\"https:\/\/vouzan.fr\/index.php\/2020\/04\/30\/metal-snail\/\" data-type=\"post\" data-id=\"4656\">M\u00e9tal Snail<\/a><\/figcaption><\/figure>\n<\/figure>\n\n\n\n<h2 class=\"wp-block-heading\">Services<\/h2>\n\n\n\n<figure class=\"wp-block-gallery has-nested-images columns-2 is-cropped wp-block-gallery-4 is-layout-flex wp-block-gallery-is-layout-flex\">\n<figure class=\"wp-block-image size-large is-style-rounded\"><a href=\"https:\/\/vouzan.fr\/index.php\/2020\/04\/30\/nl-fret\/\"><img decoding=\"async\" data-id=\"4793\" src=\"https:\/\/vouzan.fr\/wp-content\/uploads\/2024\/04\/NL_FRET-edited.png\" alt=\"\" class=\"wp-image-4793\"\/><\/a><figcaption class=\"wp-element-caption\"><a href=\"https:\/\/vouzan.fr\/index.php\/2020\/04\/30\/nl-fret\/\" data-type=\"post\" data-id=\"4758\">NL FRET<\/a><\/figcaption><\/figure>\n\n\n\n<figure class=\"wp-block-image size-large is-style-rounded\"><a href=\"https:\/\/vouzan.fr\/index.php\/2020\/04\/30\/ad2\/\"><img decoding=\"async\" data-id=\"4794\" src=\"https:\/\/vouzan.fr\/wp-content\/uploads\/2024\/04\/17b87d4280f0dad04b8487a7f3ff125f_AD2-edited.jpg\" alt=\"\" class=\"wp-image-4794\"\/><\/a><figcaption class=\"wp-element-caption\"><a href=\"https:\/\/vouzan.fr\/index.php\/2020\/04\/30\/ad2\/\" data-type=\"post\" data-id=\"4699\">AD2 Services Administratifs<\/a><\/figcaption><\/figure>\n\n\n\n<figure class=\"wp-block-image size-large is-style-rounded\"><a href=\"https:\/\/vouzan.fr\/index.php\/2020\/04\/30\/taxi-hit\/\"><img loading=\"lazy\" decoding=\"async\" width=\"199\" height=\"199\" data-id=\"4797\" src=\"https:\/\/vouzan.fr\/wp-content\/uploads\/2024\/04\/568c5bf8024811f5c98f5d96829235dd_TAXI_HIT-1-edited.png\" alt=\"\" class=\"wp-image-4797\" srcset=\"https:\/\/vouzan.fr\/wp-content\/uploads\/2024\/04\/568c5bf8024811f5c98f5d96829235dd_TAXI_HIT-1-edited.png 199w, https:\/\/vouzan.fr\/wp-content\/uploads\/2024\/04\/568c5bf8024811f5c98f5d96829235dd_TAXI_HIT-1-edited-150x150.png 150w\" sizes=\"auto, (max-width: 199px) 100vw, 199px\" \/><\/a><figcaption class=\"wp-element-caption\"><a href=\"https:\/\/vouzan.fr\/index.php\/2020\/04\/30\/taxi-hit\/\" data-type=\"post\" data-id=\"4715\">Taxi HIT<\/a><\/figcaption><\/figure>\n\n\n\n<figure class=\"wp-block-image size-full is-style-rounded\"><a href=\"https:\/\/vouzan.fr\/index.php\/2020\/04\/30\/mamiesitter\/\"><img loading=\"lazy\" decoding=\"async\" width=\"350\" height=\"195\" data-id=\"4796\" src=\"https:\/\/vouzan.fr\/wp-content\/uploads\/2024\/04\/Mamiesitte-edited-1.jpg\" alt=\"\" class=\"wp-image-4796\" srcset=\"https:\/\/vouzan.fr\/wp-content\/uploads\/2024\/04\/Mamiesitte-edited-1.jpg 350w, https:\/\/vouzan.fr\/wp-content\/uploads\/2024\/04\/Mamiesitte-edited-1-300x167.jpg 300w\" sizes=\"auto, (max-width: 350px) 100vw, 350px\" \/><\/a><figcaption class=\"wp-element-caption\"><a href=\"https:\/\/vouzan.fr\/index.php\/2020\/04\/30\/mamiesitter\/\" data-type=\"post\" data-id=\"4694\">Mamiesitter<\/a><\/figcaption><\/figure>\n<\/figure>\n\n\n\n<p class=\"wp-block-paragraph\"><\/p>\n\n\n\n<p class=\"wp-block-paragraph\">&#8230;<\/p>\n\n\n\n<p class=\"wp-block-paragraph\">Votre entreprise n&rsquo;est pas pr\u00e9sente, contactez-nous : <a href=\"mailto:adjoint1@vouzan.fr\">adjoint1@vouzan.fr<\/a><\/p>\n<span>","protected":false},"excerpt":{"rendered":"<p class=\"excerpt\"><span itemprop=\"description\">Sur cette page vous trouverez les acteurs \u00e9conomiques de la communes. Qu&rsquo;ils soient commer\u00e7ants, artisans, \u00e9leveurs, producteurs, ils participent \u00e0 la renomm\u00e9e de Vouzan. Artisanat G\u00eetes et chambres d&rsquo;h\u00f4tes Producteurs Services &#8230; Votre entreprise n&rsquo;est pas pr\u00e9sente, contactez-nous : adjoint1@vouzan.fr<\/span><\/p>\n<p class=\"more-link-p btn-align-center\"><a class=\"turq zoom-btn\" href=\"https:\/\/vouzan.fr\/index.php\/acteurs-economiques\/\">Lire la suite&#8230;<\/a><\/p>\n","protected":false},"author":3,"featured_media":0,"parent":0,"menu_order":0,"comment_status":"closed","ping_status":"closed","template":"","meta":{"_crdt_document":"","footnotes":""},"class_list":["post-4707","page","type-page","status-publish","hentry","zoom-theme-has-thumb"],"_links":{"self":[{"href":"https:\/\/vouzan.fr\/index.php\/wp-json\/wp\/v2\/pages\/4707","targetHints":{"allow":["GET"]}}],"collection":[{"href":"https:\/\/vouzan.fr\/index.php\/wp-json\/wp\/v2\/pages"}],"about":[{"href":"https:\/\/vouzan.fr\/index.php\/wp-json\/wp\/v2\/types\/page"}],"author":[{"embeddable":true,"href":"https:\/\/vouzan.fr\/index.php\/wp-json\/wp\/v2\/users\/3"}],"replies":[{"embeddable":true,"href":"https:\/\/vouzan.fr\/index.php\/wp-json\/wp\/v2\/comments?post=4707"}],"version-history":[{"count":26,"href":"https:\/\/vouzan.fr\/index.php\/wp-json\/wp\/v2\/pages\/4707\/revisions"}],"predecessor-version":[{"id":4980,"href":"https:\/\/vouzan.fr\/index.php\/wp-json\/wp\/v2\/pages\/4707\/revisions\/4980"}],"wp:attachment":[{"href":"https:\/\/vouzan.fr\/index.php\/wp-json\/wp\/v2\/media?parent=4707"}],"curies":[{"name":"wp","href":"https:\/\/api.w.org\/{rel}","templated":true}]}}