{"id":544,"date":"2017-07-24T14:26:16","date_gmt":"2017-07-24T12:26:16","guid":{"rendered":"http:\/\/vouzan.fr\/?page_id=544"},"modified":"2018-06-07T09:59:54","modified_gmt":"2018-06-07T07:59:54","slug":"mentions-legales","status":"publish","type":"page","link":"https:\/\/vouzan.fr\/index.php\/mentions-legales\/","title":{"rendered":"Mentions l\u00e9gales"},"content":{"rendered":"<span itemprop=\"description\"><h2>Propri\u00e9taire :<\/h2>\n<p style=\"padding-left: 30px;\">Mairie de Vouzan<br \/>\nLe bourg<br \/>\n16410 VOUZAN<br \/>\nT\u00e9l\u00e9phone : 05 45 24 90 78<br \/>\nFax : 05 45 24 94 96<br \/>\nCourriel : <a href=\"mailto:mairie@vouzan.fr\">mairie@vouzan.fr<\/a><\/p>\n<h2>Directeur de publication :<\/h2>\n<p style=\"padding-left: 30px;\">Thierry Hureau, Maire.<\/p>\n<h2>Site h\u00e9berg\u00e9 par :<\/h2>\n<p style=\"padding-left: 30px;\">SAS au capital de 10 069 020 \u20ac<br \/>\nRCS Lille M\u00e9tropole 424 761 419 00045<br \/>\nCode APE 2620Z<br \/>\nN\u00b0 TVA : FR 22 424 761 419<br \/>\nSi\u00e8ge social : 2 rue Kellermann &#8211; 59100 Roubaix &#8211; France<\/p>\n<h2>Conditions d&rsquo;utilisation du site Internet www.vouzan.fr<\/h2>\n<p>Le site et chacun des \u00e9l\u00e9ments, y compris mais sans limitation les marques, les logos, ic\u00f4nes, infographies, photographies, qui le composent sont prot\u00e9g\u00e9s au titre de la l\u00e9gislation internationale de la propri\u00e9t\u00e9 intellectuelle. Les contenus figurant sur le site sont la propri\u00e9t\u00e9 de la Mairie de Vouzan ou d\u2019autres entreprises. Toute utilisation, reproduction ou repr\u00e9sentation, par quelque proc\u00e9d\u00e9 que ce soit, et sur quelque support que ce soit, de tout ou partie du site et\/ou des \u00e9l\u00e9ments qui le composent n&rsquo;est pas autoris\u00e9e sans le consentement expresse de la Mairie de Vouzan<\/p>\n<h2>Politique de protection des donn\u00e9es personnelles<\/h2>\n<p>Le site <a href=\"http:\/\/www.vouzan.fr\">www.vouzan.fr<\/a> respecte les lois n\u00b0 78-87 du 6 janvier 1978, la loi n\u00b0 2004-801 du 6 ao\u00fbt 2004, l&rsquo;article L. 226-13 du Code p\u00e9nal et la Directive Europ\u00e9enne du 24 octobre 1995 prot\u00e9geant les donn\u00e9es personnelles.<\/p>\n<p>Le site <a href=\"http:\/\/www.vouzan.fr\">www.vouzan.fr<\/a> ne collecte des informations personnelles relatives \u00e0 l&rsquo;utilisateur que pour le besoin de certains services propos\u00e9s par le site. L&rsquo;utilisateur fournit ces informations en connaissance de cause, proc\u00e9dant lui-m\u00eame \u00e0 leur \u00e9ventuelle saisie.<\/p>\n<p>Conform\u00e9ment aux dispositions des articles 38 et suivants de la loi 78-17 du 6 janvier 1978 relative \u00e0 l\u2019informatique, aux fichiers et aux libert\u00e9s, tout utilisateur dispose d\u2019un droit d\u2019acc\u00e8s, de rectification et d\u2019opposition aux donn\u00e9es personnelles le concernant, en effectuant sa demande \u00e9crite et sign\u00e9e, accompagn\u00e9e d\u2019une copie du titre d\u2019identit\u00e9 avec signature du titulaire de la pi\u00e8ce, en pr\u00e9cisant l\u2019adresse \u00e0 laquelle la r\u00e9ponse doit \u00eatre envoy\u00e9e. Cette demande \u00e9crite devra \u00eatre adress\u00e9e \u00e0 la Mairie deVouzan.<\/p>\n<p>Aucune information personnelle de l&rsquo;utilisateur du site <a href=\"http:\/\/www.vouzan.fr\">www.vouzan.fr<\/a> n&rsquo;est publi\u00e9e \u00e0 l&rsquo;insu de l&rsquo;utilisateur, \u00e9chang\u00e9e, transf\u00e9r\u00e9e, c\u00e9d\u00e9e ou vendue sur un support quelconque \u00e0 des tiers.<\/p>\n<p>Les bases de donn\u00e9es sont prot\u00e9g\u00e9es par les dispositions de la loi du 1er juillet 1998 transposant la directive 96\/9 du 11 mars 1996 relative \u00e0 la protection juridique des bases de donn\u00e9es.<\/p>\n<span>","protected":false},"excerpt":{"rendered":"<p class=\"excerpt\"><span itemprop=\"description\">Propri\u00e9taire : Mairie de Vouzan Le bourg 16410 VOUZAN T\u00e9l\u00e9phone : 05 45 24 90 78 Fax : 05 45 24 94 96 Courriel : mairie@vouzan.fr Directeur de publication : Thierry Hureau, Maire. Site h\u00e9berg\u00e9 par : SAS au capital de 10 069 020 \u20ac&hellip;<\/span><\/p>\n<p class=\"more-link-p btn-align-center\"><a class=\"turq zoom-btn\" href=\"https:\/\/vouzan.fr\/index.php\/mentions-legales\/\">Lire la suite&#8230;<\/a><\/p>\n","protected":false},"author":1,"featured_media":0,"parent":0,"menu_order":0,"comment_status":"closed","ping_status":"closed","template":"","meta":{"_crdt_document":"","footnotes":""},"class_list":["post-544","page","type-page","status-publish","hentry","zoom-theme-has-thumb"],"_links":{"self":[{"href":"https:\/\/vouzan.fr\/index.php\/wp-json\/wp\/v2\/pages\/544","targetHints":{"allow":["GET"]}}],"collection":[{"href":"https:\/\/vouzan.fr\/index.php\/wp-json\/wp\/v2\/pages"}],"about":[{"href":"https:\/\/vouzan.fr\/index.php\/wp-json\/wp\/v2\/types\/page"}],"author":[{"embeddable":true,"href":"https:\/\/vouzan.fr\/index.php\/wp-json\/wp\/v2\/users\/1"}],"replies":[{"embeddable":true,"href":"https:\/\/vouzan.fr\/index.php\/wp-json\/wp\/v2\/comments?post=544"}],"version-history":[{"count":14,"href":"https:\/\/vouzan.fr\/index.php\/wp-json\/wp\/v2\/pages\/544\/revisions"}],"predecessor-version":[{"id":2533,"href":"https:\/\/vouzan.fr\/index.php\/wp-json\/wp\/v2\/pages\/544\/revisions\/2533"}],"wp:attachment":[{"href":"https:\/\/vouzan.fr\/index.php\/wp-json\/wp\/v2\/media?parent=544"}],"curies":[{"name":"wp","href":"https:\/\/api.w.org\/{rel}","templated":true}]}}