{"id":55,"date":"2018-01-02T18:18:19","date_gmt":"2018-01-02T17:18:19","guid":{"rendered":"http:\/\/vouzan.fr\/?page_id=55"},"modified":"2024-07-01T16:15:59","modified_gmt":"2024-07-01T14:15:59","slug":"la-mairie","status":"publish","type":"page","link":"https:\/\/vouzan.fr\/index.php\/la-mairie\/","title":{"rendered":"La mairie"},"content":{"rendered":"<span itemprop=\"description\"><div>Coordonn\u00e9es<\/div>\n<div>\n<div>\n<div>25 rue de la Mairie &#8211; 16410 VOUZAN<\/div>\n<\/div>\n<\/div>\n<div><\/div>\n<div>\n<div>\n<div>\n<div>T\u00e9l\u00e9phone : 05 45 24 90 78<\/div>\n<\/div>\n<p>M\u00e8l : <a href=\"mailto:mairie.vouzan@orange.fr\">mairie@vouzan.fr<\/a><\/p>\n<h3>Permanence \u00e9lu :<\/h3>\n<\/div>\n<p>Pierre L\u00e9ger au 06 12 77 41 02.<\/p>\n<h1>Horaires d&rsquo;ouverture au public<\/h1>\n<table>\n<tbody>\n<tr>\n<td><\/td>\n<td style=\"text-align: center;\">Matin<\/td>\n<td style=\"text-align: center;\">Apr\u00e8s-midi<\/td>\n<\/tr>\n<tr>\n<td>Lundi<\/td>\n<td style=\"text-align: center;\">9h00 &#8211; 12h00<\/td>\n<td style=\"text-align: center;\">sur rendez-vous<\/td>\n<\/tr>\n<tr>\n<td>Mardi<\/td>\n<td style=\"text-align: center;\">9h00 &#8211; 12h00<\/td>\n<td style=\"text-align: center;\">ferm\u00e9<\/td>\n<\/tr>\n<tr>\n<td>Mercredi<\/td>\n<td style=\"text-align: center;\">t\u00e9l\u00e9travail<\/td>\n<td style=\"text-align: center;\">ferm\u00e9<\/td>\n<\/tr>\n<tr>\n<td>Jeudi<\/td>\n<td style=\"text-align: center;\">ferm\u00e9<\/td>\n<td style=\"text-align: center;\">13h30 &#8211; 17h00<\/td>\n<\/tr>\n<tr>\n<td>Vendredi<\/td>\n<td style=\"text-align: center;\">9h00 &#8211; 12h00<\/td>\n<td style=\"text-align: center;\">ferm\u00e9<\/td>\n<\/tr>\n<\/tbody>\n<\/table>\n<\/div>\n<span>","protected":false},"excerpt":{"rendered":"<p class=\"excerpt\"><span itemprop=\"description\">Coordonn\u00e9es 25 rue de la Mairie &#8211; 16410 VOUZAN T\u00e9l\u00e9phone : 05 45 24 90 78 M\u00e8l : mairie@vouzan.fr Permanence \u00e9lu : Pierre L\u00e9ger au 06 12 77 41 02. Horaires d&rsquo;ouverture au public Matin Apr\u00e8s-midi Lundi 9h00 &#8211; 12h00 sur rendez-vous Mardi 9h00 &#8211;&hellip;<\/span><\/p>\n<p class=\"more-link-p btn-align-center\"><a class=\"turq zoom-btn\" href=\"https:\/\/vouzan.fr\/index.php\/la-mairie\/\">Lire la suite&#8230;<\/a><\/p>\n","protected":false},"author":1,"featured_media":0,"parent":0,"menu_order":0,"comment_status":"closed","ping_status":"closed","template":"","meta":{"_crdt_document":"","footnotes":""},"class_list":["post-55","page","type-page","status-publish","hentry","zoom-theme-has-thumb"],"_links":{"self":[{"href":"https:\/\/vouzan.fr\/index.php\/wp-json\/wp\/v2\/pages\/55","targetHints":{"allow":["GET"]}}],"collection":[{"href":"https:\/\/vouzan.fr\/index.php\/wp-json\/wp\/v2\/pages"}],"about":[{"href":"https:\/\/vouzan.fr\/index.php\/wp-json\/wp\/v2\/types\/page"}],"author":[{"embeddable":true,"href":"https:\/\/vouzan.fr\/index.php\/wp-json\/wp\/v2\/users\/1"}],"replies":[{"embeddable":true,"href":"https:\/\/vouzan.fr\/index.php\/wp-json\/wp\/v2\/comments?post=55"}],"version-history":[{"count":41,"href":"https:\/\/vouzan.fr\/index.php\/wp-json\/wp\/v2\/pages\/55\/revisions"}],"predecessor-version":[{"id":4858,"href":"https:\/\/vouzan.fr\/index.php\/wp-json\/wp\/v2\/pages\/55\/revisions\/4858"}],"wp:attachment":[{"href":"https:\/\/vouzan.fr\/index.php\/wp-json\/wp\/v2\/media?parent=55"}],"curies":[{"name":"wp","href":"https:\/\/api.w.org\/{rel}","templated":true}]}}