{"id":65,"date":"2022-03-12T02:28:26","date_gmt":"2022-03-12T01:28:26","guid":{"rendered":"http:\/\/vouzan.fr\/?page_id=65"},"modified":"2022-10-14T20:57:57","modified_gmt":"2022-10-14T18:57:57","slug":"les-elus-vous-informent","status":"publish","type":"page","link":"https:\/\/vouzan.fr\/index.php\/les-elus-vous-informent\/","title":{"rendered":"Les \u00e9lus vous informent&#8230;"},"content":{"rendered":"<span itemprop=\"description\">\n<div data-wp-interactive=\"core\/file\" class=\"wp-block-file\"><object data-wp-bind--hidden=\"!state.hasPdfPreview\" hidden class=\"wp-block-file__embed\" data=\"https:\/\/vouzan.fr\/wp-content\/uploads\/2022\/10\/Reunion-du-10-octobre-2022.pdf\" type=\"application\/pdf\" style=\"width:100%;height:600px\" aria-label=\"Contenu embarqu\u00e9 Reunion-du-10-octobre-2022.\"><\/object><a id=\"wp-block-file--media-fbc4d02a-3a07-42d7-a770-37010c311f5f\" href=\"https:\/\/vouzan.fr\/wp-content\/uploads\/2022\/10\/Reunion-du-10-octobre-2022.pdf\">Reunion-du-10-octobre-2022<\/a><a href=\"https:\/\/vouzan.fr\/wp-content\/uploads\/2022\/10\/Reunion-du-10-octobre-2022.pdf\" class=\"wp-block-file__button wp-element-button\" download aria-describedby=\"wp-block-file--media-fbc4d02a-3a07-42d7-a770-37010c311f5f\">T\u00e9l\u00e9charger<\/a><\/div>\n\n\n\n<div data-wp-interactive=\"core\/file\" class=\"wp-block-file\"><object data-wp-bind--hidden=\"!state.hasPdfPreview\" hidden class=\"wp-block-file__embed\" data=\"https:\/\/vouzan.fr\/wp-content\/uploads\/2022\/07\/Conseil-municipal-du-4-juillet-2022.pdf\" type=\"application\/pdf\" style=\"width:100%;height:600px\" aria-label=\"Contenu embarqu\u00e9 Conseil-municipal-du-4-juillet-2022.\"><\/object><a id=\"wp-block-file--media-cf6323c4-8bea-4662-a532-3f7426ce73dd\" href=\"https:\/\/vouzan.fr\/wp-content\/uploads\/2022\/07\/Conseil-municipal-du-4-juillet-2022.pdf\">Conseil-municipal-du-4-juillet-2022<\/a><a href=\"https:\/\/vouzan.fr\/wp-content\/uploads\/2022\/07\/Conseil-municipal-du-4-juillet-2022.pdf\" class=\"wp-block-file__button wp-element-button\" download aria-describedby=\"wp-block-file--media-cf6323c4-8bea-4662-a532-3f7426ce73dd\">T\u00e9l\u00e9charger<\/a><\/div>\n\n\n<h2>Comptes-rendus et proc\u00e8s-verbaux du conseil municipal<\/h2>\n<p>-&gt; Retrouvez toutes les d\u00e9lib\u00e9rations en bas de cette page.<\/p>\n<table style=\"border-color: #cfd4e3; height: 690px;\" border=\"4\" width=\"994\">\n<tbody>\n<tr>\n<td>Proc\u00e8s-verbaux<\/td>\n<td>Comptes-rendus<\/td>\n<\/tr>\n<tr>\n<td><a href=\"https:\/\/vouzan.fr\/wp-content\/uploads\/2022\/04\/PV-CM-2022-04-21.pdf\">PV du 21 avril 2022<\/a><\/td>\n<td>&nbsp;<\/td>\n<\/tr>\n<tr>\n<td><a href=\"https:\/\/vouzan.fr\/wp-content\/uploads\/2022\/03\/PV-CM-2022-10-03.pdf\">PV du 10 mars 2022<\/a><\/td>\n<td><a href=\"https:\/\/vouzan.fr\/wp-content\/uploads\/2022\/04\/CR-2022-03-10.pdf\">CR du 10 mars 2022<\/a><\/td>\n<\/tr>\n<tr>\n<td><a href=\"https:\/\/vouzan.fr\/wp-content\/uploads\/2022\/03\/PV-CM-2022-02-21.pdf\">PV du 21 f\u00e9vrier 2022<\/a><\/td>\n<td><a href=\"https:\/\/vouzan.fr\/wp-content\/uploads\/2022\/03\/CR-2022-02-21.pdf\">CR du 21 f\u00e9vrier 2022<\/a><\/td>\n<\/tr>\n<tr>\n<td><a href=\"https:\/\/vouzan.fr\/wp-content\/uploads\/2022\/02\/PV-CM-2022-01-24.pdf\">PV du 24 janvier 2022<\/a><\/td>\n<td><a href=\"https:\/\/vouzan.fr\/wp-content\/uploads\/2022\/02\/COMPTE-RENDU-DU-24.01.2022.pdf\">CR du 24 janvier 2022<\/a><\/td>\n<\/tr>\n<tr>\n<td><a href=\"https:\/\/vouzan.fr\/wp-content\/uploads\/2022\/02\/PV-CM-2029-11-29.pdf\">PV du 29 novembre 2021<\/a><\/td>\n<td><a href=\"https:\/\/vouzan.fr\/wp-content\/uploads\/2022\/02\/COMPTE-RENDU-DU-29.11.2021.pdf\">CR du 29 novembre 2021<\/a><\/td>\n<\/tr>\n<tr>\n<td><a href=\"https:\/\/vouzan.fr\/wp-content\/uploads\/2021\/11\/PV-CM-2021-11-15.pdf\">PV du 15 novembre 2021<\/a><\/td>\n<td><a href=\"https:\/\/vouzan.fr\/wp-content\/uploads\/2021\/11\/CR-2021-11-15.pdf\">CR du 15 novembre 2021<\/a><\/td>\n<\/tr>\n<tr>\n<td><a href=\"https:\/\/vouzan.fr\/wp-content\/uploads\/2021\/11\/PV-CM-2021-10-11-1.pdf\">PV du 11 octobre 2021&prime;<\/a><\/td>\n<td>&nbsp;<\/td>\n<\/tr>\n<tr>\n<td><a href=\"https:\/\/vouzan.fr\/wp-content\/uploads\/2021\/11\/PV-CM-2021-09-13.pdf\">PV du 13 septembre 2021<\/a><\/td>\n<td><a href=\"https:\/\/vouzan.fr\/wp-content\/uploads\/2021\/11\/CR-CM-2021-09-13.pdf\">CR du 13 septembre 2021<\/a><\/td>\n<\/tr>\n<tr>\n<td><a href=\"https:\/\/vouzan.fr\/wp-content\/uploads\/2021\/07\/PV-CM-2021-07-26.pdf\">PV du 26 juillet 2021<\/a><\/td>\n<td>&nbsp;<\/td>\n<\/tr>\n<tr>\n<td><a href=\"https:\/\/vouzan.fr\/wp-content\/uploads\/2021\/06\/PV-CM-2021-06-08.pdf\">PV du 8 juin 2021<\/a><\/td>\n<td>&nbsp;<\/td>\n<\/tr>\n<tr>\n<td><a href=\"https:\/\/vouzan.fr\/wp-content\/uploads\/2021\/04\/PV-CM-2021-04-13.pdf\">PV du 21 avril 2021<\/a><\/td>\n<td><a href=\"https:\/\/vouzan.fr\/wp-content\/uploads\/2021\/04\/CR-CM-2021-04-13.pdf\">CR du 13 avril 2021<\/a><\/td>\n<\/tr>\n<tr>\n<td><a href=\"https:\/\/vouzan.fr\/wp-content\/uploads\/2021\/04\/PV-CM-2021-04-06.pdf\">PV du 6 avril 2021<\/a><\/td>\n<td>&nbsp;<\/td>\n<\/tr>\n<tr>\n<td><a href=\"https:\/\/vouzan.fr\/wp-content\/uploads\/2021\/04\/PV-CM-2021-03-12.pdf\">PV du 21 mars 2021<\/a><\/td>\n<td><a href=\"https:\/\/vouzan.fr\/wp-content\/uploads\/2021\/03\/CR-du-12-mars-2021.pdf\">CR du 12 mars 2021<\/a><\/td>\n<\/tr>\n<tr>\n<td><a href=\"https:\/\/vouzan.fr\/wp-content\/uploads\/2021\/01\/PV-CM-2021-01-22.pdf\">PV du 22 janvier 2021<\/a><\/td>\n<td><a href=\"https:\/\/vouzan.fr\/wp-content\/uploads\/2021\/02\/SKM_C227210208162901.pdf\">CR du 22 janvier 2021<\/a><\/td>\n<\/tr>\n<tr>\n<td>&nbsp;<\/td>\n<td><a href=\"https:\/\/vouzan.fr\/wp-content\/uploads\/2021\/01\/CR-2020-12-11.pdf\">CR du 11 d\u00e9cembre 2020<\/a><\/td>\n<\/tr>\n<tr>\n<td>&nbsp;<\/td>\n<td><a href=\"https:\/\/vouzan.fr\/wp-content\/uploads\/2020\/11\/CR-CM-2020-11-20.pdf\">CR du 20 novembre 2020<\/a><\/td>\n<\/tr>\n<tr>\n<td><a href=\"https:\/\/vouzan.fr\/wp-content\/uploads\/2020\/10\/PV-CM-2020-08-25.pdf\">PV du 25 ao\u00fbt 2020<\/a><\/td>\n<td><a href=\"https:\/\/vouzan.fr\/wp-content\/uploads\/2021\/02\/25.08.2020.pdf\">CR du 25 ao\u00fbt 2020<\/a><\/td>\n<\/tr>\n<tr>\n<td><a href=\"https:\/\/vouzan.fr\/wp-content\/uploads\/2020\/10\/PV-CM-2020-07-21.pdf\">PV du 21 juillet 2020<\/a><\/td>\n<td><a href=\"https:\/\/vouzan.fr\/wp-content\/uploads\/2020\/07\/CR-CM-2020-07-21.pdf\">CR du 21 juillet 2020<\/a><\/td>\n<\/tr>\n<tr>\n<td>&nbsp;<\/td>\n<td><a href=\"https:\/\/vouzan.fr\/wp-content\/uploads\/2020\/07\/CR-CM-2020-07-10.pdf\">CR du 10 juillet 2020<\/a><\/td>\n<\/tr>\n<tr>\n<td><a href=\"http:\/\/vouzan.fr\/wp-content\/uploads\/2020\/06\/PV-CM-2020-06-16.pdf\">PV du 16 juin 2020<\/a><\/td>\n<td><a href=\"https:\/\/vouzan.fr\/wp-content\/uploads\/2021\/02\/16.06.2020.pdf\">CR du 16 juin 2020<\/a><\/td>\n<\/tr>\n<tr>\n<td><a href=\"http:\/\/vouzan.fr\/wp-content\/uploads\/2020\/05\/PV-CM-2020-05-27.pdf\">PV du 27 mai 2020<\/a><\/td>\n<td><a href=\"http:\/\/vouzan.fr\/wp-content\/uploads\/2020\/06\/CR-CM-2020-05-27.pdf\">CR du 27 mai 2020<\/a><\/td>\n<\/tr>\n<tr>\n<td><a href=\"https:\/\/vouzan.fr\/wp-content\/uploads\/2020\/07\/PV-CM-2020-05-23.pdf\">PV du 23 mai 2020<\/a><\/td>\n<td><a href=\"http:\/\/vouzan.fr\/wp-content\/uploads\/2020\/05\/CR-CM-2020-05-23.pdf\">CR du 23 mai 2020<\/a><\/td>\n<\/tr>\n<tr>\n<td><a href=\"http:\/\/vouzan.fr\/wp-content\/uploads\/2020\/03\/PV-CM-2020-02-18.pdf\">PV du 18 f\u00e9vrier 2020<\/a><\/td>\n<td><a href=\"https:\/\/vouzan.fr\/wp-content\/uploads\/2021\/02\/18.02.2020.pdf\">CR du 18 f\u00e9vrier 2020<\/a><\/td>\n<\/tr>\n<tr>\n<td><a href=\"http:\/\/vouzan.fr\/wp-content\/uploads\/2020\/03\/PV-CM-2020-01-20.pdf\">PV du 22 janvier 2020<\/a><\/td>\n<td><a href=\"https:\/\/vouzan.fr\/wp-content\/uploads\/2021\/02\/22.01.2020.pdf\">CR du 22 janvier 2020<\/a><\/td>\n<\/tr>\n<tr>\n<td><a href=\"http:\/\/vouzan.fr\/wp-content\/uploads\/2020\/03\/PV-CM-2019-12-18.pdf\">PV du 18 d\u00e9cembre 2019<\/a><\/td>\n<td><a href=\"https:\/\/vouzan.fr\/wp-content\/uploads\/2021\/02\/18.12.2019.pdf\">CR du 18 d\u00e9cembre 2019<\/a><\/td>\n<\/tr>\n<tr>\n<td><a href=\"http:\/\/vouzan.fr\/wp-content\/uploads\/2020\/03\/PV-CM-2019-11-14.pdf\">PV du 14 novembre 2019<\/a><\/td>\n<td><a href=\"https:\/\/vouzan.fr\/wp-content\/uploads\/2021\/02\/14.11.2019.pdf\">CR du 14 novembre 2019<\/a><\/td>\n<\/tr>\n<tr>\n<td><a href=\"http:\/\/vouzan.fr\/wp-content\/uploads\/2019\/10\/PV-CM-2019-10-16.pdf\">PV du 16 octobre 2019<\/a><\/td>\n<td><a href=\"https:\/\/vouzan.fr\/wp-content\/uploads\/2021\/02\/16.10.2019.pdf\">CR du 16 octobre 2019<\/a><\/td>\n<\/tr>\n<tr>\n<td><a href=\"http:\/\/vouzan.fr\/wp-content\/uploads\/2019\/10\/PV-CM-2019-09-11.pdf\">PV du 11 septembre 2019<\/a><\/td>\n<td><a href=\"http:\/\/vouzan.fr\/wp-content\/uploads\/2019\/09\/CR-CM-2019-09-11.pdf\">CR du 11septembre 2019<\/a><\/td>\n<\/tr>\n<tr>\n<td><a href=\"http:\/\/vouzan.fr\/wp-content\/uploads\/2019\/07\/PV-CM-2019-07-22.pdf\">PV du 27 juillet 2019<\/a><\/td>\n<td><a href=\"http:\/\/vouzan.fr\/wp-content\/uploads\/2019\/07\/CR-CM-2019-07-22.pdf\">CR du 27 juillet 2019<\/a><\/td>\n<\/tr>\n<tr>\n<td><a href=\"http:\/\/vouzan.fr\/wp-content\/uploads\/2019\/07\/PV-CM-2019-06-19.pdf\">PV du 19 juin 2019<\/a><\/td>\n<td><a href=\"http:\/\/vouzan.fr\/wp-content\/uploads\/2019\/06\/CR-2019-06-19.pdf\">CR du 19\/6\/2019<\/a><\/td>\n<\/tr>\n<tr>\n<td><a href=\"http:\/\/vouzan.fr\/wp-content\/uploads\/2019\/04\/PV-CM-2019-04-09.pdf\">PV du 9 avril 2019<\/a><\/td>\n<td style=\"border-color: #49516e;\"><a href=\"http:\/\/vouzan.fr\/wp-content\/uploads\/2019\/04\/CR-du-9-avril-2019.pdf\">CR du 9 avril 2019<\/a><\/td>\n<\/tr>\n<tr>\n<td><a href=\"http:\/\/vouzan.fr\/wp-content\/uploads\/2019\/04\/PV-CM-2019-03-13.pdf\">PV du 13 mars 2019<\/a><\/td>\n<td><a href=\"https:\/\/vouzan.fr\/wp-content\/uploads\/2021\/02\/13.03.2019.pdf\">CR du 13 mars 2019<\/a><\/td>\n<\/tr>\n<tr>\n<td><a href=\"http:\/\/vouzan.fr\/wp-content\/uploads\/2019\/03\/PV-CM-2019-02-27.pdf\">PV du 27\/2\/2019<\/a><\/td>\n<td><a href=\"http:\/\/vouzan.fr\/wp-content\/uploads\/2019\/03\/CR-CM-2019-02-27.pdf\">CR du 27\/2\/2019<\/a><\/td>\n<\/tr>\n<tr>\n<td><a href=\"http:\/\/vouzan.fr\/wp-content\/uploads\/2019\/02\/PV-CM-2019-01-30.pdf\">PV du 30\/1\/2019<\/a><\/td>\n<td><a href=\"http:\/\/vouzan.fr\/wp-content\/uploads\/2019\/02\/CR-2019-01-30.pdf\">CR du 30\/1\/2019<\/a><\/td>\n<\/tr>\n<tr>\n<td><a href=\"http:\/\/vouzan.fr\/wp-content\/uploads\/2019\/01\/PV-CM-2018-12-19.pdf\">PV du 19\/12\/2018<\/a><\/td>\n<td><a href=\"http:\/\/vouzan.fr\/wp-content\/uploads\/2019\/01\/CR-CM-2018-12-19.pdf\">CR du 19\/12:2018<\/a><\/td>\n<\/tr>\n<tr>\n<td><a href=\"http:\/\/vouzan.fr\/wp-content\/uploads\/2018\/11\/PV-CM-2018-11-21.pdf\">PV du 21\/11\/2018<\/a><\/td>\n<td><a href=\"http:\/\/vouzan.fr\/wp-content\/uploads\/2018\/11\/CR-2018-11-21.pdf\">CR du 21\/11\/2018<\/a><\/td>\n<\/tr>\n<tr>\n<td><a href=\"http:\/\/vouzan.fr\/wp-content\/uploads\/2018\/09\/PV-CM-2018-09-04.pdf\" target=\"_blank\" rel=\"noopener noreferrer\">PV du 4\/9\/2018<\/a><\/td>\n<td><a href=\"http:\/\/vouzan.fr\/wp-content\/uploads\/2018\/09\/CR-CM-2018-09-04-1.pdf\" target=\"_blank\" rel=\"noopener noreferrer\">CR du 4\/9\/2018<\/a><\/td>\n<\/tr>\n<tr>\n<td><a href=\"http:\/\/vouzan.fr\/wp-content\/uploads\/2018\/07\/PV-CM-2018-07-05.pdf\">PV du 5\/7\/2018<\/a><\/td>\n<td><a href=\"http:\/\/vouzan.fr\/wp-content\/uploads\/2018\/07\/CR-2018-07-05.pdf\">CR du 5\/7\/2018<\/a><\/td>\n<\/tr>\n<tr>\n<td><a href=\"http:\/\/vouzan.fr\/wp-content\/uploads\/2018\/07\/PV-CM-2018-06-05.pdf\">PV du 5\/6\/2018<\/a><\/td>\n<td><a href=\"http:\/\/vouzan.fr\/wp-content\/uploads\/2018\/07\/CR-2018-06-05.pdf\">CR du 5\/6\/2018<\/a><\/td>\n<\/tr>\n<tr>\n<td><a href=\"http:\/\/vouzan.fr\/wp-content\/uploads\/2018\/04\/PV-CM-2018-04-06-M.pdf\" target=\"_blank\" rel=\"noopener noreferrer\">PV du 6\/4\/2018<\/a><\/td>\n<td><a href=\"http:\/\/vouzan.fr\/wp-content\/uploads\/2018\/04\/COMPTE-RENDU-DU-6-AVRIL-2018.pdf\">CR du<\/a><a href=\"http:\/\/vouzan.fr\/wp-content\/uploads\/2018\/04\/COMPTE-RENDU-DU-6-AVRIL-2018.pdf\" target=\"_blank\" rel=\"noopener noreferrer\"> 6\/4\/2018<\/a><\/td>\n<\/tr>\n<tr>\n<td><a href=\"http:\/\/vouzan.fr\/wp-content\/uploads\/2018\/03\/PV-CM-2018-03-06.pdf\">PV du 6\/3\/2018<\/a><\/td>\n<td><a href=\"http:\/\/vouzan.fr\/wp-content\/uploads\/2018\/03\/CR-CM-2018-03-06.pdf\">CR du 6\/3\/2018<\/a><\/td>\n<\/tr>\n<tr>\n<td><a href=\"http:\/\/vouzan.fr\/wp-content\/uploads\/2018\/02\/PV-CM-2018-02-06.pdf\" target=\"_blank\" rel=\"noopener noreferrer\">PV du 6\/2\/2018<\/a><\/td>\n<td><a href=\"http:\/\/vouzan.fr\/wp-content\/uploads\/2018\/02\/CR-CM-2018-02-06.pdf\" target=\"_blank\" rel=\"noopener noreferrer\">CR du 6\/2\/2018<\/a><\/td>\n<\/tr>\n<tr>\n<td><a href=\"http:\/\/vouzan.fr\/wp-content\/uploads\/2018\/03\/Vouzan-PV-CM-2018-01-10-Marie.pdf\">PV du 10\/1\/2018<\/a><\/td>\n<td><a href=\"http:\/\/vouzan.fr\/wp-content\/uploads\/2018\/01\/Vouzan-CR-CM-2018-01-10.pdf\">CR du 10\/1\/2018<\/a><\/td>\n<\/tr>\n<tr>\n<td><a href=\"http:\/\/vouzan.fr\/wp-content\/uploads\/2018\/01\/Vouzan-PV-CM-2017-11-30.pdf\">PV du 30\/11\/2017<\/a><\/td>\n<td><a href=\"http:\/\/vouzan.fr\/wp-content\/uploads\/2017\/12\/Vouzan-CR-CM-2017-11-30.pdf\">CR du 30\/11\/ 2017<\/a><\/td>\n<\/tr>\n<tr>\n<td><a href=\"http:\/\/vouzan.fr\/wp-content\/uploads\/2017\/11\/Vouzan-PV-CM-2017-11-07.pdf\">PV du 7\/11\/2017<\/a><\/td>\n<td><a href=\"http:\/\/vouzan.fr\/wp-content\/uploads\/2017\/11\/Vouzan-CR-CM-2017-11-07.pdf\">CR du 7\/11\/2017<\/a><\/td>\n<\/tr>\n<tr>\n<td><a href=\"http:\/\/vouzan.fr\/wp-content\/uploads\/2017\/11\/Vouzan-PV-CM-2017-10-16-annexes.pdf\">PV du 16\/10\/2017 &amp; annexes<\/a><\/td>\n<td><a href=\"http:\/\/vouzan.fr\/wp-content\/uploads\/2017\/11\/CR-du-16-octobre-2017.pdf\">CR du 16\/10\/2017<\/a><\/td>\n<\/tr>\n<tr>\n<td><a href=\"http:\/\/vouzan.fr\/wp-content\/uploads\/2017\/09\/Vouzan-PV-CM-2017-09-20.pdf\">PV du 20\/9\/2017<\/a><\/td>\n<td><a href=\"http:\/\/vouzan.fr\/wp-content\/uploads\/2017\/09\/COMPTE-RENDU-DU-20-SEPTEMBRE.pdf\">CR du 20\/9\/2017<\/a><\/td>\n<\/tr>\n<tr>\n<td><a href=\"http:\/\/vouzan.fr\/wp-content\/uploads\/2017\/11\/Conseil-municipal-de-Vouzan-PV-2017-07-11-1.pdf\">PV du 11\/7\/2017<\/a><\/td>\n<td><a href=\"http:\/\/vouzan.fr\/wp-content\/uploads\/2017\/11\/Vouzan-CR-CM-2017-07-11.pdf\">CR du 7\/11\/2017<\/a><\/td>\n<\/tr>\n<tr>\n<td><a href=\"http:\/\/vouzan.fr\/wp-content\/uploads\/2017\/11\/Conseil-municipal-de-Vouzan-2017-06-12.pdf\">PV du 12\/6\/2017<\/a><\/td>\n<td><a href=\"http:\/\/vouzan.fr\/wp-content\/uploads\/2017\/11\/Vouzan-CR-CM-2017-06-12.pdf\">CR du 12\/6\/2017<\/a><\/td>\n<\/tr>\n<tr>\n<td><a href=\"https:\/\/docs.google.com\/viewer?a=v&amp;pid=sites&amp;srcid=ZGVmYXVsdGRvbWFpbnxjb21tdW5lZGV2b3V6YW4yfGd4OjU1Y2Q5MjUxN2NmMjZhZDM\" target=\"_blank\" rel=\"noopener noreferrer\">PV du 25\/4\/2017 <\/a><\/td>\n<td>&nbsp;<\/td>\n<\/tr>\n<tr>\n<td><a href=\"https:\/\/docs.google.com\/viewer?a=v&amp;pid=sites&amp;srcid=ZGVmYXVsdGRvbWFpbnxjb21tdW5lZGV2b3V6YW4yfGd4OjIwNGIwNzdjOTEwMThjMjA\" target=\"_blank\" rel=\"noopener noreferrer\">PV du 07\/4\/2017<\/a><\/td>\n<td>&nbsp;<\/td>\n<\/tr>\n<\/tbody>\n<\/table>\n<h2>D\u00e9lib\u00e9rations<br><code><iframe loading=\"lazy\" src=\"https:\/\/pubacte.atd16.fr\/index.php?group=250\" width=\"100%\" height=\"1000\" frameborder=\"0\" scrolling=\"yes\"><\/iframe><\/code><\/h2>\n<p><span style=\"color: #0000ff;\">&nbsp;<\/span><\/p>\n<p><span style=\"color: #0000ff;\">&nbsp;&nbsp;&nbsp;&nbsp;&nbsp;&nbsp;&nbsp;&nbsp; <\/span><\/p>\n\n<span>","protected":false},"excerpt":{"rendered":"<p class=\"excerpt\"><span itemprop=\"description\">Comptes-rendus et proc\u00e8s-verbaux du conseil municipal -&gt; Retrouvez toutes les d\u00e9lib\u00e9rations en bas de cette page. Proc\u00e8s-verbaux Comptes-rendus PV du 21 avril 2022 &nbsp; PV du 10 mars 2022 CR du 10 mars 2022 PV du 21 f\u00e9vrier 2022 CR du 21 f\u00e9vrier 2022 PV&hellip;<\/span><\/p>\n<p class=\"more-link-p btn-align-center\"><a class=\"turq zoom-btn\" href=\"https:\/\/vouzan.fr\/index.php\/les-elus-vous-informent\/\">Lire la suite&#8230;<\/a><\/p>\n","protected":false},"author":1,"featured_media":0,"parent":0,"menu_order":0,"comment_status":"closed","ping_status":"closed","template":"","meta":{"_crdt_document":"","footnotes":""},"class_list":["post-65","page","type-page","status-publish","hentry","zoom-theme-has-thumb"],"_links":{"self":[{"href":"https:\/\/vouzan.fr\/index.php\/wp-json\/wp\/v2\/pages\/65","targetHints":{"allow":["GET"]}}],"collection":[{"href":"https:\/\/vouzan.fr\/index.php\/wp-json\/wp\/v2\/pages"}],"about":[{"href":"https:\/\/vouzan.fr\/index.php\/wp-json\/wp\/v2\/types\/page"}],"author":[{"embeddable":true,"href":"https:\/\/vouzan.fr\/index.php\/wp-json\/wp\/v2\/users\/1"}],"replies":[{"embeddable":true,"href":"https:\/\/vouzan.fr\/index.php\/wp-json\/wp\/v2\/comments?post=65"}],"version-history":[{"count":81,"href":"https:\/\/vouzan.fr\/index.php\/wp-json\/wp\/v2\/pages\/65\/revisions"}],"predecessor-version":[{"id":4295,"href":"https:\/\/vouzan.fr\/index.php\/wp-json\/wp\/v2\/pages\/65\/revisions\/4295"}],"wp:attachment":[{"href":"https:\/\/vouzan.fr\/index.php\/wp-json\/wp\/v2\/media?parent=65"}],"curies":[{"name":"wp","href":"https:\/\/api.w.org\/{rel}","templated":true}]}}