{"id":84,"date":"2017-05-26T15:54:39","date_gmt":"2017-05-26T13:54:39","guid":{"rendered":"http:\/\/vouzan.fr\/?page_id=84"},"modified":"2026-03-22T21:32:00","modified_gmt":"2026-03-22T20:32:00","slug":"le-conseil-municipal","status":"publish","type":"page","link":"https:\/\/vouzan.fr\/index.php\/le-conseil-municipal\/","title":{"rendered":"Le conseil municipal"},"content":{"rendered":"<span itemprop=\"description\">\n<figure class=\"wp-block-image size-large\"><img loading=\"lazy\" decoding=\"async\" width=\"1024\" height=\"713\" src=\"https:\/\/vouzan.fr\/wp-content\/uploads\/2026\/03\/CM-2026-03-1b-1024x713.jpg\" alt=\"\" class=\"wp-image-5033\" srcset=\"https:\/\/vouzan.fr\/wp-content\/uploads\/2026\/03\/CM-2026-03-1b-1024x713.jpg 1024w, https:\/\/vouzan.fr\/wp-content\/uploads\/2026\/03\/CM-2026-03-1b-300x209.jpg 300w, https:\/\/vouzan.fr\/wp-content\/uploads\/2026\/03\/CM-2026-03-1b-768x535.jpg 768w, https:\/\/vouzan.fr\/wp-content\/uploads\/2026\/03\/CM-2026-03-1b.jpg 1191w\" sizes=\"auto, (max-width: 1024px) 100vw, 1024px\" \/><\/figure>\n\n\n\n<p class=\"wp-block-paragraph\">L\u2019organisation et le fonctionnement des communes rel\u00e8vent du Code G\u00e9n\u00e9ral des Collectivit\u00e9s Territoriales <a href=\"https:\/\/www.legifrance.gouv.fr\/affichCode.do?cidTexte=LEGITEXT000006070633\" target=\"_blank\" rel=\"noreferrer noopener\"><em>(C.G.C.T<\/em>.)<\/a><\/p>\n\n\n\n<p class=\"wp-block-paragraph\">Lors des \u00e9lections municipales du 15 mars 2026, ont \u00e9t\u00e9 \u00e9lus : <\/p>\n\n\n\n<p class=\"wp-block-paragraph\">Maire : Thierry Hureau<\/p>\n\n\n\n<p class=\"wp-block-paragraph\">Adjoints au maire : Pierre L\u00e9ger, Sabine Navarot, Christophe Trillaud et Delphine Laizet.<\/p>\n\n\n\n<p class=\"wp-block-paragraph\">Conseillers municipaux : Thomas Bodin, Rudy Brochard, Julie Gaudoin, Thierry Guillaume, Rapha\u00eblle Nowak, Audrey Quessard, Ludovic Rouede, Julie Saumon, France Stivil et Monique Thomas.<\/p>\n\n\n\n<p class=\"wp-block-paragraph\">Le conseil si\u00e8ge \u00e0 la mairie, les s\u00e9ances sont publiques et les habitants y ont libre acc\u00e8s. Toutefois, le public ne peut pas intervenir dans les d\u00e9bats \u00e0 moins d&rsquo;y \u00eatre invit\u00e9 par le maire ou le pr\u00e9sident de s\u00e9ance. Les habitants peuvent toutefois transmettre par \u00e9crit au maire ou \u00e0 un conseiller toutes questions qu&rsquo;ils souhaitent soumettre au conseil municipal dans le cadre des questions diverses.<\/p>\n\n\n\n<p class=\"wp-block-paragraph\">Les convocations pour les r\u00e9unions du conseil municipal sont affich\u00e9es en mairie et publi\u00e9es sur le site internet de la commune et sur l&rsquo;application Intramuros.<\/p>\n<span>","protected":false},"excerpt":{"rendered":"<p class=\"excerpt\"><span itemprop=\"description\">L\u2019organisation et le fonctionnement des communes rel\u00e8vent du Code G\u00e9n\u00e9ral des Collectivit\u00e9s Territoriales (C.G.C.T.) Lors des \u00e9lections municipales du 15 mars 2026, ont \u00e9t\u00e9 \u00e9lus : Maire : Thierry Hureau Adjoints au maire : Pierre L\u00e9ger, Sabine Navarot, Christophe Trillaud et Delphine Laizet. Conseillers municipaux&hellip;<\/span><\/p>\n<p class=\"more-link-p btn-align-center\"><a class=\"turq zoom-btn\" href=\"https:\/\/vouzan.fr\/index.php\/le-conseil-municipal\/\">Lire la suite&#8230;<\/a><\/p>\n","protected":false},"author":1,"featured_media":0,"parent":0,"menu_order":0,"comment_status":"closed","ping_status":"closed","template":"","meta":{"_crdt_document":"","footnotes":""},"class_list":["post-84","page","type-page","status-publish","hentry","zoom-theme-has-thumb"],"_links":{"self":[{"href":"https:\/\/vouzan.fr\/index.php\/wp-json\/wp\/v2\/pages\/84","targetHints":{"allow":["GET"]}}],"collection":[{"href":"https:\/\/vouzan.fr\/index.php\/wp-json\/wp\/v2\/pages"}],"about":[{"href":"https:\/\/vouzan.fr\/index.php\/wp-json\/wp\/v2\/types\/page"}],"author":[{"embeddable":true,"href":"https:\/\/vouzan.fr\/index.php\/wp-json\/wp\/v2\/users\/1"}],"replies":[{"embeddable":true,"href":"https:\/\/vouzan.fr\/index.php\/wp-json\/wp\/v2\/comments?post=84"}],"version-history":[{"count":28,"href":"https:\/\/vouzan.fr\/index.php\/wp-json\/wp\/v2\/pages\/84\/revisions"}],"predecessor-version":[{"id":5034,"href":"https:\/\/vouzan.fr\/index.php\/wp-json\/wp\/v2\/pages\/84\/revisions\/5034"}],"wp:attachment":[{"href":"https:\/\/vouzan.fr\/index.php\/wp-json\/wp\/v2\/media?parent=84"}],"curies":[{"name":"wp","href":"https:\/\/api.w.org\/{rel}","templated":true}]}}