{"id":91,"date":"2017-05-26T15:56:56","date_gmt":"2017-05-26T13:56:56","guid":{"rendered":"http:\/\/vouzan.fr\/?page_id=91"},"modified":"2026-03-22T21:42:05","modified_gmt":"2026-03-22T20:42:05","slug":"les-commissions","status":"publish","type":"page","link":"https:\/\/vouzan.fr\/index.php\/les-commissions\/","title":{"rendered":"Les commissions"},"content":{"rendered":"<span itemprop=\"description\">\n<p class=\"wp-block-paragraph\">Les commissions municipales (<a href=\"http:\/\/www.legifrance.gouv.fr\/affichCodeArticle.do?cidTexte=LEGITEXT000006070633&amp;idArticle=LEGIARTI000006389881&amp;dateTexte=20091219\" target=\"_blank\" rel=\"noreferrer noopener\">article L 2121-22 du Code g\u00e9n\u00e9ral des collectivit\u00e9s territoriales<\/a>) sont des groupes de travail constitu\u00e9s de conseillers municipaux. Elles sont pr\u00e9sid\u00e9es par le maire.<\/p>\n\n\n\n<p class=\"wp-block-paragraph\">Leur r\u00f4le est d\u2019\u00e9tudier les questions soumises au conseil municipal. Ces commissions effectuent l\u2019\u00e9laboration r\u00e9elle des d\u00e9cisions municipales mais elles n\u2019ont aucun pouvoir de d\u00e9cision. Ainsi elles pr\u00e9parent le travail et les d\u00e9lib\u00e9rations du conseil au cours de s\u00e9ances qui ne sont pas publiques.<\/p>\n\n\n\n<p class=\"wp-block-paragraph\">Afin de remplir au mieux leur fonction, les commissions peuvent entendre sur invitation les services d\u2019experts, de sp\u00e9cialistes, ou de personnes ext\u00e9rieures dont les comp\u00e9tences techniques ou l\u2019avis \u00e9clair\u00e9 peut leur \u00eatre utiles sur certains sujets.<\/p>\n\n\n\n<p class=\"wp-block-paragraph\">Le conseil municipal fixe le nombre de conseillers par commission et d\u00e9signe ceux qui y si\u00e8geront. D\u00e8s leur premi\u00e8re r\u00e9union, les membres d\u00e9signent un vice-pr\u00e9sident, le plus souvent parmi les adjoints, qui, en l\u2019absence du Maire, convoque la commission et pr\u00e9side les s\u00e9ances.<\/p>\n\n\n\n<hr class=\"wp-block-separator has-alpha-channel-opacity\"\/>\n\n\n\n<h3 class=\"wp-block-heading\">Les commissions.<\/h3>\n\n\n\n<p class=\"wp-block-paragraph\">Les commissions et leurs membres ont \u00e9t\u00e9 d\u00e9finis lors du Conseil Municipal du 19 janvier 2024. Selon l\u2019article 2121-22 du CGCT, le maire de la commune est pr\u00e9sident de droit de chaque commission.<\/p>\n\n\n\n<p class=\"wp-block-paragraph\">Au sein de notre conseil municipal, plusieurs commissions jouent un r\u00f4le essentiel dans le dynamisme et le d\u00e9veloppement de notre commune. Voici un aper\u00e7u des missions qui leur incombent :<\/p>\n\n\n\n<ol class=\"wp-block-list\">\n<li>Commission F\u00eates et C\u00e9r\u00e9monies : Cette commission est en charge de l&rsquo;organisation des \u00e9v\u00e9nements festifs et des c\u00e9r\u00e9monies officielles. Elle veille \u00e0 promouvoir la vie culturelle et sociale de notre commune en proposant des<br>manifestations qui rassemblent les habitants, renforcent le lien social et c\u00e9l\u00e8brent notre patrimoine local.<\/li>\n\n\n\n<li>Commission Communication : La communication est un vecteur fondamental pour maintenir le lien entre la mairie et les citoyens. Cette commission a pour mission d&rsquo;informer les habitants sur les actions du conseil municipal, les projets en cours et les \u00e9v\u00e9nements \u00e0 venir. Elle utilise divers supports (bulletins municipaux, r\u00e9seaux sociaux, site Internet) pour assurer une communication transparente et efficace.<\/li>\n\n\n\n<li>Commission Vie Scolaire : Investie dans l&rsquo;\u00e9ducation et le bien-\u00eatre des jeunes, cette commission travaille en collaboration avec l&rsquo;Ecole pour am\u00e9liorer les conditions d&rsquo;accueil et d&rsquo;apprentissage. Elle est \u00e9galement impliqu\u00e9e dans la maintenance des b\u00e2timents scolaires, dans l&rsquo;organisation du Restaurant scolaire en lien avec les agents de restauration, et dans le soutien aux familles, contribuant ainsi \u00e0 une \u00e9ducation de qualit\u00e9 pour tous les enfants de notre commune.<\/li>\n\n\n\n<li>Commission Voirie et Chemins Ruraux : La commission en charge de la voirie et des chemins ruraux ouvre \u00e0 l&rsquo;entretien et \u00e0 l&rsquo;am\u00e9lioration des infrastructures. Son r\u00f4le est crucial pour garantir la s\u00e9curit\u00e9 et l&rsquo;accessibilit\u00e9 des routes et des chemins,<br>tout en prenant en compte les besoins des usagers, qu&rsquo;ils soient pi\u00e9tons, cyclistes ou automobilistes.<\/li>\n\n\n\n<li>Commission Travaux : la commission travaux est responsable de la planification, du suivi et de l&rsquo;ex\u00e9cution des projets de construction et de r\u00e9novation sur le territoire communal. Elle veille \u00e0 ce que les travaux respectent les normes en vigueur et<br>r\u00e9pondent aux attentes des habitants, tout en int\u00e9grant les enjeux environnementaux et durables.<\/li>\n<\/ol>\n\n\n\n<p class=\"wp-block-paragraph\"><br>Chaque commission est un pilier de notre action collective, ensemble, travaillons pour faire de notre commune un lieu o\u00f9 il fait bon vivre.<\/p>\n<span>","protected":false},"excerpt":{"rendered":"<p class=\"excerpt\"><span itemprop=\"description\">Les commissions municipales (article L 2121-22 du Code g\u00e9n\u00e9ral des collectivit\u00e9s territoriales) sont des groupes de travail constitu\u00e9s de conseillers municipaux. Elles sont pr\u00e9sid\u00e9es par le maire. Leur r\u00f4le est d\u2019\u00e9tudier les questions soumises au conseil municipal. Ces commissions effectuent l\u2019\u00e9laboration r\u00e9elle des d\u00e9cisions municipales&hellip;<\/span><\/p>\n<p class=\"more-link-p btn-align-center\"><a class=\"turq zoom-btn\" href=\"https:\/\/vouzan.fr\/index.php\/les-commissions\/\">Lire la suite&#8230;<\/a><\/p>\n","protected":false},"author":1,"featured_media":0,"parent":0,"menu_order":0,"comment_status":"closed","ping_status":"closed","template":"","meta":{"_crdt_document":"","footnotes":""},"class_list":["post-91","page","type-page","status-publish","hentry","zoom-theme-has-thumb"],"_links":{"self":[{"href":"https:\/\/vouzan.fr\/index.php\/wp-json\/wp\/v2\/pages\/91","targetHints":{"allow":["GET"]}}],"collection":[{"href":"https:\/\/vouzan.fr\/index.php\/wp-json\/wp\/v2\/pages"}],"about":[{"href":"https:\/\/vouzan.fr\/index.php\/wp-json\/wp\/v2\/types\/page"}],"author":[{"embeddable":true,"href":"https:\/\/vouzan.fr\/index.php\/wp-json\/wp\/v2\/users\/1"}],"replies":[{"embeddable":true,"href":"https:\/\/vouzan.fr\/index.php\/wp-json\/wp\/v2\/comments?post=91"}],"version-history":[{"count":47,"href":"https:\/\/vouzan.fr\/index.php\/wp-json\/wp\/v2\/pages\/91\/revisions"}],"predecessor-version":[{"id":5040,"href":"https:\/\/vouzan.fr\/index.php\/wp-json\/wp\/v2\/pages\/91\/revisions\/5040"}],"wp:attachment":[{"href":"https:\/\/vouzan.fr\/index.php\/wp-json\/wp\/v2\/media?parent=91"}],"curies":[{"name":"wp","href":"https:\/\/api.w.org\/{rel}","templated":true}]}}