{"id":92,"date":"2017-05-26T15:56:56","date_gmt":"2017-05-26T13:56:56","guid":{"rendered":"http:\/\/vouzan.fr\/?page_id=92"},"modified":"2017-10-10T11:08:46","modified_gmt":"2017-10-10T09:08:46","slug":"les-anciens-maires-de-1793-a-nos-jours","status":"publish","type":"page","link":"https:\/\/vouzan.fr\/index.php\/les-anciens-maires-de-1793-a-nos-jours\/","title":{"rendered":"Les anciens maires de 1793 \u00e0 nos jours"},"content":{"rendered":"<span itemprop=\"description\"><h4>Premi\u00e8re R\u00e9publique, du 22 septembre 1792 au 18 mai 1804<\/h4>\n<div id=\"sites-canvas-main\" style=\"padding-left: 30px;\">Jean PIERRE, maire de 1793 \u00e0 l&rsquo;An V de la R\u00e9publique<\/div>\n<div style=\"padding-left: 30px;\">Pierre RENOU, maire de l&rsquo;An VI de la R\u00e9publique au 18 mai 1804<\/div>\n<h4>Premier Empire, du 18 mai 1804 au 6 avril 1814<\/h4>\n<div style=\"padding-left: 30px;\">Pierre RENOU, maire du 18 mai 1804 \u00e0 1807<\/div>\n<div style=\"padding-left: 30px;\">Achille, L\u00e9onard, Jean-Fran\u00e7ois HERAULT maire de 1807 au 6 avril 1814<\/div>\n<h4>Premi\u00e8re Restauration du 6 avril 1814 \u00e0 mars 1815<\/h4>\n<div style=\"padding-left: 30px;\">Achille, L\u00e9onard, Jean-Fran\u00e7ois HERAULT maire du 6 avril 1814 \u00e0 mars 1815<\/div>\n<h4>Cent-Jours du 20 mars au <time datetime=\"1815-07-08\">8 juillet 1815<\/time><\/h4>\n<div style=\"padding-left: 30px;\">Nicolas, Maurice DULAU, maire de mars 1815 \u00e0 (\u00e0 v\u00e9rifier)<\/div>\n<h4>Seconde restauration du 08 juillet 1815 \u00e0 juillet 1830<\/h4>\n<div style=\"padding-left: 30px;\">Nicolas, Maurice DULAU, maire de 1815 \u00e0 1826<\/div>\n<h4>Monarchie de Juillet de juillet 1830 au 24 f\u00e9vrier 1848<\/h4>\n<div style=\"padding-left: 30px;\">Antoine DELAGE, maire de 1826 \u00e0 1829<\/div>\n<div style=\"padding-left: 30px;\">Barth\u00e9l\u00e9my GARAUD, maire de 1830 \u00e0 1848<\/div>\n<h4>La Deuxi\u00e8me R\u00e9publique, du 24 f\u00e9vrier 1848 au 2 d\u00e9cembre 1852<\/h4>\n<div style=\"padding-left: 30px;\">Pierre, D\u00e9sir VALLIER, maire de 1848 \u00e0 1852<\/div>\n<h4>Second Empire 1852 &#8211; 1870<\/h4>\n<div style=\"padding-left: 30px;\">Pierre, D\u00e9sir VALLIER, maire de 1852 \u00e0 1855<\/div>\n<div style=\"padding-left: 30px;\">Fran\u00e7ois, Nelson PAUTIER, maire de 1855 \u00e0 1865<\/div>\n<div style=\"padding-left: 30px;\">Jean SABOURDIN, maire de 1865 \u00e0 1870<\/div>\n<h4>Troisi\u00e8me R\u00e9publique 1870 \u00e0 1940<\/h4>\n<div style=\"padding-left: 30px;\">Jean SABOURDIN, maire de 1870 \u00e0 1890 (d\u00e9c\u00e9d\u00e9 durant son mandat de maire le 3 d\u00e9cembre 1890 &#8211; remplac\u00e9 par son adjoint Pierre L\u00e9ger jusqu&rsquo;en avril 1891)<\/div>\n<div style=\"padding-left: 30px;\">Fran\u00e7ois Dubois, maire de 1891 \u00e0 1900<\/div>\n<div style=\"padding-left: 30px;\">Jacques, Adrien DURUISSAUD, maire de 1900 \u00e0 1920<\/div>\n<div style=\"padding-left: 30px;\">Alfred DURUISSAUD, maire de 1921 \u00e0 1940<\/div>\n<h4 id=\"sites-canvas-bottom-panel\">L&rsquo;Occupation &#8211; Le gouvernement de Vichy du 17 juin 1940 au 08 mai 1945<\/h4>\n<div style=\"padding-left: 30px;\">Alfred DURUISSAUD, maire de 1940 \u00e0 1943<\/div>\n<h4>Le Gouvernement Provisoire (GRPF) de juin 1944 \u00e0 octobre 1946<\/h4>\n<div style=\"padding-left: 30px;\">Alfred DURUISSAUD, maire de 1943 \u00e0 1946<\/div>\n<h4>Quatri\u00e8me r\u00e9publique du <time datetime=\"1946-10-27\">27 octobre 1946<\/time> au <time datetime=\"1958-10-04\">4 octobre 1958<\/time>.<\/h4>\n<div style=\"padding-left: 30px;\">Victor BARRAUD, maire de 1946 \u00e0 1952<\/div>\n<h4>Cinqui\u00e8me R\u00e9publique du 4 octobre 1958 \u00e0 nos jours<\/h4>\n<div style=\"padding-left: 30px;\">Fernand ROUGIER, maire 1963 \u00e0 1966<\/div>\n<div style=\"padding-left: 30px;\">Aristide GACON, maire de 1966 \u00e0 1971<\/div>\n<div style=\"padding-left: 30px;\">Gabriel POURTAIN, maire de 1971 \u00e0 1989<\/div>\n<div style=\"padding-left: 30px;\">Robert TRUFLANDIER, maire de 1989 \u00e0 2001<\/div>\n<div style=\"padding-left: 30px;\">Jean REMOND, maire de 2001 \u00e0 2014<\/div>\n<div style=\"padding-left: 30px;\">Jacqueline LACROIX, maire de 2014 au 7 septembre 2017<\/div>\n<div><\/div>\n<div><\/div>\n<span>","protected":false},"excerpt":{"rendered":"<p class=\"excerpt\"><span itemprop=\"description\">Premi\u00e8re R\u00e9publique, du 22 septembre 1792 au 18 mai 1804 Jean PIERRE, maire de 1793 \u00e0 l&rsquo;An V de la R\u00e9publique Pierre RENOU, maire de l&rsquo;An VI de la R\u00e9publique au 18 mai 1804 Premier Empire, du 18 mai 1804 au 6 avril 1814 Pierre&hellip;<\/span><\/p>\n<p class=\"more-link-p btn-align-center\"><a class=\"turq zoom-btn\" href=\"https:\/\/vouzan.fr\/index.php\/les-anciens-maires-de-1793-a-nos-jours\/\">Lire la suite&#8230;<\/a><\/p>\n","protected":false},"author":1,"featured_media":0,"parent":0,"menu_order":0,"comment_status":"closed","ping_status":"closed","template":"","meta":{"_crdt_document":"","footnotes":""},"class_list":["post-92","page","type-page","status-publish","hentry","zoom-theme-has-thumb"],"_links":{"self":[{"href":"https:\/\/vouzan.fr\/index.php\/wp-json\/wp\/v2\/pages\/92","targetHints":{"allow":["GET"]}}],"collection":[{"href":"https:\/\/vouzan.fr\/index.php\/wp-json\/wp\/v2\/pages"}],"about":[{"href":"https:\/\/vouzan.fr\/index.php\/wp-json\/wp\/v2\/types\/page"}],"author":[{"embeddable":true,"href":"https:\/\/vouzan.fr\/index.php\/wp-json\/wp\/v2\/users\/1"}],"replies":[{"embeddable":true,"href":"https:\/\/vouzan.fr\/index.php\/wp-json\/wp\/v2\/comments?post=92"}],"version-history":[{"count":29,"href":"https:\/\/vouzan.fr\/index.php\/wp-json\/wp\/v2\/pages\/92\/revisions"}],"predecessor-version":[{"id":1764,"href":"https:\/\/vouzan.fr\/index.php\/wp-json\/wp\/v2\/pages\/92\/revisions\/1764"}],"wp:attachment":[{"href":"https:\/\/vouzan.fr\/index.php\/wp-json\/wp\/v2\/media?parent=92"}],"curies":[{"name":"wp","href":"https:\/\/api.w.org\/{rel}","templated":true}]}}